{"id":2211,"date":"2024-10-08T11:17:00","date_gmt":"2024-10-08T11:17:00","guid":{"rendered":"https:\/\/ixchiq.ca\/hcp\/references\/"},"modified":"2025-03-21T12:33:33","modified_gmt":"2025-03-21T12:33:33","slug":"references","status":"publish","type":"page","link":"https:\/\/ixchiq.ca\/hcp\/fr\/references\/","title":{"rendered":"R\u00e9f\u00e9rences"},"content":{"rendered":"\t\t<div data-elementor-type=\"wp-page\" data-elementor-id=\"2211\" class=\"elementor elementor-2211 elementor-31\" data-elementor-post-type=\"page\">\n\t\t\t\t<div class=\"elementor-element elementor-element-d5eae7a e-flex e-con-boxed e-con e-parent\" data-id=\"d5eae7a\" data-element_type=\"container\">\n\t\t\t\t\t<div class=\"e-con-inner\">\n\t\t\t\t<div class=\"elementor-element elementor-element-32cb640 elementor-widget-divider--view-line elementor-widget elementor-widget-divider\" data-id=\"32cb640\" data-element_type=\"widget\" data-widget_type=\"divider.default\">\n\t\t\t\t<div class=\"elementor-widget-container\">\n\t\t\t\t\t\t\t<div class=\"elementor-divider\">\n\t\t\t<span class=\"elementor-divider-separator\">\n\t\t\t\t\t\t<\/span>\n\t\t<\/div>\n\t\t\t\t\t\t<\/div>\n\t\t\t\t<\/div>\n\t\t\t\t<div class=\"elementor-element elementor-element-626d6cb elementor-widget elementor-widget-page-title\" data-id=\"626d6cb\" data-element_type=\"widget\" data-widget_type=\"page-title.default\">\n\t\t\t\t<div class=\"elementor-widget-container\">\n\t\t\t\t\t\t\t\n\t\t<div class=\"hfe-page-title hfe-page-title-wrapper elementor-widget-heading\">\n\n\t\t\t\t\t\t\t\t<h2 class=\"elementor-heading-title elementor-size-default\">\n\t\t\t\t\t\t\t\t\n\t\t\t\tR\u00e9f\u00e9rences  \n\t\t\t<\/h2 > \n\t\t\t\t\t<\/div>\n\t\t\t\t\t\t<\/div>\n\t\t\t\t<\/div>\n\t\t\t\t<div class=\"elementor-element elementor-element-fcae8a6 elementor-widget elementor-widget-text-editor\" data-id=\"fcae8a6\" data-element_type=\"widget\" data-widget_type=\"text-editor.default\">\n\t\t\t\t<div class=\"elementor-widget-container\">\n\t\t\t\t\t\t\t\t\t<ol class=\"list\"><li>Monographie d\u2019IXCHIQ<sup>MC<\/sup>. 20\u00a0juin 2024.<\/li><li>Donn\u00e9es internes sur IXCHIQ<sup>MC<\/sup>. 2024.<\/li><li>Organisation mondiale de la Sant\u00e9. Chikungunya. Publi\u00e9 le 8 d\u00e9cembre 2022. Consult\u00e9 le 13 mars 2024. Disponible au : <a href=\"https:\/\/www.who.int\/fr\/news-room\/fact-sheets\/detail\/chikungunya\">https:\/\/www.who.int\/fr\/news-room\/fact-sheets\/detail\/chikungunya<\/a>.<\/li><li>Craig J, <em>et al<\/em>. Diagnostic challenges in chikungunya infection. 2015;41(1):6<span data-huuid=\"4551658303484043144\">\u2013<\/span>10.<\/li><li>Organisation mondiale de la Sant\u00e9. Chikungunya Overview. Consult\u00e9 le 18 juillet 2024. Disponible au\u00a0: <a href=\"https:\/\/www.who.int\/health-topics\/chikungunya#tab=tab_1\">https:\/\/www.who.int\/health-topics\/chikungunya#tab=tab_1<\/a>.<\/li><li>Thiberville, SD, <em>et al<\/em>. Chikungunya fever: epidemiology, clinical syndrome, pathogenesis and therapy<em>. Antivir Res.<\/em> 2013;99(3):345<span data-huuid=\"4551658303484043144\">\u2013<\/span>370.<\/li><li>Sahadeo N, <em>et al<\/em>. Molecular characterisation of chikungunya virus infections in Trinidad and comparison of clinical and laboratory features with dengue and other acute febrile cases.<em> PLoS Negl Trop Dis<\/em>. 2015;9(11):e0004199.<\/li><li>De Roo AM, <i>et al<\/i>. The global health and economic burden of chikungunya from 2011 to 2020: a model-driven analysis on the impact of an emerging vector-borne disease. <i>BMJ Glob Health<\/i>. 2024;9:1<span data-huuid=\"4551658303484043144\">\u2013<\/span>11.<\/li><li>Puntasecca CJ, King CH, LaBeaud AD. Measuring the global burden of chikungunya and Zika viruses: A systematic review.<em> PLoS Negl Trop Dis. <\/em>2021;15(3):e0009055.<\/li><li>Centers for Disease Control and Prevention. Areas at risk for chikungunya. Mis \u00e0 jour le 8 novembre 2024. Consult\u00e9 le 16 janvier 2025. Disponible au : <a href=\"https:\/\/www.cdc.gov\/chikungunya\/data-maps\/index.html\">https:\/\/www.cdc.gov\/chikungunya\/data-maps\/index.html<\/a>.<\/li><li>de Souza, <em>et al<\/em>. Pathophysiology of chikungunya virus infection associated with fatal outcomes.<em> Cell Host Microbe.<\/em> 2024;32:606\u2013622.<\/li><li>European Centre for Disease Prevention and Control. Chikungunya worldwide overview. 16 janvier 2025. Disponible au\u00a0: <a href=\"https:\/\/www.ecdc.europa.eu\/en\/chikungunya-monthly\">https:\/\/www.ecdc.europa.eu\/en\/chikungunya-monthly<\/a>.<\/li><li>Boggild AK. <em>et al<\/em>. Chikungunya in travellers returning to Canada: Surveillance report from CanTravNet surveillance data, 2006 to 2015. <em>J Assoc Med Microbiol Infect Dis Can<\/em>. 2016;1(3):1<span data-huuid=\"4551658303484043144\">\u2013<\/span>16.<\/li><li>Suhrbier A. Rheumatic manifestations of chikungunya: emerging concepts and interventions. <em>Nat Rev. <\/em>2019;15:597<span data-huuid=\"4551658303484043144\">\u2013<\/span>611.<\/li><li>Centers for Disease Control and Prevention. Chikungunya in India. Consult\u00e9 le 16 janvier 2025. Disponible au\u00a0: <a href=\"https:\/\/wwwnc.cdc.gov\/travel\/notices\/level2\/chikungunya-telangana-india\">https:\/\/wwwnc.cdc.gov\/travel\/notices\/level2\/chikungunya-telangana-india<\/a>.<\/li><li>Staples JE, Hills S, Powers A. Chapter 4: Chikungunya\/ Dans : Nemhauser J, ed. <em>CDC Yellow Book 2024.<\/em> Centers for Disease Control and Prevention. Consult\u00e9 le 13 mars 2024. Disponible au\u00a0: <a href=\"https:\/\/wwwnc.cdc.gov\/travel\/yellowbook\/2024\/infections-diseases\/chikungunya\">https:\/\/wwwnc.cdc.gov\/travel\/yellowbook\/2024\/infections-diseases\/chikungunya<\/a>.<\/li><li>Bettis AA, <em>et al<\/em>. The global epidemiology of chikungunya from 1999 to 2020: A systematic literature review to inform the development and introduction of vaccines. <em>PLoS Negl Trop Dis. <\/em>2022 6(1): e0010069.<\/li><li>Nemg Simo FB, <em>et al<\/em>. Chikungunya virus diagnosis: A review of current antigen detection methods. <em>Trop Med Infect Dis. <\/em>2023;8(7):365.<\/li><li>Pathak H, <em>et al<\/em>. Chikungunya arthritis. <em>Clin Med. <\/em>2019;19(5):381\u2013385.<\/li><li>Silva L, Dermody T. Chikungunya virus: epidemiology, replication, disease mechanisms, and prospective intervention strategies. <em>J Clin Invest<\/em>. 2017;127(3):737<span data-huuid=\"4551658303484043144\">\u2013<\/span>749.<\/li><li>Paix\u00e3o ES, <em>et al<\/em>. Chikungunya chronic disease: a systematic review and meta-analysis. <em>Trans R Soc Trop Med Hyg. <\/em>2018;1123(7):301<span data-huuid=\"4551658303484043144\">\u2013<\/span>316.<\/li><li>Marques CDL, <em>et al<\/em>. Recommendations of the Brazilian Society of Rheumatology for diagnosis and treatment of Chikungunya fever. Part 1 \u2013 Diagnosis and special situations. <em>Rev Bras Reumatol.<\/em> 2017;57(S2):S421<span data-huuid=\"4551658303484043144\">\u2013<\/span>S437.<\/li><li>Essackjee K, <em>et al<\/em>. Prevalence of and risk factors for chronic arthralgia and rheumatoid-like polyarthritis more than 2 years after infection with chikungunya virus. <em>Postgrad Med J.<\/em> 2013;89(1054):440<span data-huuid=\"4551658303484043144\">\u2013<\/span>447.<\/li><li>Organisation mondiale de la Sant\u00e9. Guidelines on Clinical Management of Chikungunya Fever. Publi\u00e9 en octobre 2008. Consult\u00e9 le 25 juillet 2024. Disponible au\u00a0: <a href=\"https:\/\/iris.who.int\/bitstream\/handle\/10665\/205178\/B3234.pdf?sequence=1\">https:\/\/iris.who.int\/bitstream\/handle\/10665\/205178\/B3234.pdf?sequence=1<\/a>.<\/li><li>Schneider, M., <em>et al<\/em>. Safety and immunogenicity of a single-shot live-attenuated chikungunya vaccine: a double-blind, multicentre, randomised, placebo-controlled, phase\u00a03 trial. <em>The Lancet.<\/em> 2023;401:2138\u20132147.<\/li><li>Centers for Disease Control and Prevention. ACIP Recommendations. Mis \u00e0 jour le 6\u00a0mars 2024. Consult\u00e9 le 18 avril 2024. Disponible au\u00a0: <a href=\"https:\/\/www.cdc.gov\/vaccines\/acip\/recommendations.html\">https:\/\/www.cdc.gov\/vaccines\/acip\/recommendations.html<\/a>.<\/li><li>Centers for Disease Control and Prevention. Factors to assess when considering use of chikungunya vaccine. Mis \u00e0 jour le 15 mai 2024. Consult\u00e9 le 19 juillet 2024.<br \/>Disponible au : <a href=\"https:\/\/www.cdc.gov\/chikungunya\/media\/pdfs\/2024\/05\/Chikungunya-vaccine-risk-factors-508.pdf\">https:\/\/www.cdc.gov\/chikungunya\/media\/pdfs\/2024\/05\/Chikungunya-vaccine-risk-factors-508.pdf<\/a>. <\/li><\/ol>\t\t\t\t\t\t\t\t<\/div>\n\t\t\t\t<\/div>\n\t\t\t\t\t<\/div>\n\t\t\t\t<\/div>\n\t\t\t\t<\/div>\n\t\t","protected":false},"excerpt":{"rendered":"<p>R\u00e9f\u00e9rences Monographie d\u2019IXCHIQMC. 20\u00a0juin 2024. Donn\u00e9es internes sur IXCHIQMC. 2024. Organisation mondiale de la Sant\u00e9. Chikungunya. Publi\u00e9 le 8 d\u00e9cembre 2022. Consult\u00e9 le 13 mars 2024. Disponible au : https:\/\/www.who.int\/fr\/news-room\/fact-sheets\/detail\/chikungunya. Craig J, et al. Diagnostic challenges in chikungunya infection. 2015;41(1):6\u201310. Organisation mondiale de la Sant\u00e9. Chikungunya Overview. Consult\u00e9 le 18 juillet 2024. Disponible au\u00a0: https:\/\/www.who.int\/health-topics\/chikungunya#tab=tab_1. [&hellip;]<\/p>\n","protected":false},"author":1,"featured_media":0,"parent":0,"menu_order":0,"comment_status":"closed","ping_status":"closed","template":"elementor_header_footer","meta":{"footnotes":""},"class_list":["post-2211","page","type-page","status-publish","hentry"],"yoast_head":"<!-- This site is optimized with the Yoast SEO plugin v26.8 - https:\/\/yoast.com\/product\/yoast-seo-wordpress\/ -->\n<title>R\u00e9f\u00e9rences - Ixchiq HCP<\/title>\n<meta name=\"robots\" content=\"index, follow, max-snippet:-1, max-image-preview:large, max-video-preview:-1\" \/>\n<link rel=\"canonical\" href=\"https:\/\/ixchiq.ca\/hcp\/fr\/references\/\" \/>\n<meta property=\"og:locale\" content=\"fr_FR\" \/>\n<meta property=\"og:type\" content=\"article\" \/>\n<meta property=\"og:title\" content=\"R\u00e9f\u00e9rences - Ixchiq HCP\" \/>\n<meta property=\"og:description\" content=\"R\u00e9f\u00e9rences Monographie d\u2019IXCHIQMC. 20\u00a0juin 2024. Donn\u00e9es internes sur IXCHIQMC. 2024. Organisation mondiale de la Sant\u00e9. Chikungunya. Publi\u00e9 le 8 d\u00e9cembre 2022. Consult\u00e9 le 13 mars 2024. Disponible au : https:\/\/www.who.int\/fr\/news-room\/fact-sheets\/detail\/chikungunya. Craig J, et al. Diagnostic challenges in chikungunya infection. 2015;41(1):6\u201310. Organisation mondiale de la Sant\u00e9. Chikungunya Overview. Consult\u00e9 le 18 juillet 2024. Disponible au\u00a0: https:\/\/www.who.int\/health-topics\/chikungunya#tab=tab_1. [&hellip;]\" \/>\n<meta property=\"og:url\" content=\"https:\/\/ixchiq.ca\/hcp\/fr\/references\/\" \/>\n<meta property=\"og:site_name\" content=\"Ixchiq HCP\" \/>\n<meta property=\"article:modified_time\" content=\"2025-03-21T12:33:33+00:00\" \/>\n<meta name=\"twitter:card\" content=\"summary_large_image\" \/>\n<meta name=\"twitter:label1\" content=\"Dur\u00e9e de lecture estim\u00e9e\" \/>\n\t<meta name=\"twitter:data1\" content=\"3 minutes\" \/>\n<script type=\"application\/ld+json\" class=\"yoast-schema-graph\">{\"@context\":\"https:\/\/schema.org\",\"@graph\":[{\"@type\":\"WebPage\",\"@id\":\"https:\/\/ixchiq.ca\/hcp\/fr\/references\/\",\"url\":\"https:\/\/ixchiq.ca\/hcp\/fr\/references\/\",\"name\":\"R\u00e9f\u00e9rences - Ixchiq HCP\",\"isPartOf\":{\"@id\":\"https:\/\/ixchiq.ca\/hcp\/fr\/#website\"},\"datePublished\":\"2024-10-08T11:17:00+00:00\",\"dateModified\":\"2025-03-21T12:33:33+00:00\",\"breadcrumb\":{\"@id\":\"https:\/\/ixchiq.ca\/hcp\/fr\/references\/#breadcrumb\"},\"inLanguage\":\"fr-FR\",\"potentialAction\":[{\"@type\":\"ReadAction\",\"target\":[\"https:\/\/ixchiq.ca\/hcp\/fr\/references\/\"]}]},{\"@type\":\"BreadcrumbList\",\"@id\":\"https:\/\/ixchiq.ca\/hcp\/fr\/references\/#breadcrumb\",\"itemListElement\":[{\"@type\":\"ListItem\",\"position\":1,\"name\":\"Home\",\"item\":\"https:\/\/ixchiq.ca\/hcp\/fr\/\"},{\"@type\":\"ListItem\",\"position\":2,\"name\":\"R\u00e9f\u00e9rences\"}]},{\"@type\":\"WebSite\",\"@id\":\"https:\/\/ixchiq.ca\/hcp\/fr\/#website\",\"url\":\"https:\/\/ixchiq.ca\/hcp\/fr\/\",\"name\":\"Ixchiq HCP\",\"description\":\"\",\"publisher\":{\"@id\":\"https:\/\/ixchiq.ca\/hcp\/fr\/#organization\"},\"potentialAction\":[{\"@type\":\"SearchAction\",\"target\":{\"@type\":\"EntryPoint\",\"urlTemplate\":\"https:\/\/ixchiq.ca\/hcp\/fr\/?s={search_term_string}\"},\"query-input\":{\"@type\":\"PropertyValueSpecification\",\"valueRequired\":true,\"valueName\":\"search_term_string\"}}],\"inLanguage\":\"fr-FR\"},{\"@type\":\"Organization\",\"@id\":\"https:\/\/ixchiq.ca\/hcp\/fr\/#organization\",\"name\":\"Ixchiq HCP\",\"url\":\"https:\/\/ixchiq.ca\/hcp\/fr\/\",\"logo\":{\"@type\":\"ImageObject\",\"inLanguage\":\"fr-FR\",\"@id\":\"https:\/\/ixchiq.ca\/hcp\/fr\/#\/schema\/logo\/image\/\",\"url\":\"https:\/\/ixchiq.ca\/hcp\/wp-content\/uploads\/2024\/10\/ixchiq-1.png\",\"contentUrl\":\"https:\/\/ixchiq.ca\/hcp\/wp-content\/uploads\/2024\/10\/ixchiq-1.png\",\"width\":500,\"height\":140,\"caption\":\"Ixchiq HCP\"},\"image\":{\"@id\":\"https:\/\/ixchiq.ca\/hcp\/fr\/#\/schema\/logo\/image\/\"}}]}<\/script>\n<!-- \/ Yoast SEO plugin. -->","yoast_head_json":{"title":"R\u00e9f\u00e9rences - Ixchiq HCP","robots":{"index":"index","follow":"follow","max-snippet":"max-snippet:-1","max-image-preview":"max-image-preview:large","max-video-preview":"max-video-preview:-1"},"canonical":"https:\/\/ixchiq.ca\/hcp\/fr\/references\/","og_locale":"fr_FR","og_type":"article","og_title":"R\u00e9f\u00e9rences - Ixchiq HCP","og_description":"R\u00e9f\u00e9rences Monographie d\u2019IXCHIQMC. 20\u00a0juin 2024. Donn\u00e9es internes sur IXCHIQMC. 2024. Organisation mondiale de la Sant\u00e9. Chikungunya. Publi\u00e9 le 8 d\u00e9cembre 2022. Consult\u00e9 le 13 mars 2024. Disponible au : https:\/\/www.who.int\/fr\/news-room\/fact-sheets\/detail\/chikungunya. Craig J, et al. Diagnostic challenges in chikungunya infection. 2015;41(1):6\u201310. Organisation mondiale de la Sant\u00e9. Chikungunya Overview. Consult\u00e9 le 18 juillet 2024. Disponible au\u00a0: https:\/\/www.who.int\/health-topics\/chikungunya#tab=tab_1. [&hellip;]","og_url":"https:\/\/ixchiq.ca\/hcp\/fr\/references\/","og_site_name":"Ixchiq HCP","article_modified_time":"2025-03-21T12:33:33+00:00","twitter_card":"summary_large_image","twitter_misc":{"Dur\u00e9e de lecture estim\u00e9e":"3 minutes"},"schema":{"@context":"https:\/\/schema.org","@graph":[{"@type":"WebPage","@id":"https:\/\/ixchiq.ca\/hcp\/fr\/references\/","url":"https:\/\/ixchiq.ca\/hcp\/fr\/references\/","name":"R\u00e9f\u00e9rences - Ixchiq HCP","isPartOf":{"@id":"https:\/\/ixchiq.ca\/hcp\/fr\/#website"},"datePublished":"2024-10-08T11:17:00+00:00","dateModified":"2025-03-21T12:33:33+00:00","breadcrumb":{"@id":"https:\/\/ixchiq.ca\/hcp\/fr\/references\/#breadcrumb"},"inLanguage":"fr-FR","potentialAction":[{"@type":"ReadAction","target":["https:\/\/ixchiq.ca\/hcp\/fr\/references\/"]}]},{"@type":"BreadcrumbList","@id":"https:\/\/ixchiq.ca\/hcp\/fr\/references\/#breadcrumb","itemListElement":[{"@type":"ListItem","position":1,"name":"Home","item":"https:\/\/ixchiq.ca\/hcp\/fr\/"},{"@type":"ListItem","position":2,"name":"R\u00e9f\u00e9rences"}]},{"@type":"WebSite","@id":"https:\/\/ixchiq.ca\/hcp\/fr\/#website","url":"https:\/\/ixchiq.ca\/hcp\/fr\/","name":"Ixchiq HCP","description":"","publisher":{"@id":"https:\/\/ixchiq.ca\/hcp\/fr\/#organization"},"potentialAction":[{"@type":"SearchAction","target":{"@type":"EntryPoint","urlTemplate":"https:\/\/ixchiq.ca\/hcp\/fr\/?s={search_term_string}"},"query-input":{"@type":"PropertyValueSpecification","valueRequired":true,"valueName":"search_term_string"}}],"inLanguage":"fr-FR"},{"@type":"Organization","@id":"https:\/\/ixchiq.ca\/hcp\/fr\/#organization","name":"Ixchiq HCP","url":"https:\/\/ixchiq.ca\/hcp\/fr\/","logo":{"@type":"ImageObject","inLanguage":"fr-FR","@id":"https:\/\/ixchiq.ca\/hcp\/fr\/#\/schema\/logo\/image\/","url":"https:\/\/ixchiq.ca\/hcp\/wp-content\/uploads\/2024\/10\/ixchiq-1.png","contentUrl":"https:\/\/ixchiq.ca\/hcp\/wp-content\/uploads\/2024\/10\/ixchiq-1.png","width":500,"height":140,"caption":"Ixchiq HCP"},"image":{"@id":"https:\/\/ixchiq.ca\/hcp\/fr\/#\/schema\/logo\/image\/"}}]}},"_links":{"self":[{"href":"https:\/\/ixchiq.ca\/hcp\/fr\/wp-json\/wp\/v2\/pages\/2211","targetHints":{"allow":["GET"]}}],"collection":[{"href":"https:\/\/ixchiq.ca\/hcp\/fr\/wp-json\/wp\/v2\/pages"}],"about":[{"href":"https:\/\/ixchiq.ca\/hcp\/fr\/wp-json\/wp\/v2\/types\/page"}],"author":[{"embeddable":true,"href":"https:\/\/ixchiq.ca\/hcp\/fr\/wp-json\/wp\/v2\/users\/1"}],"replies":[{"embeddable":true,"href":"https:\/\/ixchiq.ca\/hcp\/fr\/wp-json\/wp\/v2\/comments?post=2211"}],"version-history":[{"count":31,"href":"https:\/\/ixchiq.ca\/hcp\/fr\/wp-json\/wp\/v2\/pages\/2211\/revisions"}],"predecessor-version":[{"id":3398,"href":"https:\/\/ixchiq.ca\/hcp\/fr\/wp-json\/wp\/v2\/pages\/2211\/revisions\/3398"}],"wp:attachment":[{"href":"https:\/\/ixchiq.ca\/hcp\/fr\/wp-json\/wp\/v2\/media?parent=2211"}],"curies":[{"name":"wp","href":"https:\/\/api.w.org\/{rel}","templated":true}]}}