{"id":2209,"date":"2024-10-08T10:35:04","date_gmt":"2024-10-08T10:35:04","guid":{"rendered":"https:\/\/ixchiq.ca\/hcp\/safety-information\/"},"modified":"2025-03-21T13:38:26","modified_gmt":"2025-03-21T13:38:26","slug":"renseignements-sur-linnocuite","status":"publish","type":"page","link":"https:\/\/ixchiq.ca\/hcp\/fr\/renseignements-sur-linnocuite\/","title":{"rendered":"Renseignements sur l\u2019innocuit\u00e9"},"content":{"rendered":"\t\t<div data-elementor-type=\"wp-page\" data-elementor-id=\"2209\" class=\"elementor elementor-2209 elementor-21\" data-elementor-post-type=\"page\">\n\t\t\t\t<div class=\"elementor-element elementor-element-08bef8d e-flex e-con-boxed e-con e-parent\" data-id=\"08bef8d\" data-element_type=\"container\">\n\t\t\t\t\t<div class=\"e-con-inner\">\n\t\t<div class=\"elementor-element elementor-element-e5bc0cd e-con-full e-flex e-con e-child\" data-id=\"e5bc0cd\" data-element_type=\"container\">\n\t\t<div class=\"elementor-element elementor-element-c1b82a0 e-con-full e-flex e-con e-child\" data-id=\"c1b82a0\" data-element_type=\"container\">\n\t\t\t\t<div class=\"elementor-element elementor-element-46c3f41 elementor-widget-divider--view-line elementor-widget elementor-widget-divider\" data-id=\"46c3f41\" data-element_type=\"widget\" data-widget_type=\"divider.default\">\n\t\t\t\t<div class=\"elementor-widget-container\">\n\t\t\t\t\t\t\t<div class=\"elementor-divider\">\n\t\t\t<span class=\"elementor-divider-separator\">\n\t\t\t\t\t\t<\/span>\n\t\t<\/div>\n\t\t\t\t\t\t<\/div>\n\t\t\t\t<\/div>\n\t\t\t\t<div class=\"elementor-element elementor-element-11eb824 elementor-widget elementor-widget-heading\" data-id=\"11eb824\" data-element_type=\"widget\" data-widget_type=\"heading.default\">\n\t\t\t\t<div class=\"elementor-widget-container\">\n\t\t\t\t\t<h1 class=\"elementor-heading-title elementor-size-default\">RENSEIGNEMENTS SUR L\u2019INNOCUIT\u00c9 D\u2019IXCHIQ<sup>MC1<\/sup><\/h1>\t\t\t\t<\/div>\n\t\t\t\t<\/div>\n\t\t\t\t<\/div>\n\t\t<div class=\"elementor-element elementor-element-8605e22 e-con-full e-flex e-con e-child\" data-id=\"8605e22\" data-element_type=\"container\">\n\t\t\t\t<div class=\"elementor-element elementor-element-65020e7 elementor-widget elementor-widget-text-editor\" data-id=\"65020e7\" data-element_type=\"widget\" data-widget_type=\"text-editor.default\">\n\t\t\t\t<div class=\"elementor-widget-container\">\n\t\t\t\t\t\t\t\t\t<strong><u>Utilisation clinique :<\/u><\/strong>\t\t\t\t\t\t\t\t<\/div>\n\t\t\t\t<\/div>\n\t\t\t\t<div class=\"elementor-element elementor-element-3f1a708 elementor-widget elementor-widget-text-editor\" data-id=\"3f1a708\" data-element_type=\"widget\" data-widget_type=\"text-editor.default\">\n\t\t\t\t<div class=\"elementor-widget-container\">\n\t\t\t\t\t\t\t\t\t<p><strong>P\u00e9diatrie (&lt;\u00a018\u00a0ans)\u00a0: <\/strong>L\u2019innocuit\u00e9 et l\u2019immunog\u00e9nicit\u00e9 du vaccin IXCHIQ<sup>MC<\/sup> n\u2019ont pas encore \u00e9t\u00e9 \u00e9tablies. Par cons\u00e9quent, l\u2019indication d\u2019utilisation dans la population p\u00e9diatrique n\u2019est pas autoris\u00e9e par Sant\u00e9 Canada.\u00a0<\/p>\t\t\t\t\t\t\t\t<\/div>\n\t\t\t\t<\/div>\n\t\t\t\t<div class=\"elementor-element elementor-element-38aca3c elementor-widget elementor-widget-text-editor\" data-id=\"38aca3c\" data-element_type=\"widget\" data-widget_type=\"text-editor.default\">\n\t\t\t\t<div class=\"elementor-widget-container\">\n\t\t\t\t\t\t\t\t\t<strong>G\u00e9riatrie (\u2265\u00a065\u00a0ans)\u00a0: <\/strong>Les \u00e9tudes cliniques du vaccin IXCHIQ<sup>MC<\/sup> incluent les personnes \u00e2g\u00e9es de 65\u00a0ans et plus, et les donn\u00e9es cliniques contribuent \u00e0 l\u2019\u00e9valuation de l\u2019innocuit\u00e9 et de l\u2019immunog\u00e9nicit\u00e9 dans cette population.\t\t\t\t\t\t\t\t<\/div>\n\t\t\t\t<\/div>\n\t\t\t\t<\/div>\n\t\t<div class=\"elementor-element elementor-element-494cc6e e-con-full e-flex e-con e-child\" data-id=\"494cc6e\" data-element_type=\"container\">\n\t\t\t\t<div class=\"elementor-element elementor-element-7751923 elementor-widget elementor-widget-text-editor\" data-id=\"7751923\" data-element_type=\"widget\" data-widget_type=\"text-editor.default\">\n\t\t\t\t<div class=\"elementor-widget-container\">\n\t\t\t\t\t\t\t\t\t<strong><u>Contre-indications :<\/u><\/strong>\t\t\t\t\t\t\t\t<\/div>\n\t\t\t\t<\/div>\n\t\t\t\t<div class=\"elementor-element elementor-element-68629e8 elementor-widget elementor-widget-text-editor\" data-id=\"68629e8\" data-element_type=\"widget\" data-widget_type=\"text-editor.default\">\n\t\t\t\t<div class=\"elementor-widget-container\">\n\t\t\t\t\t\t\t\t\t<ul class=\"para\">\n \t<li>Personnes ayant des ant\u00e9c\u00e9dents d\u2019immunod\u00e9ficience (p.\u00a0ex., en raison de tumeurs h\u00e9matologiques ou solides, d\u2019une chimioth\u00e9rapie, d\u2019une immunod\u00e9ficience cong\u00e9nitale, d\u2019un traitement immunosuppresseur \u00e0 long terme ou patients infect\u00e9s par le VIH qui sont gravement immunod\u00e9prim\u00e9s).<\/li>\n \t<li>Patients pr\u00e9sentant une hypersensibilit\u00e9 \u00e0 ce vaccin ou \u00e0 l\u2019un des ingr\u00e9dients de la formulation ou des composants du contenant.<\/li>\n \t<li>Grossesse. Chez les femmes en \u00e2ge de procr\u00e9er, il est conseill\u00e9 d\u2019\u00e9viter toute grossesse pendant un mois suivant la vaccination.<\/li>\n<\/ul>\t\t\t\t\t\t\t\t<\/div>\n\t\t\t\t<\/div>\n\t\t\t\t<\/div>\n\t\t<div class=\"elementor-element elementor-element-1bee12b e-con-full e-flex e-con e-child\" data-id=\"1bee12b\" data-element_type=\"container\">\n\t\t\t\t<div class=\"elementor-element elementor-element-37f7952 elementor-widget elementor-widget-text-editor\" data-id=\"37f7952\" data-element_type=\"widget\" data-widget_type=\"text-editor.default\">\n\t\t\t\t<div class=\"elementor-widget-container\">\n\t\t\t\t\t\t\t\t\t<strong><u>Mises en garde et pr\u00e9cautions pertinentes :<\/u><\/strong>\t\t\t\t\t\t\t\t<\/div>\n\t\t\t\t<\/div>\n\t\t\t\t<div class=\"elementor-element elementor-element-96f3155 elementor-widget elementor-widget-text-editor\" data-id=\"96f3155\" data-element_type=\"widget\" data-widget_type=\"text-editor.default\">\n\t\t\t\t<div class=\"elementor-widget-container\">\n\t\t\t\t\t\t\t\t\t<ul class=\"para\">\n \t<li>IXCHIQ<sup>MC<\/sup> doit \u00eatre administr\u00e9 par injection intramusculaire (IM) seulement.<\/li>\n \t<li>Comme avec tous les vaccins, la vaccination par IXCHIQ<sup>MC<\/sup> doit \u00eatre report\u00e9e chez les personnes souffrant d\u2019une maladie f\u00e9brile grave et aigu\u00eb ou d\u2019une infection.<\/li>\n \t<li>Une syncope (\u00e9vanouissement) peut se produire apr\u00e8s ou m\u00eame avant toute vaccination comme r\u00e9action vasovagale due \u00e0 l\u2019injection via l\u2019aiguille, r\u00e9action li\u00e9e \u00e0 l\u2019anxi\u00e9t\u00e9. Il est important de prendre des pr\u00e9cautions pour \u00e9viter toute blessure due aux \u00e9vanouissements.<\/li>\n \t<li>La vaccination avec IXCHIQ<sup>MC<\/sup> peut ne pas prot\u00e9ger toutes les personnes. Il est recommand\u00e9 de poursuivre les mesures de protection individuelles contre les piq\u00fbres de moustiques apr\u00e8s la vaccination.<\/li>\n \t<li>Un traitement m\u00e9dical et une surveillance appropri\u00e9s doivent toujours \u00eatre disponibles en cas de r\u00e9action anaphylactique apr\u00e8s l\u2019administration d\u2019IXCHIQ<sup>MC<\/sup>.<\/li>\n \t<li>Aucune \u00e9tude n&rsquo;a \u00e9t\u00e9 r\u00e9alis\u00e9e sur les effets d&rsquo;IXCHIQ<sup>MC<\/sup> sur l&rsquo;aptitude \u00e0 conduire et \u00e0 utiliser des machines. Il convient d&rsquo;\u00eatre prudent lors de la conduite d&rsquo;un v\u00e9hicule ou l\u2019utilisation d&rsquo;une machine potentiellement dangereuse.<\/li>\n \t<li>Comme pour toutes injections intramusculaires, IXCHIQ<sup>MC<\/sup> doit \u00eatre administr\u00e9 avec pr\u00e9caution aux personnes souffrant de thrombocytop\u00e9nie ou de tout trouble de la coagulation car des saignements peuvent survenir apr\u00e8s une administration intramusculaire chez ces personnes.<\/li>\n \t<li>Les donn\u00e9es disponibles chez les adultes ayant des ant\u00e9c\u00e9dents d&rsquo;arthrite \u00e0 m\u00e9diation immunitaire ou cliniquement pertinente ne sont pas suffisantes pour d\u00e9terminer l\u2019innocuit\u00e9 d&rsquo;IXCHIQ<sup>MC<\/sup>, car cette condition \u00e9tait un crit\u00e8re d&rsquo;exclusion dans les essais cliniques.<\/li>\n \t<li>La toxicologie d\u2019IXCHIQ<sup>MC<\/sup> sur la reproduction et le d\u00e9veloppement a \u00e9t\u00e9 \u00e9valu\u00e9e dans le cadre d\u2019une \u00e9tude unique de toxicit\u00e9 sur le d\u00e9veloppement pr\u00e9natal et postnatal chez des rates gravides. Aucun effet ind\u00e9sirable sur la fertilit\u00e9 de la femelle ou lors de l\u2019examen du f\u0153tus n\u2019a \u00e9t\u00e9 observ\u00e9. Aucune \u00e9tude n\u2019a \u00e9t\u00e9 r\u00e9alis\u00e9e sur la fertilit\u00e9 du m\u00e2le.<\/li>\n \t<li>Les donn\u00e9es disponibles chez les femmes enceintes ne sont pas suffisantes pour d\u00e9terminer l\u2019innocuit\u00e9 d\u2019IXCHIQ<sup>MC<\/sup> sur la grossesse, le d\u00e9veloppement embryonnaire et f\u0153tal, l\u2019accouchement et le d\u00e9veloppement postnatal.<\/li>\n \t<li>La transmission verticale du virus du chikungunya (CHIKV), entre des m\u00e8res pr\u00e9sentant une vir\u00e9mie lors de l\u2019accouchement et leurs nourrissons, a \u00e9t\u00e9 signal\u00e9e et peut provoquer une maladie neurologique grave et potentiellement mortelle chez les nouveau-n\u00e9s.<\/li>\n \t<li>La vir\u00e9mie vaccinale peut survenir 3 \u00e0 7\u00a0jours apr\u00e8s la vaccination et dispara\u00eet 14\u00a0jours apr\u00e8s la vaccination. Le potentiel de transmission du virus du vaccin de la m\u00e8re \u00e0 l\u2019enfant n\u2019est pas connu.<\/li>\n \t<li>Les femmes qui ont re\u00e7u IXCHIQ<sup>MC<\/sup> pendant leur grossesse sont invit\u00e9es \u00e0 d\u00e9clarer toute exposition ou tout effet ind\u00e9sirable soup\u00e7onn\u00e9 \u00e0 Valneva Canada, ou \u00e0 demander \u00e0 leur professionnel de la sant\u00e9 de le faire.<\/li>\n \t<li>On ne sait pas si le virus du vaccin est excr\u00e9t\u00e9 dans le lait maternel. Des pr\u00e9cautions doivent \u00eatre prises.<\/li>\n \t<li>Tout test de laboratoire effectu\u00e9 dans les 2\u00a0semaines suivant la vaccination avec IXCHIQ<sup>MC<\/sup> peut entra\u00eener des anomalies transitoires dans les r\u00e9sultats, en particulier dans les r\u00e9sultats h\u00e9matologiques.<\/li>\n<\/ul>\t\t\t\t\t\t\t\t<\/div>\n\t\t\t\t<\/div>\n\t\t\t\t<\/div>\n\t\t<div class=\"elementor-element elementor-element-21e89eb e-con-full e-flex e-con e-child\" data-id=\"21e89eb\" data-element_type=\"container\">\n\t\t\t\t<div class=\"elementor-element elementor-element-c709948 elementor-widget elementor-widget-text-editor\" data-id=\"c709948\" data-element_type=\"widget\" data-widget_type=\"text-editor.default\">\n\t\t\t\t<div class=\"elementor-widget-container\">\n\t\t\t\t\t\t\t\t\t<strong><u>Pour de plus amples renseignements :<\/u><\/strong>\t\t\t\t\t\t\t\t<\/div>\n\t\t\t\t<\/div>\n\t\t\t\t<div class=\"elementor-element elementor-element-3925e38 elementor-widget elementor-widget-text-editor\" data-id=\"3925e38\" data-element_type=\"widget\" data-widget_type=\"text-editor.default\">\n\t\t\t\t<div class=\"elementor-widget-container\">\n\t\t\t\t\t\t\t\t\tVeuillez consulter la monographie de produit \u00e0 l\u2019adresse <span style=\"text-decoration: underline;\"><a href=\"https:\/\/pdf.hres.ca\/dpd_pm\/00076341.PDF\">pdf.hres.ca\/dpd_pm\/00076341.PDF<\/a><\/span> pour obtenir des renseignements importants sur les effets ind\u00e9sirables, les interactions m\u00e9dicamenteuses et la posologie qui ne figurent pas dans le pr\u00e9sent document. Vous pouvez \u00e9galement vous procurer la monographie de produit en nous appelant au 1\u2011855\u2011356\u20110831.\t\t\t\t\t\t\t\t<\/div>\n\t\t\t\t<\/div>\n\t\t\t\t<div class=\"elementor-element elementor-element-185386f elementor-widget elementor-widget-text-editor\" data-id=\"185386f\" data-element_type=\"widget\" data-widget_type=\"text-editor.default\">\n\t\t\t\t<div class=\"elementor-widget-container\">\n\t\t\t\t\t\t\t\t\t<p>Le num\u00e9ro d\u2019identification du m\u00e9dicament (DIN) attribu\u00e9 \u00e0 IXCHIQ<sup>MC<\/sup> est le 02548984.<\/p>\t\t\t\t\t\t\t\t<\/div>\n\t\t\t\t<\/div>\n\t\t\t\t<\/div>\n\t\t\t\t<\/div>\n\t\t\t\t\t<\/div>\n\t\t\t\t<\/div>\n\t\t\t\t<\/div>\n\t\t","protected":false},"excerpt":{"rendered":"<p>RENSEIGNEMENTS SUR L\u2019INNOCUIT\u00c9 D\u2019IXCHIQMC1 Utilisation clinique : P\u00e9diatrie (&lt;\u00a018\u00a0ans)\u00a0: L\u2019innocuit\u00e9 et l\u2019immunog\u00e9nicit\u00e9 du vaccin IXCHIQMC n\u2019ont pas encore \u00e9t\u00e9 \u00e9tablies. Par cons\u00e9quent, l\u2019indication d\u2019utilisation dans la population p\u00e9diatrique n\u2019est pas autoris\u00e9e par Sant\u00e9 Canada.\u00a0 G\u00e9riatrie (\u2265\u00a065\u00a0ans)\u00a0: Les \u00e9tudes cliniques du vaccin IXCHIQMC incluent les personnes \u00e2g\u00e9es de 65\u00a0ans et plus, et les donn\u00e9es cliniques contribuent [&hellip;]<\/p>\n","protected":false},"author":1,"featured_media":0,"parent":0,"menu_order":0,"comment_status":"closed","ping_status":"closed","template":"elementor_header_footer","meta":{"footnotes":""},"class_list":["post-2209","page","type-page","status-publish","hentry"],"yoast_head":"<!-- This site is optimized with the Yoast SEO plugin v26.8 - https:\/\/yoast.com\/product\/yoast-seo-wordpress\/ -->\n<title>Renseignements sur l\u2019innocuit\u00e9 - Ixchiq HCP<\/title>\n<meta name=\"robots\" content=\"index, follow, max-snippet:-1, max-image-preview:large, max-video-preview:-1\" \/>\n<link rel=\"canonical\" href=\"https:\/\/ixchiq.ca\/hcp\/fr\/renseignements-sur-linnocuite\/\" \/>\n<meta property=\"og:locale\" content=\"fr_FR\" \/>\n<meta property=\"og:type\" content=\"article\" \/>\n<meta property=\"og:title\" content=\"Renseignements sur l\u2019innocuit\u00e9 - Ixchiq HCP\" \/>\n<meta property=\"og:description\" content=\"RENSEIGNEMENTS SUR L\u2019INNOCUIT\u00c9 D\u2019IXCHIQMC1 Utilisation clinique : P\u00e9diatrie (&lt;\u00a018\u00a0ans)\u00a0: L\u2019innocuit\u00e9 et l\u2019immunog\u00e9nicit\u00e9 du vaccin IXCHIQMC n\u2019ont pas encore \u00e9t\u00e9 \u00e9tablies. Par cons\u00e9quent, l\u2019indication d\u2019utilisation dans la population p\u00e9diatrique n\u2019est pas autoris\u00e9e par Sant\u00e9 Canada.\u00a0 G\u00e9riatrie (\u2265\u00a065\u00a0ans)\u00a0: Les \u00e9tudes cliniques du vaccin IXCHIQMC incluent les personnes \u00e2g\u00e9es de 65\u00a0ans et plus, et les donn\u00e9es cliniques contribuent [&hellip;]\" \/>\n<meta property=\"og:url\" content=\"https:\/\/ixchiq.ca\/hcp\/fr\/renseignements-sur-linnocuite\/\" \/>\n<meta property=\"og:site_name\" content=\"Ixchiq HCP\" \/>\n<meta property=\"article:modified_time\" content=\"2025-03-21T13:38:26+00:00\" \/>\n<meta name=\"twitter:card\" content=\"summary_large_image\" \/>\n<meta name=\"twitter:label1\" content=\"Dur\u00e9e de lecture estim\u00e9e\" \/>\n\t<meta name=\"twitter:data1\" content=\"4 minutes\" \/>\n<script type=\"application\/ld+json\" class=\"yoast-schema-graph\">{\"@context\":\"https:\/\/schema.org\",\"@graph\":[{\"@type\":\"WebPage\",\"@id\":\"https:\/\/ixchiq.ca\/hcp\/fr\/renseignements-sur-linnocuite\/\",\"url\":\"https:\/\/ixchiq.ca\/hcp\/fr\/renseignements-sur-linnocuite\/\",\"name\":\"Renseignements sur l\u2019innocuit\u00e9 - Ixchiq HCP\",\"isPartOf\":{\"@id\":\"https:\/\/ixchiq.ca\/hcp\/fr\/#website\"},\"datePublished\":\"2024-10-08T10:35:04+00:00\",\"dateModified\":\"2025-03-21T13:38:26+00:00\",\"breadcrumb\":{\"@id\":\"https:\/\/ixchiq.ca\/hcp\/fr\/renseignements-sur-linnocuite\/#breadcrumb\"},\"inLanguage\":\"fr-FR\",\"potentialAction\":[{\"@type\":\"ReadAction\",\"target\":[\"https:\/\/ixchiq.ca\/hcp\/fr\/renseignements-sur-linnocuite\/\"]}]},{\"@type\":\"BreadcrumbList\",\"@id\":\"https:\/\/ixchiq.ca\/hcp\/fr\/renseignements-sur-linnocuite\/#breadcrumb\",\"itemListElement\":[{\"@type\":\"ListItem\",\"position\":1,\"name\":\"Home\",\"item\":\"https:\/\/ixchiq.ca\/hcp\/fr\/\"},{\"@type\":\"ListItem\",\"position\":2,\"name\":\"Renseignements sur l\u2019innocuit\u00e9\"}]},{\"@type\":\"WebSite\",\"@id\":\"https:\/\/ixchiq.ca\/hcp\/fr\/#website\",\"url\":\"https:\/\/ixchiq.ca\/hcp\/fr\/\",\"name\":\"Ixchiq HCP\",\"description\":\"\",\"publisher\":{\"@id\":\"https:\/\/ixchiq.ca\/hcp\/fr\/#organization\"},\"potentialAction\":[{\"@type\":\"SearchAction\",\"target\":{\"@type\":\"EntryPoint\",\"urlTemplate\":\"https:\/\/ixchiq.ca\/hcp\/fr\/?s={search_term_string}\"},\"query-input\":{\"@type\":\"PropertyValueSpecification\",\"valueRequired\":true,\"valueName\":\"search_term_string\"}}],\"inLanguage\":\"fr-FR\"},{\"@type\":\"Organization\",\"@id\":\"https:\/\/ixchiq.ca\/hcp\/fr\/#organization\",\"name\":\"Ixchiq HCP\",\"url\":\"https:\/\/ixchiq.ca\/hcp\/fr\/\",\"logo\":{\"@type\":\"ImageObject\",\"inLanguage\":\"fr-FR\",\"@id\":\"https:\/\/ixchiq.ca\/hcp\/fr\/#\/schema\/logo\/image\/\",\"url\":\"https:\/\/ixchiq.ca\/hcp\/wp-content\/uploads\/2024\/10\/ixchiq-1.png\",\"contentUrl\":\"https:\/\/ixchiq.ca\/hcp\/wp-content\/uploads\/2024\/10\/ixchiq-1.png\",\"width\":500,\"height\":140,\"caption\":\"Ixchiq HCP\"},\"image\":{\"@id\":\"https:\/\/ixchiq.ca\/hcp\/fr\/#\/schema\/logo\/image\/\"}}]}<\/script>\n<!-- \/ Yoast SEO plugin. -->","yoast_head_json":{"title":"Renseignements sur l\u2019innocuit\u00e9 - Ixchiq HCP","robots":{"index":"index","follow":"follow","max-snippet":"max-snippet:-1","max-image-preview":"max-image-preview:large","max-video-preview":"max-video-preview:-1"},"canonical":"https:\/\/ixchiq.ca\/hcp\/fr\/renseignements-sur-linnocuite\/","og_locale":"fr_FR","og_type":"article","og_title":"Renseignements sur l\u2019innocuit\u00e9 - Ixchiq HCP","og_description":"RENSEIGNEMENTS SUR L\u2019INNOCUIT\u00c9 D\u2019IXCHIQMC1 Utilisation clinique : P\u00e9diatrie (&lt;\u00a018\u00a0ans)\u00a0: L\u2019innocuit\u00e9 et l\u2019immunog\u00e9nicit\u00e9 du vaccin IXCHIQMC n\u2019ont pas encore \u00e9t\u00e9 \u00e9tablies. Par cons\u00e9quent, l\u2019indication d\u2019utilisation dans la population p\u00e9diatrique n\u2019est pas autoris\u00e9e par Sant\u00e9 Canada.\u00a0 G\u00e9riatrie (\u2265\u00a065\u00a0ans)\u00a0: Les \u00e9tudes cliniques du vaccin IXCHIQMC incluent les personnes \u00e2g\u00e9es de 65\u00a0ans et plus, et les donn\u00e9es cliniques contribuent [&hellip;]","og_url":"https:\/\/ixchiq.ca\/hcp\/fr\/renseignements-sur-linnocuite\/","og_site_name":"Ixchiq HCP","article_modified_time":"2025-03-21T13:38:26+00:00","twitter_card":"summary_large_image","twitter_misc":{"Dur\u00e9e de lecture estim\u00e9e":"4 minutes"},"schema":{"@context":"https:\/\/schema.org","@graph":[{"@type":"WebPage","@id":"https:\/\/ixchiq.ca\/hcp\/fr\/renseignements-sur-linnocuite\/","url":"https:\/\/ixchiq.ca\/hcp\/fr\/renseignements-sur-linnocuite\/","name":"Renseignements sur l\u2019innocuit\u00e9 - Ixchiq HCP","isPartOf":{"@id":"https:\/\/ixchiq.ca\/hcp\/fr\/#website"},"datePublished":"2024-10-08T10:35:04+00:00","dateModified":"2025-03-21T13:38:26+00:00","breadcrumb":{"@id":"https:\/\/ixchiq.ca\/hcp\/fr\/renseignements-sur-linnocuite\/#breadcrumb"},"inLanguage":"fr-FR","potentialAction":[{"@type":"ReadAction","target":["https:\/\/ixchiq.ca\/hcp\/fr\/renseignements-sur-linnocuite\/"]}]},{"@type":"BreadcrumbList","@id":"https:\/\/ixchiq.ca\/hcp\/fr\/renseignements-sur-linnocuite\/#breadcrumb","itemListElement":[{"@type":"ListItem","position":1,"name":"Home","item":"https:\/\/ixchiq.ca\/hcp\/fr\/"},{"@type":"ListItem","position":2,"name":"Renseignements sur l\u2019innocuit\u00e9"}]},{"@type":"WebSite","@id":"https:\/\/ixchiq.ca\/hcp\/fr\/#website","url":"https:\/\/ixchiq.ca\/hcp\/fr\/","name":"Ixchiq HCP","description":"","publisher":{"@id":"https:\/\/ixchiq.ca\/hcp\/fr\/#organization"},"potentialAction":[{"@type":"SearchAction","target":{"@type":"EntryPoint","urlTemplate":"https:\/\/ixchiq.ca\/hcp\/fr\/?s={search_term_string}"},"query-input":{"@type":"PropertyValueSpecification","valueRequired":true,"valueName":"search_term_string"}}],"inLanguage":"fr-FR"},{"@type":"Organization","@id":"https:\/\/ixchiq.ca\/hcp\/fr\/#organization","name":"Ixchiq HCP","url":"https:\/\/ixchiq.ca\/hcp\/fr\/","logo":{"@type":"ImageObject","inLanguage":"fr-FR","@id":"https:\/\/ixchiq.ca\/hcp\/fr\/#\/schema\/logo\/image\/","url":"https:\/\/ixchiq.ca\/hcp\/wp-content\/uploads\/2024\/10\/ixchiq-1.png","contentUrl":"https:\/\/ixchiq.ca\/hcp\/wp-content\/uploads\/2024\/10\/ixchiq-1.png","width":500,"height":140,"caption":"Ixchiq HCP"},"image":{"@id":"https:\/\/ixchiq.ca\/hcp\/fr\/#\/schema\/logo\/image\/"}}]}},"_links":{"self":[{"href":"https:\/\/ixchiq.ca\/hcp\/fr\/wp-json\/wp\/v2\/pages\/2209","targetHints":{"allow":["GET"]}}],"collection":[{"href":"https:\/\/ixchiq.ca\/hcp\/fr\/wp-json\/wp\/v2\/pages"}],"about":[{"href":"https:\/\/ixchiq.ca\/hcp\/fr\/wp-json\/wp\/v2\/types\/page"}],"author":[{"embeddable":true,"href":"https:\/\/ixchiq.ca\/hcp\/fr\/wp-json\/wp\/v2\/users\/1"}],"replies":[{"embeddable":true,"href":"https:\/\/ixchiq.ca\/hcp\/fr\/wp-json\/wp\/v2\/comments?post=2209"}],"version-history":[{"count":19,"href":"https:\/\/ixchiq.ca\/hcp\/fr\/wp-json\/wp\/v2\/pages\/2209\/revisions"}],"predecessor-version":[{"id":3438,"href":"https:\/\/ixchiq.ca\/hcp\/fr\/wp-json\/wp\/v2\/pages\/2209\/revisions\/3438"}],"wp:attachment":[{"href":"https:\/\/ixchiq.ca\/hcp\/fr\/wp-json\/wp\/v2\/media?parent=2209"}],"curies":[{"name":"wp","href":"https:\/\/api.w.org\/{rel}","templated":true}]}}