{"id":2207,"date":"2024-10-09T09:14:38","date_gmt":"2024-10-09T09:14:38","guid":{"rendered":"https:\/\/ixchiq.ca\/hcp\/stay-connected\/"},"modified":"2024-11-06T10:34:30","modified_gmt":"2024-11-06T10:34:30","slug":"restez-connecte","status":"publish","type":"page","link":"https:\/\/ixchiq.ca\/hcp\/fr\/restez-connecte\/","title":{"rendered":"Restez connect\u00e9"},"content":{"rendered":"\t\t<div data-elementor-type=\"wp-page\" data-elementor-id=\"2207\" class=\"elementor elementor-2207 elementor-81\" data-elementor-post-type=\"page\">\n\t\t\t\t<div class=\"elementor-element elementor-element-628ac89 e-flex e-con-boxed e-con e-parent\" data-id=\"628ac89\" data-element_type=\"container\" data-settings=\"{&quot;background_background&quot;:&quot;classic&quot;}\">\n\t\t\t\t\t<div class=\"e-con-inner\">\n\t\t<div class=\"elementor-element elementor-element-c05c93c e-con-full e-flex e-con e-child\" data-id=\"c05c93c\" data-element_type=\"container\">\n\t\t\t\t<div class=\"elementor-element elementor-element-7facdcf5 elementor-widget-divider--view-line elementor-widget elementor-widget-divider\" data-id=\"7facdcf5\" data-element_type=\"widget\" data-widget_type=\"divider.default\">\n\t\t\t\t<div class=\"elementor-widget-container\">\n\t\t\t\t\t\t\t<div class=\"elementor-divider\">\n\t\t\t<span class=\"elementor-divider-separator\">\n\t\t\t\t\t\t<\/span>\n\t\t<\/div>\n\t\t\t\t\t\t<\/div>\n\t\t\t\t<\/div>\n\t\t\t\t<div class=\"elementor-element elementor-element-6c14da42 elementor-widget elementor-widget-heading\" data-id=\"6c14da42\" data-element_type=\"widget\" data-widget_type=\"heading.default\">\n\t\t\t\t<div class=\"elementor-widget-container\">\n\t\t\t\t\t<h1 class=\"elementor-heading-title elementor-size-default\">RESTEZ CONNECT\u00c9<\/h1>\t\t\t\t<\/div>\n\t\t\t\t<\/div>\n\t\t\t\t<\/div>\n\t\t<div class=\"elementor-element elementor-element-8ac1b82 e-con-full e-flex e-con e-child\" data-id=\"8ac1b82\" data-element_type=\"container\">\n\t\t<div class=\"elementor-element elementor-element-356cf12 e-con-full e-flex e-con e-child\" data-id=\"356cf12\" data-element_type=\"container\" data-settings=\"{&quot;background_background&quot;:&quot;classic&quot;}\">\n\t\t\t\t<div class=\"elementor-element elementor-element-baaaa98 elementor-widget elementor-widget-heading\" data-id=\"baaaa98\" data-element_type=\"widget\" data-widget_type=\"heading.default\">\n\t\t\t\t<div class=\"elementor-widget-container\">\n\t\t\t\t\t<h2 class=\"elementor-heading-title elementor-size-default\">Vous voulez rester inform\u00e9? Inscrivez-vous pour recevoir toutes les derni\u00e8res nouvelles sur IXCHIQ<sup>MC<\/sup>.<\/h2>\t\t\t\t<\/div>\n\t\t\t\t<\/div>\n\t\t\t\t<div class=\"elementor-element elementor-element-2aa66be sty_con elementor-widget elementor-widget-shortcode\" data-id=\"2aa66be\" data-element_type=\"widget\" data-widget_type=\"shortcode.default\">\n\t\t\t\t<div class=\"elementor-widget-container\">\n\t\t\t\t\t\t\t<div class=\"elementor-shortcode\">\n<div class=\"wpcf7 no-js\" id=\"wpcf7-f692-o1\" lang=\"en-US\" dir=\"ltr\" data-wpcf7-id=\"692\">\n<div class=\"screen-reader-response\"><p role=\"status\" aria-live=\"polite\" aria-atomic=\"true\"><\/p> <ul><\/ul><\/div>\n<form action=\"\/hcp\/fr\/wp-json\/wp\/v2\/pages\/2207#wpcf7-f692-o1\" method=\"post\" class=\"wpcf7-form init\" aria-label=\"Contact form\" novalidate=\"novalidate\" data-status=\"init\">\n<fieldset class=\"hidden-fields-container\"><input type=\"hidden\" name=\"_wpcf7\" value=\"692\" \/><input type=\"hidden\" name=\"_wpcf7_version\" value=\"6.1.4\" \/><input type=\"hidden\" name=\"_wpcf7_locale\" value=\"en_US\" \/><input type=\"hidden\" name=\"_wpcf7_unit_tag\" value=\"wpcf7-f692-o1\" \/><input type=\"hidden\" name=\"_wpcf7_container_post\" value=\"0\" \/><input type=\"hidden\" name=\"_wpcf7_posted_data_hash\" value=\"\" \/><input type=\"hidden\" name=\"_wpcf7cf_hidden_group_fields\" value=\"[]\" \/><input type=\"hidden\" name=\"_wpcf7cf_hidden_groups\" value=\"[]\" \/><input type=\"hidden\" name=\"_wpcf7cf_visible_groups\" value=\"[]\" \/><input type=\"hidden\" name=\"_wpcf7cf_repeaters\" value=\"[]\" \/><input type=\"hidden\" name=\"_wpcf7cf_steps\" value=\"{}\" \/><input type=\"hidden\" name=\"_wpcf7cf_options\" value=\"{&quot;form_id&quot;:692,&quot;conditions&quot;:[{&quot;then_field&quot;:&quot;check-group&quot;,&quot;and_rules&quot;:[{&quot;if_field&quot;:&quot;receive-email&quot;,&quot;operator&quot;:&quot;not empty&quot;,&quot;if_value&quot;:&quot;&quot;}]}],&quot;settings&quot;:{&quot;animation&quot;:&quot;yes&quot;,&quot;animation_intime&quot;:200,&quot;animation_outtime&quot;:200,&quot;conditions_ui&quot;:&quot;normal&quot;,&quot;notice_dismissed&quot;:false,&quot;notice_dismissed_update-cf7-6.0.5&quot;:true}}\" \/>\n<\/fieldset>\n<div class=\"sty_div\">\n\t<p><span class=\"wpcf7-form-control-wrap\" data-name=\"receive-email\"><span class=\"wpcf7-form-control wpcf7-checkbox\"><span class=\"wpcf7-list-item first last\"><label><input type=\"checkbox\" name=\"receive-email[]\" value=\"Oui! J\u2019aimerais recevoir des courriels de Valneva pour rester inform\u00e9!\" \/><span class=\"wpcf7-list-item-label\">Oui! J\u2019aimerais recevoir des courriels de Valneva pour rester inform\u00e9!<\/span><\/label><\/span><\/span><\/span>\n\t<\/p>\n\t<div data-id=\"check-group\" data-orig_data_id=\"check-group\" data-clear_on_hide class=\"\" data-class=\"wpcf7cf_group\">\n\t\t<p><span class=\"wpcf7-form-control-wrap\" data-name=\"your-email\"><input size=\"40\" maxlength=\"400\" class=\"wpcf7-form-control wpcf7-email wpcf7-validates-as-required wpcf7-text wpcf7-validates-as-email\" aria-required=\"true\" aria-invalid=\"false\" placeholder=\"Entrez votre adresse courriel\" value=\"\" type=\"email\" name=\"your-email\" \/><\/span>\n\t\t<\/p>\n\t<\/div>\n\t<p><span class=\"wpcf7-form-control-wrap\" data-name=\"receive-email-ixchiq\"><span class=\"wpcf7-form-control wpcf7-checkbox wpcf7-validates-as-required\"><span class=\"wpcf7-list-item first last\"><label><input type=\"checkbox\" name=\"receive-email-ixchiq[]\" value=\"Je comprends qu\u2019en cochant cette case, je consens \u00e0 recevoir des courriels de Valneva contenant des renseignements sur IXCHIQ\ud83c\udd6a.\" \/><span class=\"wpcf7-list-item-label\">Je comprends qu\u2019en cochant cette case, je consens \u00e0 recevoir des courriels de Valneva contenant des renseignements sur IXCHIQ\ud83c\udd6a.<\/span><\/label><\/span><\/span><\/span><br \/>\n<span class=\"wpcf7-form-control-wrap\" data-name=\"receive-email-travel-health\"><span class=\"wpcf7-form-control wpcf7-checkbox email_interested\"><span class=\"wpcf7-list-item first last\"><label><input type=\"checkbox\" name=\"receive-email-travel-health[]\" value=\"Je suis \u00e9galement int\u00e9ress\u00e9 \u00e0 recevoir des courriels de Valneva contenant des renseignements sur la sant\u00e9 en voyage.\" \/><span class=\"wpcf7-list-item-label\">Je suis \u00e9galement int\u00e9ress\u00e9 \u00e0 recevoir des courriels de Valneva contenant des renseignements sur la sant\u00e9 en voyage.<\/span><\/label><\/span><\/span><\/span><br \/>\n<span class=\"wpcf7-form-control-wrap\" data-name=\"not-interested\"><span class=\"wpcf7-form-control wpcf7-checkbox email_not_interested\"><span class=\"wpcf7-list-item first last\"><label><input type=\"checkbox\" name=\"not-interested[]\" value=\"Non. Je ne suis pas int\u00e9ress\u00e9 \u00e0 recevoir des renseignements additionnels pour le moment.\" \/><span class=\"wpcf7-list-item-label\">Non. Je ne suis pas int\u00e9ress\u00e9 \u00e0 recevoir des renseignements additionnels pour le moment.<\/span><\/label><\/span><\/span><\/span><br \/>\n<input class=\"wpcf7-form-control wpcf7-submit has-spinner\" type=\"submit\" value=\"SOUMETTRE\" \/>\n\t<\/p>\n<\/div><div class=\"wpcf7-response-output\" aria-hidden=\"true\"><\/div>\n<\/form>\n<\/div>\n<\/div>\n\t\t\t\t\t\t<\/div>\n\t\t\t\t<\/div>\n\t\t\t\t<\/div>\n\t\t<div class=\"elementor-element elementor-element-b6220cd e-con-full e-flex e-con e-child\" data-id=\"b6220cd\" data-element_type=\"container\">\n\t\t\t\t<div class=\"elementor-element elementor-element-f36d5c6 elementor-hidden-desktop elementor-hidden-laptop elementor-hidden-tablet elementor-widget elementor-widget-image\" data-id=\"f36d5c6\" data-element_type=\"widget\" data-widget_type=\"image.default\">\n\t\t\t\t<div class=\"elementor-widget-container\">\n\t\t\t\t\t\t\t\t\t\t\t\t\t\t\t<img fetchpriority=\"high\" decoding=\"async\" width=\"399\" height=\"439\" src=\"https:\/\/ixchiq.ca\/hcp\/wp-content\/uploads\/2024\/10\/Untitled-2.png\" class=\"attachment-full size-full wp-image-1491\" alt=\"\" srcset=\"https:\/\/ixchiq.ca\/hcp\/wp-content\/uploads\/2024\/10\/Untitled-2.png 399w, https:\/\/ixchiq.ca\/hcp\/wp-content\/uploads\/2024\/10\/Untitled-2-273x300.png 273w\" sizes=\"(max-width: 399px) 100vw, 399px\" \/>\t\t\t\t\t\t\t\t\t\t\t\t\t\t\t<\/div>\n\t\t\t\t<\/div>\n\t\t\t\t<\/div>\n\t\t\t\t<\/div>\n\t\t\t\t\t<\/div>\n\t\t\t\t<\/div>\n\t\t\t\t<\/div>\n\t\t","protected":false},"excerpt":{"rendered":"<p>RESTEZ CONNECT\u00c9 Vous voulez rester inform\u00e9? Inscrivez-vous pour recevoir toutes les derni\u00e8res nouvelles sur IXCHIQMC.<\/p>\n","protected":false},"author":1,"featured_media":0,"parent":0,"menu_order":0,"comment_status":"closed","ping_status":"closed","template":"","meta":{"footnotes":""},"class_list":["post-2207","page","type-page","status-publish","hentry"],"yoast_head":"<!-- This site is optimized with the Yoast SEO plugin v26.8 - https:\/\/yoast.com\/product\/yoast-seo-wordpress\/ -->\n<title>Restez connect\u00e9 - Ixchiq HCP<\/title>\n<meta name=\"robots\" content=\"index, follow, max-snippet:-1, max-image-preview:large, max-video-preview:-1\" \/>\n<link rel=\"canonical\" href=\"https:\/\/ixchiq.ca\/hcp\/fr\/restez-connecte\/\" \/>\n<meta property=\"og:locale\" content=\"fr_FR\" \/>\n<meta property=\"og:type\" content=\"article\" \/>\n<meta property=\"og:title\" content=\"Restez connect\u00e9 - Ixchiq HCP\" \/>\n<meta property=\"og:description\" content=\"RESTEZ CONNECT\u00c9 Vous voulez rester inform\u00e9? Inscrivez-vous pour recevoir toutes les derni\u00e8res nouvelles sur IXCHIQMC.\" \/>\n<meta property=\"og:url\" content=\"https:\/\/ixchiq.ca\/hcp\/fr\/restez-connecte\/\" \/>\n<meta property=\"og:site_name\" content=\"Ixchiq HCP\" \/>\n<meta property=\"article:modified_time\" content=\"2024-11-06T10:34:30+00:00\" \/>\n<meta property=\"og:image\" content=\"https:\/\/ixchiq.ca\/hcp\/wp-content\/uploads\/2024\/10\/Untitled-2.png\" \/>\n<meta name=\"twitter:card\" content=\"summary_large_image\" \/>\n<script type=\"application\/ld+json\" class=\"yoast-schema-graph\">{\"@context\":\"https:\/\/schema.org\",\"@graph\":[{\"@type\":\"WebPage\",\"@id\":\"https:\/\/ixchiq.ca\/hcp\/fr\/restez-connecte\/\",\"url\":\"https:\/\/ixchiq.ca\/hcp\/fr\/restez-connecte\/\",\"name\":\"Restez connect\u00e9 - Ixchiq HCP\",\"isPartOf\":{\"@id\":\"https:\/\/ixchiq.ca\/hcp\/fr\/#website\"},\"primaryImageOfPage\":{\"@id\":\"https:\/\/ixchiq.ca\/hcp\/fr\/restez-connecte\/#primaryimage\"},\"image\":{\"@id\":\"https:\/\/ixchiq.ca\/hcp\/fr\/restez-connecte\/#primaryimage\"},\"thumbnailUrl\":\"https:\/\/ixchiq.ca\/hcp\/wp-content\/uploads\/2024\/10\/Untitled-2.png\",\"datePublished\":\"2024-10-09T09:14:38+00:00\",\"dateModified\":\"2024-11-06T10:34:30+00:00\",\"breadcrumb\":{\"@id\":\"https:\/\/ixchiq.ca\/hcp\/fr\/restez-connecte\/#breadcrumb\"},\"inLanguage\":\"fr-FR\",\"potentialAction\":[{\"@type\":\"ReadAction\",\"target\":[\"https:\/\/ixchiq.ca\/hcp\/fr\/restez-connecte\/\"]}]},{\"@type\":\"ImageObject\",\"inLanguage\":\"fr-FR\",\"@id\":\"https:\/\/ixchiq.ca\/hcp\/fr\/restez-connecte\/#primaryimage\",\"url\":\"https:\/\/ixchiq.ca\/hcp\/wp-content\/uploads\/2024\/10\/Untitled-2.png\",\"contentUrl\":\"https:\/\/ixchiq.ca\/hcp\/wp-content\/uploads\/2024\/10\/Untitled-2.png\"},{\"@type\":\"BreadcrumbList\",\"@id\":\"https:\/\/ixchiq.ca\/hcp\/fr\/restez-connecte\/#breadcrumb\",\"itemListElement\":[{\"@type\":\"ListItem\",\"position\":1,\"name\":\"Home\",\"item\":\"https:\/\/ixchiq.ca\/hcp\/fr\/\"},{\"@type\":\"ListItem\",\"position\":2,\"name\":\"Restez connect\u00e9\"}]},{\"@type\":\"WebSite\",\"@id\":\"https:\/\/ixchiq.ca\/hcp\/fr\/#website\",\"url\":\"https:\/\/ixchiq.ca\/hcp\/fr\/\",\"name\":\"Ixchiq HCP\",\"description\":\"\",\"publisher\":{\"@id\":\"https:\/\/ixchiq.ca\/hcp\/fr\/#organization\"},\"potentialAction\":[{\"@type\":\"SearchAction\",\"target\":{\"@type\":\"EntryPoint\",\"urlTemplate\":\"https:\/\/ixchiq.ca\/hcp\/fr\/?s={search_term_string}\"},\"query-input\":{\"@type\":\"PropertyValueSpecification\",\"valueRequired\":true,\"valueName\":\"search_term_string\"}}],\"inLanguage\":\"fr-FR\"},{\"@type\":\"Organization\",\"@id\":\"https:\/\/ixchiq.ca\/hcp\/fr\/#organization\",\"name\":\"Ixchiq HCP\",\"url\":\"https:\/\/ixchiq.ca\/hcp\/fr\/\",\"logo\":{\"@type\":\"ImageObject\",\"inLanguage\":\"fr-FR\",\"@id\":\"https:\/\/ixchiq.ca\/hcp\/fr\/#\/schema\/logo\/image\/\",\"url\":\"https:\/\/ixchiq.ca\/hcp\/wp-content\/uploads\/2024\/10\/ixchiq-1.png\",\"contentUrl\":\"https:\/\/ixchiq.ca\/hcp\/wp-content\/uploads\/2024\/10\/ixchiq-1.png\",\"width\":500,\"height\":140,\"caption\":\"Ixchiq HCP\"},\"image\":{\"@id\":\"https:\/\/ixchiq.ca\/hcp\/fr\/#\/schema\/logo\/image\/\"}}]}<\/script>\n<!-- \/ Yoast SEO plugin. -->","yoast_head_json":{"title":"Restez connect\u00e9 - Ixchiq HCP","robots":{"index":"index","follow":"follow","max-snippet":"max-snippet:-1","max-image-preview":"max-image-preview:large","max-video-preview":"max-video-preview:-1"},"canonical":"https:\/\/ixchiq.ca\/hcp\/fr\/restez-connecte\/","og_locale":"fr_FR","og_type":"article","og_title":"Restez connect\u00e9 - Ixchiq HCP","og_description":"RESTEZ CONNECT\u00c9 Vous voulez rester inform\u00e9? Inscrivez-vous pour recevoir toutes les derni\u00e8res nouvelles sur IXCHIQMC.","og_url":"https:\/\/ixchiq.ca\/hcp\/fr\/restez-connecte\/","og_site_name":"Ixchiq HCP","article_modified_time":"2024-11-06T10:34:30+00:00","og_image":[{"url":"https:\/\/ixchiq.ca\/hcp\/wp-content\/uploads\/2024\/10\/Untitled-2.png","type":"","width":"","height":""}],"twitter_card":"summary_large_image","schema":{"@context":"https:\/\/schema.org","@graph":[{"@type":"WebPage","@id":"https:\/\/ixchiq.ca\/hcp\/fr\/restez-connecte\/","url":"https:\/\/ixchiq.ca\/hcp\/fr\/restez-connecte\/","name":"Restez connect\u00e9 - Ixchiq HCP","isPartOf":{"@id":"https:\/\/ixchiq.ca\/hcp\/fr\/#website"},"primaryImageOfPage":{"@id":"https:\/\/ixchiq.ca\/hcp\/fr\/restez-connecte\/#primaryimage"},"image":{"@id":"https:\/\/ixchiq.ca\/hcp\/fr\/restez-connecte\/#primaryimage"},"thumbnailUrl":"https:\/\/ixchiq.ca\/hcp\/wp-content\/uploads\/2024\/10\/Untitled-2.png","datePublished":"2024-10-09T09:14:38+00:00","dateModified":"2024-11-06T10:34:30+00:00","breadcrumb":{"@id":"https:\/\/ixchiq.ca\/hcp\/fr\/restez-connecte\/#breadcrumb"},"inLanguage":"fr-FR","potentialAction":[{"@type":"ReadAction","target":["https:\/\/ixchiq.ca\/hcp\/fr\/restez-connecte\/"]}]},{"@type":"ImageObject","inLanguage":"fr-FR","@id":"https:\/\/ixchiq.ca\/hcp\/fr\/restez-connecte\/#primaryimage","url":"https:\/\/ixchiq.ca\/hcp\/wp-content\/uploads\/2024\/10\/Untitled-2.png","contentUrl":"https:\/\/ixchiq.ca\/hcp\/wp-content\/uploads\/2024\/10\/Untitled-2.png"},{"@type":"BreadcrumbList","@id":"https:\/\/ixchiq.ca\/hcp\/fr\/restez-connecte\/#breadcrumb","itemListElement":[{"@type":"ListItem","position":1,"name":"Home","item":"https:\/\/ixchiq.ca\/hcp\/fr\/"},{"@type":"ListItem","position":2,"name":"Restez connect\u00e9"}]},{"@type":"WebSite","@id":"https:\/\/ixchiq.ca\/hcp\/fr\/#website","url":"https:\/\/ixchiq.ca\/hcp\/fr\/","name":"Ixchiq HCP","description":"","publisher":{"@id":"https:\/\/ixchiq.ca\/hcp\/fr\/#organization"},"potentialAction":[{"@type":"SearchAction","target":{"@type":"EntryPoint","urlTemplate":"https:\/\/ixchiq.ca\/hcp\/fr\/?s={search_term_string}"},"query-input":{"@type":"PropertyValueSpecification","valueRequired":true,"valueName":"search_term_string"}}],"inLanguage":"fr-FR"},{"@type":"Organization","@id":"https:\/\/ixchiq.ca\/hcp\/fr\/#organization","name":"Ixchiq HCP","url":"https:\/\/ixchiq.ca\/hcp\/fr\/","logo":{"@type":"ImageObject","inLanguage":"fr-FR","@id":"https:\/\/ixchiq.ca\/hcp\/fr\/#\/schema\/logo\/image\/","url":"https:\/\/ixchiq.ca\/hcp\/wp-content\/uploads\/2024\/10\/ixchiq-1.png","contentUrl":"https:\/\/ixchiq.ca\/hcp\/wp-content\/uploads\/2024\/10\/ixchiq-1.png","width":500,"height":140,"caption":"Ixchiq HCP"},"image":{"@id":"https:\/\/ixchiq.ca\/hcp\/fr\/#\/schema\/logo\/image\/"}}]}},"_links":{"self":[{"href":"https:\/\/ixchiq.ca\/hcp\/fr\/wp-json\/wp\/v2\/pages\/2207","targetHints":{"allow":["GET"]}}],"collection":[{"href":"https:\/\/ixchiq.ca\/hcp\/fr\/wp-json\/wp\/v2\/pages"}],"about":[{"href":"https:\/\/ixchiq.ca\/hcp\/fr\/wp-json\/wp\/v2\/types\/page"}],"author":[{"embeddable":true,"href":"https:\/\/ixchiq.ca\/hcp\/fr\/wp-json\/wp\/v2\/users\/1"}],"replies":[{"embeddable":true,"href":"https:\/\/ixchiq.ca\/hcp\/fr\/wp-json\/wp\/v2\/comments?post=2207"}],"version-history":[{"count":13,"href":"https:\/\/ixchiq.ca\/hcp\/fr\/wp-json\/wp\/v2\/pages\/2207\/revisions"}],"predecessor-version":[{"id":2466,"href":"https:\/\/ixchiq.ca\/hcp\/fr\/wp-json\/wp\/v2\/pages\/2207\/revisions\/2466"}],"wp:attachment":[{"href":"https:\/\/ixchiq.ca\/hcp\/fr\/wp-json\/wp\/v2\/media?parent=2207"}],"curies":[{"name":"wp","href":"https:\/\/api.w.org\/{rel}","templated":true}]}}