{"id":2201,"date":"2024-10-08T14:00:32","date_gmt":"2024-10-08T14:00:32","guid":{"rendered":"https:\/\/ixchiq.ca\/hcp\/dosing-reconstitution\/"},"modified":"2025-11-17T05:25:11","modified_gmt":"2025-11-17T05:25:11","slug":"posologie-et-reconstitution","status":"publish","type":"page","link":"https:\/\/ixchiq.ca\/hcp\/fr\/posologie-et-reconstitution\/","title":{"rendered":"Posologie et reconstitution"},"content":{"rendered":"\t\t<div data-elementor-type=\"wp-page\" data-elementor-id=\"2201\" class=\"elementor elementor-2201 elementor-41\" data-elementor-post-type=\"page\">\n\t\t\t\t<div class=\"elementor-element elementor-element-1ed00a8 e-flex e-con-boxed e-con e-child\" data-id=\"1ed00a8\" data-element_type=\"container\">\n\t\t\t\t\t<div class=\"e-con-inner\">\n\t\t<div class=\"elementor-element elementor-element-d28c3c2 e-con-full e-flex e-con e-child\" data-id=\"d28c3c2\" data-element_type=\"container\">\n\t\t\t\t<div class=\"elementor-element elementor-element-798b536 elementor-widget-divider--view-line elementor-widget elementor-widget-divider\" data-id=\"798b536\" data-element_type=\"widget\" data-widget_type=\"divider.default\">\n\t\t\t\t<div class=\"elementor-widget-container\">\n\t\t\t\t\t\t\t<div class=\"elementor-divider\">\n\t\t\t<span class=\"elementor-divider-separator\">\n\t\t\t\t\t\t<\/span>\n\t\t<\/div>\n\t\t\t\t\t\t<\/div>\n\t\t\t\t<\/div>\n\t\t\t\t<div class=\"elementor-element elementor-element-9766385 elementor-widget elementor-widget-heading\" data-id=\"9766385\" data-element_type=\"widget\" data-widget_type=\"heading.default\">\n\t\t\t\t<div class=\"elementor-widget-container\">\n\t\t\t\t\t<h1 class=\"elementor-heading-title elementor-size-default\">POSOLOGIE ET RECONSTITUTION D\u2019IXCHIQ<sup>MC<\/sup><\/h1>\t\t\t\t<\/div>\n\t\t\t\t<\/div>\n\t\t\t\t<div class=\"elementor-element elementor-element-2936b29 elementor-widget elementor-widget-heading\" data-id=\"2936b29\" data-element_type=\"widget\" data-widget_type=\"heading.default\">\n\t\t\t\t<div class=\"elementor-widget-container\">\n\t\t\t\t\t<h2 class=\"elementor-heading-title elementor-size-default\">IXCHIQ<sup>MC<\/sup> est un vaccin \u00e0 virus vivant att\u00e9nu\u00e9 \u00e0 dose unique pratique<sup>1<\/sup><\/h2>\t\t\t\t<\/div>\n\t\t\t\t<\/div>\n\t\t\t\t<\/div>\n\t\t<div class=\"elementor-element elementor-element-45d49d4 e-con-full e-flex e-con e-child\" data-id=\"45d49d4\" data-element_type=\"container\" data-settings=\"{&quot;background_background&quot;:&quot;classic&quot;}\">\n\t\t<div class=\"elementor-element elementor-element-aa95548 e-con-full e-flex e-con e-child\" data-id=\"aa95548\" data-element_type=\"container\" data-settings=\"{&quot;background_background&quot;:&quot;classic&quot;}\">\n\t\t\t\t<div class=\"elementor-element elementor-element-2dad3c8 elementor-widget__width-initial elementor-widget elementor-widget-video\" data-id=\"2dad3c8\" data-element_type=\"widget\" data-settings=\"{&quot;show_image_overlay&quot;:&quot;yes&quot;,&quot;image_overlay&quot;:{&quot;url&quot;:&quot;https:\\\/\\\/ixchiq.ca\\\/hcp\\\/wp-content\\\/uploads\\\/2025\\\/11\\\/Ixchiq_Reconstitution_Video_F.jpg&quot;,&quot;id&quot;:3552,&quot;size&quot;:&quot;&quot;,&quot;alt&quot;:&quot;&quot;,&quot;source&quot;:&quot;library&quot;},&quot;video_type&quot;:&quot;hosted&quot;,&quot;controls&quot;:&quot;yes&quot;}\" data-widget_type=\"video.default\">\n\t\t\t\t<div class=\"elementor-widget-container\">\n\t\t\t\t\t\t\t<div class=\"e-hosted-video elementor-wrapper elementor-open-inline\">\n\t\t\t\t\t<video class=\"elementor-video\" src=\"https:\/\/ixchiq.ca\/hcp\/video\/ixchiq-reconstitution-video-fr.mp4\" controls=\"\" preload=\"metadata\" controlsList=\"nodownload\"><\/video>\n\t\t\t\t\t\t<div class=\"elementor-custom-embed-image-overlay\" style=\"background-image: url(https:\/\/ixchiq.ca\/hcp\/wp-content\/uploads\/2025\/11\/Ixchiq_Reconstitution_Video_F.jpg);\">\n\t\t\t\t\t\t\t\t\t\t\t\t\t\t\t\t<div class=\"elementor-custom-embed-play\" role=\"button\" aria-label=\"Lire la vid\u00e9o\" tabindex=\"0\">\n\t\t\t\t\t\t\t<i aria-hidden=\"true\" class=\"eicon-play\"><\/i>\t\t\t\t\t\t<\/div>\n\t\t\t\t\t\t\t\t\t<\/div>\n\t\t\t\t\t<\/div>\n\t\t\t\t\t\t<\/div>\n\t\t\t\t<\/div>\n\t\t\t\t<\/div>\n\t\t\t\t<\/div>\n\t\t\t\t\t<\/div>\n\t\t\t\t<\/div>\n\t\t<div class=\"elementor-element elementor-element-2e8566a e-flex e-con-boxed e-con e-parent\" data-id=\"2e8566a\" data-element_type=\"container\">\n\t\t\t\t\t<div class=\"e-con-inner\">\n\t\t<div class=\"elementor-element elementor-element-a17ec92 e-con-full e-flex e-con e-child\" data-id=\"a17ec92\" data-element_type=\"container\" data-settings=\"{&quot;background_background&quot;:&quot;classic&quot;}\">\n\t\t<div class=\"elementor-element elementor-element-6506179 e-con-full e-flex e-con e-child\" data-id=\"6506179\" data-element_type=\"container\">\n\t\t<div class=\"elementor-element elementor-element-c0cd381 e-con-full d_flex e-flex e-con e-child\" data-id=\"c0cd381\" data-element_type=\"container\">\n\t\t\t\t<div class=\"elementor-element elementor-element-a25ea72 elementor-widget__width-initial elementor-widget elementor-widget-image\" data-id=\"a25ea72\" data-element_type=\"widget\" data-widget_type=\"image.default\">\n\t\t\t\t<div class=\"elementor-widget-container\">\n\t\t\t\t\t\t\t\t\t\t\t\t\t\t\t<img fetchpriority=\"high\" decoding=\"async\" width=\"301\" height=\"301\" src=\"https:\/\/ixchiq.ca\/hcp\/wp-content\/uploads\/2024\/10\/Ixchic_Icon_Syringe.png\" class=\"attachment-full size-full wp-image-1509\" alt=\"\" srcset=\"https:\/\/ixchiq.ca\/hcp\/wp-content\/uploads\/2024\/10\/Ixchic_Icon_Syringe.png 301w, https:\/\/ixchiq.ca\/hcp\/wp-content\/uploads\/2024\/10\/Ixchic_Icon_Syringe-150x150.png 150w\" sizes=\"(max-width: 301px) 100vw, 301px\" \/>\t\t\t\t\t\t\t\t\t\t\t\t\t\t\t<\/div>\n\t\t\t\t<\/div>\n\t\t\t\t<div class=\"elementor-element elementor-element-0b97a29 elementor-widget elementor-widget-heading\" data-id=\"0b97a29\" data-element_type=\"widget\" data-widget_type=\"heading.default\">\n\t\t\t\t<div class=\"elementor-widget-container\">\n\t\t\t\t\t<p class=\"elementor-heading-title elementor-size-default\">Administrez la dose unique par injection intramusculaire (0,5 mL apr\u00e8s reconstitution)<sup>1<\/sup>.<\/p>\t\t\t\t<\/div>\n\t\t\t\t<\/div>\n\t\t\t\t<\/div>\n\t\t<div class=\"elementor-element elementor-element-1de6890 e-con-full e-flex e-con e-child\" data-id=\"1de6890\" data-element_type=\"container\">\n\t\t\t\t<div class=\"elementor-element elementor-element-804de48 elementor-widget elementor-widget-text-editor\" data-id=\"804de48\" data-element_type=\"widget\" data-widget_type=\"text-editor.default\">\n\t\t\t\t<div class=\"elementor-widget-container\">\n\t\t\t\t\t\t\t\t\t<p><strong>Conservation et manipulation<\/strong><\/p>\t\t\t\t\t\t\t\t<\/div>\n\t\t\t\t<\/div>\n\t\t\t\t<div class=\"elementor-element elementor-element-5570f52 elementor-widget elementor-widget-text-editor\" data-id=\"5570f52\" data-element_type=\"widget\" data-widget_type=\"text-editor.default\">\n\t\t\t\t<div class=\"elementor-widget-container\">\n\t\t\t\t\t\t\t\t\tConservez le flacon contenant la poudre lyophilis\u00e9e et le diluant au r\u00e9frig\u00e9rateur entre 2 \u00b0C et 8 \u00b0C (35 \u00b0F et 46 \u00b0F). Conservez le produit dans son emballage d\u2019origine pour le prot\u00e9ger de la lumi\u00e8re.\t\t\t\t\t\t\t\t<\/div>\n\t\t\t\t<\/div>\n\t\t\t\t<div class=\"elementor-element elementor-element-f7ff4c5 elementor-widget elementor-widget-text-editor\" data-id=\"f7ff4c5\" data-element_type=\"widget\" data-widget_type=\"text-editor.default\">\n\t\t\t\t<div class=\"elementor-widget-container\">\n\t\t\t\t\t\t\t\t\t<p>NE PAS CONGELER.<\/p>\t\t\t\t\t\t\t\t<\/div>\n\t\t\t\t<\/div>\n\t\t\t\t<div class=\"elementor-element elementor-element-3327a38 elementor-widget elementor-widget-text-editor\" data-id=\"3327a38\" data-element_type=\"widget\" data-widget_type=\"text-editor.default\">\n\t\t\t\t<div class=\"elementor-widget-container\">\n\t\t\t\t\t\t\t\t\tN\u2019utilisez pas le vaccin apr\u00e8s la date de p\u00e9remption indiqu\u00e9e sur l\u2019\u00e9tiquette du flacon<sup>1<\/sup>.\t\t\t\t\t\t\t\t<\/div>\n\t\t\t\t<\/div>\n\t\t\t\t<\/div>\n\t\t\t\t<\/div>\n\t\t<div class=\"elementor-element elementor-element-b724b10 e-con-full e-flex e-con e-child\" data-id=\"b724b10\" data-element_type=\"container\">\n\t\t<div class=\"elementor-element elementor-element-99a4454 e-con-full d_flex e-flex e-con e-child\" data-id=\"99a4454\" data-element_type=\"container\">\n\t\t\t\t<div class=\"elementor-element elementor-element-d3cc4df elementor-widget__width-initial elementor-widget elementor-widget-image\" data-id=\"d3cc4df\" data-element_type=\"widget\" data-widget_type=\"image.default\">\n\t\t\t\t<div class=\"elementor-widget-container\">\n\t\t\t\t\t\t\t\t\t\t\t\t\t\t\t<img decoding=\"async\" width=\"301\" height=\"301\" src=\"https:\/\/ixchiq.ca\/hcp\/wp-content\/uploads\/2024\/10\/Ixchic_Icon_Vaccine.png\" class=\"attachment-full size-full wp-image-1529\" alt=\"\" srcset=\"https:\/\/ixchiq.ca\/hcp\/wp-content\/uploads\/2024\/10\/Ixchic_Icon_Vaccine.png 301w, https:\/\/ixchiq.ca\/hcp\/wp-content\/uploads\/2024\/10\/Ixchic_Icon_Vaccine-150x150.png 150w\" sizes=\"(max-width: 301px) 100vw, 301px\" \/>\t\t\t\t\t\t\t\t\t\t\t\t\t\t\t<\/div>\n\t\t\t\t<\/div>\n\t\t\t\t<div class=\"elementor-element elementor-element-a64a758 elementor-widget elementor-widget-heading\" data-id=\"a64a758\" data-element_type=\"widget\" data-widget_type=\"heading.default\">\n\t\t\t\t<div class=\"elementor-widget-container\">\n\t\t\t\t\t<p class=\"elementor-heading-title elementor-size-default\">Reconstituez le vaccin \u00e0 virus vivant att\u00e9nu\u00e9 uniquement en versant le diluant \u00e0 base d\u2019eau st\u00e9rile fourni dans le flacon contenant la poudre lyophilis\u00e9e IXCHIQ<sup>MC1<\/sup>.<\/p>\t\t\t\t<\/div>\n\t\t\t\t<\/div>\n\t\t\t\t<\/div>\n\t\t<div class=\"elementor-element elementor-element-b3ebbc7 e-con-full e-flex e-con e-child\" data-id=\"b3ebbc7\" data-element_type=\"container\">\n\t\t\t\t<div class=\"elementor-element elementor-element-14b9217 elementor-widget elementor-widget-text-editor\" data-id=\"14b9217\" data-element_type=\"widget\" data-widget_type=\"text-editor.default\">\n\t\t\t\t<div class=\"elementor-widget-container\">\n\t\t\t\t\t\t\t\t\t<strong>Inspectez<\/strong> visuellement les produits m\u00e9dicamenteux pour administration par voie parent\u00e9rale pour v\u00e9rifier qu\u2019ils ne contiennent pas de particules \u00e9trang\u00e8res et qu\u2019ils n&rsquo;ont pas chang\u00e9 de couleur avant l\u2019administration. Si l\u2019une ou l\u2019autre de ces conditions existe, <strong>n\u2019administrez<\/strong> pas le vaccin<sup>1<\/sup>.\t\t\t\t\t\t\t\t<\/div>\n\t\t\t\t<\/div>\n\t\t\t\t<div class=\"elementor-element elementor-element-ddf4bdb elementor-widget elementor-widget-text-editor\" data-id=\"ddf4bdb\" data-element_type=\"widget\" data-widget_type=\"text-editor.default\">\n\t\t\t\t<div class=\"elementor-widget-container\">\n\t\t\t\t\t\t\t\t\t<p>Apr\u00e8s reconstitution, administrez IXCHIQ<sup>MC<\/sup> imm\u00e9diatement par voie intramusculaire, dans le muscle delto\u00efde.<\/p>\t\t\t\t\t\t\t\t<\/div>\n\t\t\t\t<\/div>\n\t\t\t\t<div class=\"elementor-element elementor-element-8207683 elementor-widget elementor-widget-text-editor\" data-id=\"8207683\" data-element_type=\"widget\" data-widget_type=\"text-editor.default\">\n\t\t\t\t<div class=\"elementor-widget-container\">\n\t\t\t\t\t\t\t\t\tJetez le vaccin reconstitu\u00e9 s\u2019il n\u2019est pas utilis\u00e9 dans les 30 minutes<sup>1<\/sup>.\t\t\t\t\t\t\t\t<\/div>\n\t\t\t\t<\/div>\n\t\t\t\t<div class=\"elementor-element elementor-element-7880ec0 elementor-align-left elementor-widget__width-inherit elementor-tablet-align-left elementor-widget elementor-widget-button\" data-id=\"7880ec0\" data-element_type=\"widget\" data-widget_type=\"button.default\">\n\t\t\t\t<div class=\"elementor-widget-container\">\n\t\t\t\t\t\t\t\t\t<div class=\"elementor-button-wrapper\">\n\t\t\t\t\t<a class=\"elementor-button elementor-button-link elementor-size-sm\" href=\"#elementor-action%3Aaction%3Dpopup%3Aopen%26settings%3DeyJpZCI6MjMyNSwidG9nZ2xlIjpmYWxzZX0%3D\">\n\t\t\t\t\t\t<span class=\"elementor-button-content-wrapper\">\n\t\t\t\t\t\t<span class=\"elementor-button-icon\">\n\t\t\t\t<i aria-hidden=\"true\" class=\"fas fa-plus\"><\/i>\t\t\t<\/span>\n\t\t\t\t\t\t\t\t\t<span class=\"elementor-button-text\">LIRE LES INSTRUCTIONS COMPL\u00c8TES SUR LA RECONSTITUTION<\/span>\n\t\t\t\t\t<\/span>\n\t\t\t\t\t<\/a>\n\t\t\t\t<\/div>\n\t\t\t\t\t\t\t\t<\/div>\n\t\t\t\t<\/div>\n\t\t\t\t<\/div>\n\t\t\t\t<\/div>\n\t\t\t\t<\/div>\n\t\t\t\t\t<\/div>\n\t\t\t\t<\/div>\n\t\t<div class=\"elementor-element elementor-element-900337c e-flex e-con-boxed e-con e-parent\" data-id=\"900337c\" data-element_type=\"container\">\n\t\t\t\t\t<div class=\"e-con-inner\">\n\t\t\t\t<div class=\"elementor-element elementor-element-d85dfe3 elementor-align-right elementor-widget__width-inherit elementor-widget elementor-widget-button\" data-id=\"d85dfe3\" data-element_type=\"widget\" data-widget_type=\"button.default\">\n\t\t\t\t<div class=\"elementor-widget-container\">\n\t\t\t\t\t\t\t\t\t<div class=\"elementor-button-wrapper\">\n\t\t\t\t\t<a class=\"elementor-button elementor-button-link elementor-size-sm\" href=\"https:\/\/ixchiq.ca\/hcp\/fr\/envisagez-ixchiq\/\" id=\"btn_2\">\n\t\t\t\t\t\t<span class=\"elementor-button-content-wrapper\">\n\t\t\t\t\t\t<span class=\"elementor-button-icon\">\n\t\t\t\t<i aria-hidden=\"true\" class=\"fas fa-chevron-right\"><\/i>\t\t\t<\/span>\n\t\t\t\t\t\t\t\t\t<span class=\"elementor-button-text\">ENVISAGEZ IXCHIQ<sup>MC<\/sup><\/span>\n\t\t\t\t\t<\/span>\n\t\t\t\t\t<\/a>\n\t\t\t\t<\/div>\n\t\t\t\t\t\t\t\t<\/div>\n\t\t\t\t<\/div>\n\t\t\t\t\t<\/div>\n\t\t\t\t<\/div>\n\t\t\t\t<\/div>\n\t\t","protected":false},"excerpt":{"rendered":"<p>POSOLOGIE ET RECONSTITUTION D\u2019IXCHIQMC IXCHIQMC est un vaccin \u00e0 virus vivant att\u00e9nu\u00e9 \u00e0 dose unique pratique1 https:\/\/ixchiq.ca\/hcp\/video\/ixchiq-reconstitution-video-fr.mp4 Administrez la dose unique par injection intramusculaire (0,5 mL apr\u00e8s reconstitution)1. Conservation et manipulation Conservez le flacon contenant la poudre lyophilis\u00e9e et le diluant au r\u00e9frig\u00e9rateur entre 2 \u00b0C et 8 \u00b0C (35 \u00b0F et 46 \u00b0F). Conservez [&hellip;]<\/p>\n","protected":false},"author":1,"featured_media":0,"parent":0,"menu_order":0,"comment_status":"closed","ping_status":"closed","template":"","meta":{"footnotes":""},"class_list":["post-2201","page","type-page","status-publish","hentry"],"yoast_head":"<!-- This site is optimized with the Yoast SEO plugin v26.8 - https:\/\/yoast.com\/product\/yoast-seo-wordpress\/ -->\n<title>Posologie et reconstitution - Ixchiq HCP<\/title>\n<meta name=\"robots\" content=\"index, follow, max-snippet:-1, max-image-preview:large, max-video-preview:-1\" \/>\n<link rel=\"canonical\" href=\"https:\/\/ixchiq.ca\/hcp\/fr\/posologie-et-reconstitution\/\" \/>\n<meta property=\"og:locale\" content=\"fr_FR\" \/>\n<meta property=\"og:type\" content=\"article\" \/>\n<meta property=\"og:title\" content=\"Posologie et reconstitution - Ixchiq HCP\" \/>\n<meta property=\"og:description\" content=\"POSOLOGIE ET RECONSTITUTION D\u2019IXCHIQMC IXCHIQMC est un vaccin \u00e0 virus vivant att\u00e9nu\u00e9 \u00e0 dose unique pratique1 https:\/\/ixchiq.ca\/hcp\/video\/ixchiq-reconstitution-video-fr.mp4 Administrez la dose unique par injection intramusculaire (0,5 mL apr\u00e8s reconstitution)1. Conservation et manipulation Conservez le flacon contenant la poudre lyophilis\u00e9e et le diluant au r\u00e9frig\u00e9rateur entre 2 \u00b0C et 8 \u00b0C (35 \u00b0F et 46 \u00b0F). Conservez [&hellip;]\" \/>\n<meta property=\"og:url\" content=\"https:\/\/ixchiq.ca\/hcp\/fr\/posologie-et-reconstitution\/\" \/>\n<meta property=\"og:site_name\" content=\"Ixchiq HCP\" \/>\n<meta property=\"article:modified_time\" content=\"2025-11-17T05:25:11+00:00\" \/>\n<meta property=\"og:image\" content=\"https:\/\/ixchiq.ca\/hcp\/wp-content\/uploads\/2024\/10\/Ixchic_Icon_Syringe.png\" \/>\n\t<meta property=\"og:image:width\" content=\"301\" \/>\n\t<meta property=\"og:image:height\" content=\"301\" \/>\n\t<meta property=\"og:image:type\" content=\"image\/png\" \/>\n<meta name=\"twitter:card\" content=\"summary_large_image\" \/>\n<meta name=\"twitter:label1\" content=\"Dur\u00e9e de lecture estim\u00e9e\" \/>\n\t<meta name=\"twitter:data1\" content=\"2 minutes\" \/>\n<script type=\"application\/ld+json\" class=\"yoast-schema-graph\">{\"@context\":\"https:\/\/schema.org\",\"@graph\":[{\"@type\":\"WebPage\",\"@id\":\"https:\/\/ixchiq.ca\/hcp\/fr\/posologie-et-reconstitution\/\",\"url\":\"https:\/\/ixchiq.ca\/hcp\/fr\/posologie-et-reconstitution\/\",\"name\":\"Posologie et reconstitution - Ixchiq HCP\",\"isPartOf\":{\"@id\":\"https:\/\/ixchiq.ca\/hcp\/fr\/#website\"},\"primaryImageOfPage\":{\"@id\":\"https:\/\/ixchiq.ca\/hcp\/fr\/posologie-et-reconstitution\/#primaryimage\"},\"image\":{\"@id\":\"https:\/\/ixchiq.ca\/hcp\/fr\/posologie-et-reconstitution\/#primaryimage\"},\"thumbnailUrl\":\"https:\/\/ixchiq.ca\/hcp\/wp-content\/uploads\/2024\/10\/Ixchic_Icon_Syringe.png\",\"datePublished\":\"2024-10-08T14:00:32+00:00\",\"dateModified\":\"2025-11-17T05:25:11+00:00\",\"breadcrumb\":{\"@id\":\"https:\/\/ixchiq.ca\/hcp\/fr\/posologie-et-reconstitution\/#breadcrumb\"},\"inLanguage\":\"fr-FR\",\"potentialAction\":[{\"@type\":\"ReadAction\",\"target\":[\"https:\/\/ixchiq.ca\/hcp\/fr\/posologie-et-reconstitution\/\"]}]},{\"@type\":\"ImageObject\",\"inLanguage\":\"fr-FR\",\"@id\":\"https:\/\/ixchiq.ca\/hcp\/fr\/posologie-et-reconstitution\/#primaryimage\",\"url\":\"https:\/\/ixchiq.ca\/hcp\/wp-content\/uploads\/2024\/10\/Ixchic_Icon_Syringe.png\",\"contentUrl\":\"https:\/\/ixchiq.ca\/hcp\/wp-content\/uploads\/2024\/10\/Ixchic_Icon_Syringe.png\"},{\"@type\":\"BreadcrumbList\",\"@id\":\"https:\/\/ixchiq.ca\/hcp\/fr\/posologie-et-reconstitution\/#breadcrumb\",\"itemListElement\":[{\"@type\":\"ListItem\",\"position\":1,\"name\":\"Home\",\"item\":\"https:\/\/ixchiq.ca\/hcp\/fr\/\"},{\"@type\":\"ListItem\",\"position\":2,\"name\":\"Posologie et reconstitution\"}]},{\"@type\":\"WebSite\",\"@id\":\"https:\/\/ixchiq.ca\/hcp\/fr\/#website\",\"url\":\"https:\/\/ixchiq.ca\/hcp\/fr\/\",\"name\":\"Ixchiq HCP\",\"description\":\"\",\"publisher\":{\"@id\":\"https:\/\/ixchiq.ca\/hcp\/fr\/#organization\"},\"potentialAction\":[{\"@type\":\"SearchAction\",\"target\":{\"@type\":\"EntryPoint\",\"urlTemplate\":\"https:\/\/ixchiq.ca\/hcp\/fr\/?s={search_term_string}\"},\"query-input\":{\"@type\":\"PropertyValueSpecification\",\"valueRequired\":true,\"valueName\":\"search_term_string\"}}],\"inLanguage\":\"fr-FR\"},{\"@type\":\"Organization\",\"@id\":\"https:\/\/ixchiq.ca\/hcp\/fr\/#organization\",\"name\":\"Ixchiq HCP\",\"url\":\"https:\/\/ixchiq.ca\/hcp\/fr\/\",\"logo\":{\"@type\":\"ImageObject\",\"inLanguage\":\"fr-FR\",\"@id\":\"https:\/\/ixchiq.ca\/hcp\/fr\/#\/schema\/logo\/image\/\",\"url\":\"https:\/\/ixchiq.ca\/hcp\/wp-content\/uploads\/2024\/10\/ixchiq-1.png\",\"contentUrl\":\"https:\/\/ixchiq.ca\/hcp\/wp-content\/uploads\/2024\/10\/ixchiq-1.png\",\"width\":500,\"height\":140,\"caption\":\"Ixchiq HCP\"},\"image\":{\"@id\":\"https:\/\/ixchiq.ca\/hcp\/fr\/#\/schema\/logo\/image\/\"}}]}<\/script>\n<!-- \/ Yoast SEO plugin. -->","yoast_head_json":{"title":"Posologie et reconstitution - Ixchiq HCP","robots":{"index":"index","follow":"follow","max-snippet":"max-snippet:-1","max-image-preview":"max-image-preview:large","max-video-preview":"max-video-preview:-1"},"canonical":"https:\/\/ixchiq.ca\/hcp\/fr\/posologie-et-reconstitution\/","og_locale":"fr_FR","og_type":"article","og_title":"Posologie et reconstitution - Ixchiq HCP","og_description":"POSOLOGIE ET RECONSTITUTION D\u2019IXCHIQMC IXCHIQMC est un vaccin \u00e0 virus vivant att\u00e9nu\u00e9 \u00e0 dose unique pratique1 https:\/\/ixchiq.ca\/hcp\/video\/ixchiq-reconstitution-video-fr.mp4 Administrez la dose unique par injection intramusculaire (0,5 mL apr\u00e8s reconstitution)1. Conservation et manipulation Conservez le flacon contenant la poudre lyophilis\u00e9e et le diluant au r\u00e9frig\u00e9rateur entre 2 \u00b0C et 8 \u00b0C (35 \u00b0F et 46 \u00b0F). Conservez [&hellip;]","og_url":"https:\/\/ixchiq.ca\/hcp\/fr\/posologie-et-reconstitution\/","og_site_name":"Ixchiq HCP","article_modified_time":"2025-11-17T05:25:11+00:00","og_image":[{"width":301,"height":301,"url":"https:\/\/ixchiq.ca\/hcp\/wp-content\/uploads\/2024\/10\/Ixchic_Icon_Syringe.png","type":"image\/png"}],"twitter_card":"summary_large_image","twitter_misc":{"Dur\u00e9e de lecture estim\u00e9e":"2 minutes"},"schema":{"@context":"https:\/\/schema.org","@graph":[{"@type":"WebPage","@id":"https:\/\/ixchiq.ca\/hcp\/fr\/posologie-et-reconstitution\/","url":"https:\/\/ixchiq.ca\/hcp\/fr\/posologie-et-reconstitution\/","name":"Posologie et reconstitution - Ixchiq HCP","isPartOf":{"@id":"https:\/\/ixchiq.ca\/hcp\/fr\/#website"},"primaryImageOfPage":{"@id":"https:\/\/ixchiq.ca\/hcp\/fr\/posologie-et-reconstitution\/#primaryimage"},"image":{"@id":"https:\/\/ixchiq.ca\/hcp\/fr\/posologie-et-reconstitution\/#primaryimage"},"thumbnailUrl":"https:\/\/ixchiq.ca\/hcp\/wp-content\/uploads\/2024\/10\/Ixchic_Icon_Syringe.png","datePublished":"2024-10-08T14:00:32+00:00","dateModified":"2025-11-17T05:25:11+00:00","breadcrumb":{"@id":"https:\/\/ixchiq.ca\/hcp\/fr\/posologie-et-reconstitution\/#breadcrumb"},"inLanguage":"fr-FR","potentialAction":[{"@type":"ReadAction","target":["https:\/\/ixchiq.ca\/hcp\/fr\/posologie-et-reconstitution\/"]}]},{"@type":"ImageObject","inLanguage":"fr-FR","@id":"https:\/\/ixchiq.ca\/hcp\/fr\/posologie-et-reconstitution\/#primaryimage","url":"https:\/\/ixchiq.ca\/hcp\/wp-content\/uploads\/2024\/10\/Ixchic_Icon_Syringe.png","contentUrl":"https:\/\/ixchiq.ca\/hcp\/wp-content\/uploads\/2024\/10\/Ixchic_Icon_Syringe.png"},{"@type":"BreadcrumbList","@id":"https:\/\/ixchiq.ca\/hcp\/fr\/posologie-et-reconstitution\/#breadcrumb","itemListElement":[{"@type":"ListItem","position":1,"name":"Home","item":"https:\/\/ixchiq.ca\/hcp\/fr\/"},{"@type":"ListItem","position":2,"name":"Posologie et reconstitution"}]},{"@type":"WebSite","@id":"https:\/\/ixchiq.ca\/hcp\/fr\/#website","url":"https:\/\/ixchiq.ca\/hcp\/fr\/","name":"Ixchiq HCP","description":"","publisher":{"@id":"https:\/\/ixchiq.ca\/hcp\/fr\/#organization"},"potentialAction":[{"@type":"SearchAction","target":{"@type":"EntryPoint","urlTemplate":"https:\/\/ixchiq.ca\/hcp\/fr\/?s={search_term_string}"},"query-input":{"@type":"PropertyValueSpecification","valueRequired":true,"valueName":"search_term_string"}}],"inLanguage":"fr-FR"},{"@type":"Organization","@id":"https:\/\/ixchiq.ca\/hcp\/fr\/#organization","name":"Ixchiq HCP","url":"https:\/\/ixchiq.ca\/hcp\/fr\/","logo":{"@type":"ImageObject","inLanguage":"fr-FR","@id":"https:\/\/ixchiq.ca\/hcp\/fr\/#\/schema\/logo\/image\/","url":"https:\/\/ixchiq.ca\/hcp\/wp-content\/uploads\/2024\/10\/ixchiq-1.png","contentUrl":"https:\/\/ixchiq.ca\/hcp\/wp-content\/uploads\/2024\/10\/ixchiq-1.png","width":500,"height":140,"caption":"Ixchiq HCP"},"image":{"@id":"https:\/\/ixchiq.ca\/hcp\/fr\/#\/schema\/logo\/image\/"}}]}},"_links":{"self":[{"href":"https:\/\/ixchiq.ca\/hcp\/fr\/wp-json\/wp\/v2\/pages\/2201","targetHints":{"allow":["GET"]}}],"collection":[{"href":"https:\/\/ixchiq.ca\/hcp\/fr\/wp-json\/wp\/v2\/pages"}],"about":[{"href":"https:\/\/ixchiq.ca\/hcp\/fr\/wp-json\/wp\/v2\/types\/page"}],"author":[{"embeddable":true,"href":"https:\/\/ixchiq.ca\/hcp\/fr\/wp-json\/wp\/v2\/users\/1"}],"replies":[{"embeddable":true,"href":"https:\/\/ixchiq.ca\/hcp\/fr\/wp-json\/wp\/v2\/comments?post=2201"}],"version-history":[{"count":38,"href":"https:\/\/ixchiq.ca\/hcp\/fr\/wp-json\/wp\/v2\/pages\/2201\/revisions"}],"predecessor-version":[{"id":3559,"href":"https:\/\/ixchiq.ca\/hcp\/fr\/wp-json\/wp\/v2\/pages\/2201\/revisions\/3559"}],"wp:attachment":[{"href":"https:\/\/ixchiq.ca\/hcp\/fr\/wp-json\/wp\/v2\/media?parent=2201"}],"curies":[{"name":"wp","href":"https:\/\/api.w.org\/{rel}","templated":true}]}}