{"id":2194,"date":"2024-10-11T05:46:18","date_gmt":"2024-10-11T05:46:18","guid":{"rendered":"https:\/\/ixchiq.ca\/hcp\/about-ixchiq\/"},"modified":"2025-03-21T13:18:49","modified_gmt":"2025-03-21T13:18:49","slug":"a-propos-dixchiq","status":"publish","type":"page","link":"https:\/\/ixchiq.ca\/hcp\/fr\/a-propos-dixchiq\/","title":{"rendered":"\u00c0 propos d\u2019IXCHIQ"},"content":{"rendered":"\t\t<div data-elementor-type=\"wp-page\" data-elementor-id=\"2194\" class=\"elementor elementor-2194 elementor-275\" data-elementor-post-type=\"page\">\n\t\t\t\t<div class=\"elementor-element elementor-element-dd1ef7f e-con-full e-flex e-con e-parent\" data-id=\"dd1ef7f\" data-element_type=\"container\" data-settings=\"{&quot;background_background&quot;:&quot;classic&quot;}\">\n\t\t\t\t<div class=\"elementor-element elementor-element-96aa133 elementor-widget elementor-widget-heading\" data-id=\"96aa133\" data-element_type=\"widget\" data-widget_type=\"heading.default\">\n\t\t\t\t<div class=\"elementor-widget-container\">\n\t\t\t\t\t<h1 class=\"elementor-heading-title elementor-size-default\">Voici IXCHIQ<sup>MC<\/sup>, le premier et le seul vaccin indiqu\u00e9 pour la pr\u00e9vention du chikungunya<sup>1,2<\/sup>*.<\/h1>\t\t\t\t<\/div>\n\t\t\t\t<\/div>\n\t\t\t\t<\/div>\n\t\t<div class=\"elementor-element elementor-element-84652ae e-flex e-con-boxed e-con e-parent\" data-id=\"84652ae\" data-element_type=\"container\">\n\t\t\t\t\t<div class=\"e-con-inner\">\n\t\t\t\t<div class=\"elementor-element elementor-element-1698765f elementor-widget-divider--view-line elementor-widget elementor-widget-divider\" data-id=\"1698765f\" data-element_type=\"widget\" data-widget_type=\"divider.default\">\n\t\t\t\t<div class=\"elementor-widget-container\">\n\t\t\t\t\t\t\t<div class=\"elementor-divider\">\n\t\t\t<span class=\"elementor-divider-separator\">\n\t\t\t\t\t\t<\/span>\n\t\t<\/div>\n\t\t\t\t\t\t<\/div>\n\t\t\t\t<\/div>\n\t\t\t\t<div class=\"elementor-element elementor-element-12062761 elementor-widget elementor-widget-heading\" data-id=\"12062761\" data-element_type=\"widget\" data-widget_type=\"heading.default\">\n\t\t\t\t<div class=\"elementor-widget-container\">\n\t\t\t\t\t<h1 class=\"elementor-heading-title elementor-size-default\">\u00c0 PROPOS D\u2019IXCHIQ<sup>MC<\/sup><\/h1>\t\t\t\t<\/div>\n\t\t\t\t<\/div>\n\t\t\t\t\t<\/div>\n\t\t\t\t<\/div>\n\t\t<div class=\"elementor-element elementor-element-d6621c1 e-flex e-con-boxed e-con e-parent\" data-id=\"d6621c1\" data-element_type=\"container\">\n\t\t\t\t\t<div class=\"e-con-inner\">\n\t\t<div class=\"elementor-element elementor-element-7eda525 e-con-full e-flex e-con e-child\" data-id=\"7eda525\" data-element_type=\"container\" data-settings=\"{&quot;background_background&quot;:&quot;classic&quot;}\">\n\t\t\t\t<div class=\"elementor-element elementor-element-8fd9c0c elementor-widget elementor-widget-heading\" data-id=\"8fd9c0c\" data-element_type=\"widget\" data-widget_type=\"heading.default\">\n\t\t\t\t<div class=\"elementor-widget-container\">\n\t\t\t\t\t<div class=\"elementor-heading-title elementor-size-default\">PROFIL D\u2019EFFICACIT\u00c9<\/div>\t\t\t\t<\/div>\n\t\t\t\t<\/div>\n\t\t\t\t<div class=\"elementor-element elementor-element-3bfef8e elementor-widget elementor-widget-image\" data-id=\"3bfef8e\" data-element_type=\"widget\" data-widget_type=\"image.default\">\n\t\t\t\t<div class=\"elementor-widget-container\">\n\t\t\t\t\t\t\t\t\t\t\t\t\t\t\t<img fetchpriority=\"high\" decoding=\"async\" width=\"301\" height=\"301\" src=\"https:\/\/ixchiq.ca\/hcp\/wp-content\/uploads\/2024\/10\/Ixchic_Icon_CasesReported.png\" class=\"attachment-full size-full wp-image-1507\" alt=\"\" srcset=\"https:\/\/ixchiq.ca\/hcp\/wp-content\/uploads\/2024\/10\/Ixchic_Icon_CasesReported.png 301w, https:\/\/ixchiq.ca\/hcp\/wp-content\/uploads\/2024\/10\/Ixchic_Icon_CasesReported-150x150.png 150w\" sizes=\"(max-width: 301px) 100vw, 301px\" \/>\t\t\t\t\t\t\t\t\t\t\t\t\t\t\t<\/div>\n\t\t\t\t<\/div>\n\t\t\t\t<div class=\"elementor-element elementor-element-9b7340f elementor-align-center elementor-widget__width-inherit elementor-widget elementor-widget-button\" data-id=\"9b7340f\" data-element_type=\"widget\" data-widget_type=\"button.default\">\n\t\t\t\t<div class=\"elementor-widget-container\">\n\t\t\t\t\t\t\t\t\t<div class=\"elementor-button-wrapper\">\n\t\t\t\t\t<a class=\"elementor-button elementor-button-link elementor-size-sm\" href=\"https:\/\/ixchiq.ca\/hcp\/fr\/profil-defficacite\/\" id=\"btn\">\n\t\t\t\t\t\t<span class=\"elementor-button-content-wrapper\">\n\t\t\t\t\t\t<span class=\"elementor-button-icon\">\n\t\t\t\t<i aria-hidden=\"true\" class=\"fas fa-chevron-right\"><\/i>\t\t\t<\/span>\n\t\t\t\t\t\t\t\t\t<span class=\"elementor-button-text\">EN SAVOIR PLUS<\/span>\n\t\t\t\t\t<\/span>\n\t\t\t\t\t<\/a>\n\t\t\t\t<\/div>\n\t\t\t\t\t\t\t\t<\/div>\n\t\t\t\t<\/div>\n\t\t\t\t<\/div>\n\t\t<div class=\"elementor-element elementor-element-7fd03c5 e-con-full e-flex e-con e-child\" data-id=\"7fd03c5\" data-element_type=\"container\" data-settings=\"{&quot;background_background&quot;:&quot;classic&quot;}\">\n\t\t\t\t<div class=\"elementor-element elementor-element-857b9f3 elementor-widget elementor-widget-heading\" data-id=\"857b9f3\" data-element_type=\"widget\" data-widget_type=\"heading.default\">\n\t\t\t\t<div class=\"elementor-widget-container\">\n\t\t\t\t\t<div class=\"elementor-heading-title elementor-size-default\">PROFIL D\u2019INNOCUIT\u00c9<\/div>\t\t\t\t<\/div>\n\t\t\t\t<\/div>\n\t\t\t\t<div class=\"elementor-element elementor-element-0dfd464 elementor-widget elementor-widget-image\" data-id=\"0dfd464\" data-element_type=\"widget\" data-widget_type=\"image.default\">\n\t\t\t\t<div class=\"elementor-widget-container\">\n\t\t\t\t\t\t\t\t\t\t\t\t\t\t\t<img decoding=\"async\" width=\"301\" height=\"301\" src=\"https:\/\/ixchiq.ca\/hcp\/wp-content\/uploads\/2024\/10\/Ixchic_Icon_people.png\" class=\"attachment-full size-full wp-image-1508\" alt=\"\" srcset=\"https:\/\/ixchiq.ca\/hcp\/wp-content\/uploads\/2024\/10\/Ixchic_Icon_people.png 301w, https:\/\/ixchiq.ca\/hcp\/wp-content\/uploads\/2024\/10\/Ixchic_Icon_people-150x150.png 150w\" sizes=\"(max-width: 301px) 100vw, 301px\" \/>\t\t\t\t\t\t\t\t\t\t\t\t\t\t\t<\/div>\n\t\t\t\t<\/div>\n\t\t\t\t<div class=\"elementor-element elementor-element-5a7dc91 elementor-align-center elementor-widget__width-inherit elementor-widget elementor-widget-button\" data-id=\"5a7dc91\" data-element_type=\"widget\" data-widget_type=\"button.default\">\n\t\t\t\t<div class=\"elementor-widget-container\">\n\t\t\t\t\t\t\t\t\t<div class=\"elementor-button-wrapper\">\n\t\t\t\t\t<a class=\"elementor-button elementor-button-link elementor-size-sm\" href=\"https:\/\/ixchiq.ca\/hcp\/fr\/profil-dinnocuite\/\" id=\"btn\">\n\t\t\t\t\t\t<span class=\"elementor-button-content-wrapper\">\n\t\t\t\t\t\t<span class=\"elementor-button-icon\">\n\t\t\t\t<i aria-hidden=\"true\" class=\"fas fa-chevron-right\"><\/i>\t\t\t<\/span>\n\t\t\t\t\t\t\t\t\t<span class=\"elementor-button-text\">EN SAVOIR PLUS<\/span>\n\t\t\t\t\t<\/span>\n\t\t\t\t\t<\/a>\n\t\t\t\t<\/div>\n\t\t\t\t\t\t\t\t<\/div>\n\t\t\t\t<\/div>\n\t\t\t\t<\/div>\n\t\t<div class=\"elementor-element elementor-element-b343453 e-con-full e-flex e-con e-child\" data-id=\"b343453\" data-element_type=\"container\" data-settings=\"{&quot;background_background&quot;:&quot;classic&quot;}\">\n\t\t\t\t<div class=\"elementor-element elementor-element-7b7addc elementor-widget elementor-widget-heading\" data-id=\"7b7addc\" data-element_type=\"widget\" data-widget_type=\"heading.default\">\n\t\t\t\t<div class=\"elementor-widget-container\">\n\t\t\t\t\t<div class=\"elementor-heading-title elementor-size-default\">POSOLOGIE ET RECONSTITUTION <\/div>\t\t\t\t<\/div>\n\t\t\t\t<\/div>\n\t\t\t\t<div class=\"elementor-element elementor-element-9bfad17 elementor-widget elementor-widget-image\" data-id=\"9bfad17\" data-element_type=\"widget\" data-widget_type=\"image.default\">\n\t\t\t\t<div class=\"elementor-widget-container\">\n\t\t\t\t\t\t\t\t\t\t\t\t\t\t\t<img decoding=\"async\" width=\"301\" height=\"301\" src=\"https:\/\/ixchiq.ca\/hcp\/wp-content\/uploads\/2024\/10\/Ixchic_Icon_Syringe.png\" class=\"attachment-full size-full wp-image-1509\" alt=\"\" srcset=\"https:\/\/ixchiq.ca\/hcp\/wp-content\/uploads\/2024\/10\/Ixchic_Icon_Syringe.png 301w, https:\/\/ixchiq.ca\/hcp\/wp-content\/uploads\/2024\/10\/Ixchic_Icon_Syringe-150x150.png 150w\" sizes=\"(max-width: 301px) 100vw, 301px\" \/>\t\t\t\t\t\t\t\t\t\t\t\t\t\t\t<\/div>\n\t\t\t\t<\/div>\n\t\t\t\t<div class=\"elementor-element elementor-element-94905e0 elementor-align-center elementor-widget__width-inherit elementor-widget elementor-widget-button\" data-id=\"94905e0\" data-element_type=\"widget\" data-widget_type=\"button.default\">\n\t\t\t\t<div class=\"elementor-widget-container\">\n\t\t\t\t\t\t\t\t\t<div class=\"elementor-button-wrapper\">\n\t\t\t\t\t<a class=\"elementor-button elementor-button-link elementor-size-sm\" href=\"https:\/\/ixchiq.ca\/hcp\/fr\/posologie-et-reconstitution\/\" id=\"btn\">\n\t\t\t\t\t\t<span class=\"elementor-button-content-wrapper\">\n\t\t\t\t\t\t<span class=\"elementor-button-icon\">\n\t\t\t\t<i aria-hidden=\"true\" class=\"fas fa-chevron-right\"><\/i>\t\t\t<\/span>\n\t\t\t\t\t\t\t\t\t<span class=\"elementor-button-text\">EN SAVOIR PLUS<\/span>\n\t\t\t\t\t<\/span>\n\t\t\t\t\t<\/a>\n\t\t\t\t<\/div>\n\t\t\t\t\t\t\t\t<\/div>\n\t\t\t\t<\/div>\n\t\t\t\t<\/div>\n\t\t\t\t\t<\/div>\n\t\t\t\t<\/div>\n\t\t<div class=\"elementor-element elementor-element-26017c82 e-grid e-con-boxed e-con e-parent\" data-id=\"26017c82\" data-element_type=\"container\">\n\t\t\t\t\t<div class=\"e-con-inner\">\n\t\t\t\t<div class=\"elementor-element elementor-element-7a6c7ff elementor-widget elementor-widget-text-editor\" data-id=\"7a6c7ff\" data-element_type=\"widget\" data-widget_type=\"text-editor.default\">\n\t\t\t\t<div class=\"elementor-widget-container\">\n\t\t\t\t\t\t\t\t\t<p>*\u00a0La port\u00e9e clinique des donn\u00e9es comparatives n\u2019est pas connue.<\/p>\t\t\t\t\t\t\t\t<\/div>\n\t\t\t\t<\/div>\n\t\t\t\t<div class=\"elementor-element elementor-element-70019468 elementor-align-right elementor-widget__width-inherit elementor-widget elementor-widget-button\" data-id=\"70019468\" data-element_type=\"widget\" data-widget_type=\"button.default\">\n\t\t\t\t<div class=\"elementor-widget-container\">\n\t\t\t\t\t\t\t\t\t<div class=\"elementor-button-wrapper\">\n\t\t\t\t\t<a class=\"elementor-button elementor-button-link elementor-size-sm\" href=\"https:\/\/ixchiq.ca\/hcp\/fr\/profil-defficacite\/\" id=\"btn_2\">\n\t\t\t\t\t\t<span class=\"elementor-button-content-wrapper\">\n\t\t\t\t\t\t<span class=\"elementor-button-icon\">\n\t\t\t\t<i aria-hidden=\"true\" class=\"fas fa-chevron-right\"><\/i>\t\t\t<\/span>\n\t\t\t\t\t\t\t\t\t<span class=\"elementor-button-text\">PROFIL D\u2019EFFICACIT\u00c9<\/span>\n\t\t\t\t\t<\/span>\n\t\t\t\t\t<\/a>\n\t\t\t\t<\/div>\n\t\t\t\t\t\t\t\t<\/div>\n\t\t\t\t<\/div>\n\t\t\t\t\t<\/div>\n\t\t\t\t<\/div>\n\t\t\t\t<\/div>\n\t\t","protected":false},"excerpt":{"rendered":"<p>Voici IXCHIQMC, le premier et le seul vaccin indiqu\u00e9 pour la pr\u00e9vention du chikungunya1,2*. \u00c0 PROPOS D\u2019IXCHIQMC PROFIL D\u2019EFFICACIT\u00c9 EN SAVOIR PLUS PROFIL D\u2019INNOCUIT\u00c9 EN SAVOIR PLUS POSOLOGIE ET RECONSTITUTION EN SAVOIR PLUS *\u00a0La port\u00e9e clinique des donn\u00e9es comparatives n\u2019est pas connue. PROFIL D\u2019EFFICACIT\u00c9<\/p>\n","protected":false},"author":1,"featured_media":0,"parent":0,"menu_order":0,"comment_status":"closed","ping_status":"closed","template":"","meta":{"footnotes":""},"class_list":["post-2194","page","type-page","status-publish","hentry"],"yoast_head":"<!-- This site is optimized with the Yoast SEO plugin v26.8 - https:\/\/yoast.com\/product\/yoast-seo-wordpress\/ -->\n<title>\u00c0 propos d\u2019IXCHIQ - Ixchiq HCP<\/title>\n<meta name=\"robots\" content=\"index, follow, max-snippet:-1, max-image-preview:large, max-video-preview:-1\" \/>\n<link rel=\"canonical\" href=\"https:\/\/ixchiq.ca\/hcp\/fr\/a-propos-dixchiq\/\" \/>\n<meta property=\"og:locale\" content=\"fr_FR\" \/>\n<meta property=\"og:type\" content=\"article\" \/>\n<meta property=\"og:title\" content=\"\u00c0 propos d\u2019IXCHIQ - Ixchiq HCP\" \/>\n<meta property=\"og:description\" content=\"Voici IXCHIQMC, le premier et le seul vaccin indiqu\u00e9 pour la pr\u00e9vention du chikungunya1,2*. \u00c0 PROPOS D\u2019IXCHIQMC PROFIL D\u2019EFFICACIT\u00c9 EN SAVOIR PLUS PROFIL D\u2019INNOCUIT\u00c9 EN SAVOIR PLUS POSOLOGIE ET RECONSTITUTION EN SAVOIR PLUS *\u00a0La port\u00e9e clinique des donn\u00e9es comparatives n\u2019est pas connue. PROFIL D\u2019EFFICACIT\u00c9\" \/>\n<meta property=\"og:url\" content=\"https:\/\/ixchiq.ca\/hcp\/fr\/a-propos-dixchiq\/\" \/>\n<meta property=\"og:site_name\" content=\"Ixchiq HCP\" \/>\n<meta property=\"article:modified_time\" content=\"2025-03-21T13:18:49+00:00\" \/>\n<meta property=\"og:image\" content=\"https:\/\/ixchiq.ca\/hcp\/wp-content\/uploads\/2024\/10\/Ixchic_Icon_CasesReported.png\" \/>\n<meta name=\"twitter:card\" content=\"summary_large_image\" \/>\n<script type=\"application\/ld+json\" class=\"yoast-schema-graph\">{\"@context\":\"https:\/\/schema.org\",\"@graph\":[{\"@type\":\"WebPage\",\"@id\":\"https:\/\/ixchiq.ca\/hcp\/fr\/a-propos-dixchiq\/\",\"url\":\"https:\/\/ixchiq.ca\/hcp\/fr\/a-propos-dixchiq\/\",\"name\":\"\u00c0 propos d\u2019IXCHIQ - Ixchiq HCP\",\"isPartOf\":{\"@id\":\"https:\/\/ixchiq.ca\/hcp\/fr\/#website\"},\"primaryImageOfPage\":{\"@id\":\"https:\/\/ixchiq.ca\/hcp\/fr\/a-propos-dixchiq\/#primaryimage\"},\"image\":{\"@id\":\"https:\/\/ixchiq.ca\/hcp\/fr\/a-propos-dixchiq\/#primaryimage\"},\"thumbnailUrl\":\"https:\/\/ixchiq.ca\/hcp\/wp-content\/uploads\/2024\/10\/Ixchic_Icon_CasesReported.png\",\"datePublished\":\"2024-10-11T05:46:18+00:00\",\"dateModified\":\"2025-03-21T13:18:49+00:00\",\"breadcrumb\":{\"@id\":\"https:\/\/ixchiq.ca\/hcp\/fr\/a-propos-dixchiq\/#breadcrumb\"},\"inLanguage\":\"fr-FR\",\"potentialAction\":[{\"@type\":\"ReadAction\",\"target\":[\"https:\/\/ixchiq.ca\/hcp\/fr\/a-propos-dixchiq\/\"]}]},{\"@type\":\"ImageObject\",\"inLanguage\":\"fr-FR\",\"@id\":\"https:\/\/ixchiq.ca\/hcp\/fr\/a-propos-dixchiq\/#primaryimage\",\"url\":\"https:\/\/ixchiq.ca\/hcp\/wp-content\/uploads\/2024\/10\/Ixchic_Icon_CasesReported.png\",\"contentUrl\":\"https:\/\/ixchiq.ca\/hcp\/wp-content\/uploads\/2024\/10\/Ixchic_Icon_CasesReported.png\"},{\"@type\":\"BreadcrumbList\",\"@id\":\"https:\/\/ixchiq.ca\/hcp\/fr\/a-propos-dixchiq\/#breadcrumb\",\"itemListElement\":[{\"@type\":\"ListItem\",\"position\":1,\"name\":\"Home\",\"item\":\"https:\/\/ixchiq.ca\/hcp\/fr\/\"},{\"@type\":\"ListItem\",\"position\":2,\"name\":\"\u00c0 propos d\u2019IXCHIQ\"}]},{\"@type\":\"WebSite\",\"@id\":\"https:\/\/ixchiq.ca\/hcp\/fr\/#website\",\"url\":\"https:\/\/ixchiq.ca\/hcp\/fr\/\",\"name\":\"Ixchiq HCP\",\"description\":\"\",\"publisher\":{\"@id\":\"https:\/\/ixchiq.ca\/hcp\/fr\/#organization\"},\"potentialAction\":[{\"@type\":\"SearchAction\",\"target\":{\"@type\":\"EntryPoint\",\"urlTemplate\":\"https:\/\/ixchiq.ca\/hcp\/fr\/?s={search_term_string}\"},\"query-input\":{\"@type\":\"PropertyValueSpecification\",\"valueRequired\":true,\"valueName\":\"search_term_string\"}}],\"inLanguage\":\"fr-FR\"},{\"@type\":\"Organization\",\"@id\":\"https:\/\/ixchiq.ca\/hcp\/fr\/#organization\",\"name\":\"Ixchiq HCP\",\"url\":\"https:\/\/ixchiq.ca\/hcp\/fr\/\",\"logo\":{\"@type\":\"ImageObject\",\"inLanguage\":\"fr-FR\",\"@id\":\"https:\/\/ixchiq.ca\/hcp\/fr\/#\/schema\/logo\/image\/\",\"url\":\"https:\/\/ixchiq.ca\/hcp\/wp-content\/uploads\/2024\/10\/ixchiq-1.png\",\"contentUrl\":\"https:\/\/ixchiq.ca\/hcp\/wp-content\/uploads\/2024\/10\/ixchiq-1.png\",\"width\":500,\"height\":140,\"caption\":\"Ixchiq HCP\"},\"image\":{\"@id\":\"https:\/\/ixchiq.ca\/hcp\/fr\/#\/schema\/logo\/image\/\"}}]}<\/script>\n<!-- \/ Yoast SEO plugin. -->","yoast_head_json":{"title":"\u00c0 propos d\u2019IXCHIQ - Ixchiq HCP","robots":{"index":"index","follow":"follow","max-snippet":"max-snippet:-1","max-image-preview":"max-image-preview:large","max-video-preview":"max-video-preview:-1"},"canonical":"https:\/\/ixchiq.ca\/hcp\/fr\/a-propos-dixchiq\/","og_locale":"fr_FR","og_type":"article","og_title":"\u00c0 propos d\u2019IXCHIQ - Ixchiq HCP","og_description":"Voici IXCHIQMC, le premier et le seul vaccin indiqu\u00e9 pour la pr\u00e9vention du chikungunya1,2*. \u00c0 PROPOS D\u2019IXCHIQMC PROFIL D\u2019EFFICACIT\u00c9 EN SAVOIR PLUS PROFIL D\u2019INNOCUIT\u00c9 EN SAVOIR PLUS POSOLOGIE ET RECONSTITUTION EN SAVOIR PLUS *\u00a0La port\u00e9e clinique des donn\u00e9es comparatives n\u2019est pas connue. PROFIL D\u2019EFFICACIT\u00c9","og_url":"https:\/\/ixchiq.ca\/hcp\/fr\/a-propos-dixchiq\/","og_site_name":"Ixchiq HCP","article_modified_time":"2025-03-21T13:18:49+00:00","og_image":[{"url":"https:\/\/ixchiq.ca\/hcp\/wp-content\/uploads\/2024\/10\/Ixchic_Icon_CasesReported.png","type":"","width":"","height":""}],"twitter_card":"summary_large_image","schema":{"@context":"https:\/\/schema.org","@graph":[{"@type":"WebPage","@id":"https:\/\/ixchiq.ca\/hcp\/fr\/a-propos-dixchiq\/","url":"https:\/\/ixchiq.ca\/hcp\/fr\/a-propos-dixchiq\/","name":"\u00c0 propos d\u2019IXCHIQ - Ixchiq HCP","isPartOf":{"@id":"https:\/\/ixchiq.ca\/hcp\/fr\/#website"},"primaryImageOfPage":{"@id":"https:\/\/ixchiq.ca\/hcp\/fr\/a-propos-dixchiq\/#primaryimage"},"image":{"@id":"https:\/\/ixchiq.ca\/hcp\/fr\/a-propos-dixchiq\/#primaryimage"},"thumbnailUrl":"https:\/\/ixchiq.ca\/hcp\/wp-content\/uploads\/2024\/10\/Ixchic_Icon_CasesReported.png","datePublished":"2024-10-11T05:46:18+00:00","dateModified":"2025-03-21T13:18:49+00:00","breadcrumb":{"@id":"https:\/\/ixchiq.ca\/hcp\/fr\/a-propos-dixchiq\/#breadcrumb"},"inLanguage":"fr-FR","potentialAction":[{"@type":"ReadAction","target":["https:\/\/ixchiq.ca\/hcp\/fr\/a-propos-dixchiq\/"]}]},{"@type":"ImageObject","inLanguage":"fr-FR","@id":"https:\/\/ixchiq.ca\/hcp\/fr\/a-propos-dixchiq\/#primaryimage","url":"https:\/\/ixchiq.ca\/hcp\/wp-content\/uploads\/2024\/10\/Ixchic_Icon_CasesReported.png","contentUrl":"https:\/\/ixchiq.ca\/hcp\/wp-content\/uploads\/2024\/10\/Ixchic_Icon_CasesReported.png"},{"@type":"BreadcrumbList","@id":"https:\/\/ixchiq.ca\/hcp\/fr\/a-propos-dixchiq\/#breadcrumb","itemListElement":[{"@type":"ListItem","position":1,"name":"Home","item":"https:\/\/ixchiq.ca\/hcp\/fr\/"},{"@type":"ListItem","position":2,"name":"\u00c0 propos d\u2019IXCHIQ"}]},{"@type":"WebSite","@id":"https:\/\/ixchiq.ca\/hcp\/fr\/#website","url":"https:\/\/ixchiq.ca\/hcp\/fr\/","name":"Ixchiq HCP","description":"","publisher":{"@id":"https:\/\/ixchiq.ca\/hcp\/fr\/#organization"},"potentialAction":[{"@type":"SearchAction","target":{"@type":"EntryPoint","urlTemplate":"https:\/\/ixchiq.ca\/hcp\/fr\/?s={search_term_string}"},"query-input":{"@type":"PropertyValueSpecification","valueRequired":true,"valueName":"search_term_string"}}],"inLanguage":"fr-FR"},{"@type":"Organization","@id":"https:\/\/ixchiq.ca\/hcp\/fr\/#organization","name":"Ixchiq HCP","url":"https:\/\/ixchiq.ca\/hcp\/fr\/","logo":{"@type":"ImageObject","inLanguage":"fr-FR","@id":"https:\/\/ixchiq.ca\/hcp\/fr\/#\/schema\/logo\/image\/","url":"https:\/\/ixchiq.ca\/hcp\/wp-content\/uploads\/2024\/10\/ixchiq-1.png","contentUrl":"https:\/\/ixchiq.ca\/hcp\/wp-content\/uploads\/2024\/10\/ixchiq-1.png","width":500,"height":140,"caption":"Ixchiq HCP"},"image":{"@id":"https:\/\/ixchiq.ca\/hcp\/fr\/#\/schema\/logo\/image\/"}}]}},"_links":{"self":[{"href":"https:\/\/ixchiq.ca\/hcp\/fr\/wp-json\/wp\/v2\/pages\/2194","targetHints":{"allow":["GET"]}}],"collection":[{"href":"https:\/\/ixchiq.ca\/hcp\/fr\/wp-json\/wp\/v2\/pages"}],"about":[{"href":"https:\/\/ixchiq.ca\/hcp\/fr\/wp-json\/wp\/v2\/types\/page"}],"author":[{"embeddable":true,"href":"https:\/\/ixchiq.ca\/hcp\/fr\/wp-json\/wp\/v2\/users\/1"}],"replies":[{"embeddable":true,"href":"https:\/\/ixchiq.ca\/hcp\/fr\/wp-json\/wp\/v2\/comments?post=2194"}],"version-history":[{"count":13,"href":"https:\/\/ixchiq.ca\/hcp\/fr\/wp-json\/wp\/v2\/pages\/2194\/revisions"}],"predecessor-version":[{"id":3422,"href":"https:\/\/ixchiq.ca\/hcp\/fr\/wp-json\/wp\/v2\/pages\/2194\/revisions\/3422"}],"wp:attachment":[{"href":"https:\/\/ixchiq.ca\/hcp\/fr\/wp-json\/wp\/v2\/media?parent=2194"}],"curies":[{"name":"wp","href":"https:\/\/api.w.org\/{rel}","templated":true}]}}