{"id":2192,"date":"2024-10-11T06:09:35","date_gmt":"2024-10-11T06:09:35","guid":{"rendered":"https:\/\/ixchiq.ca\/hcp\/disease-burden\/"},"modified":"2025-03-21T13:59:16","modified_gmt":"2025-03-21T13:59:16","slug":"fardeau-de-la-maladie","status":"publish","type":"page","link":"https:\/\/ixchiq.ca\/hcp\/fr\/fardeau-de-la-maladie\/","title":{"rendered":"Fardeau de la maladie"},"content":{"rendered":"\t\t<div data-elementor-type=\"wp-page\" data-elementor-id=\"2192\" class=\"elementor elementor-2192 elementor-286\" data-elementor-post-type=\"page\">\n\t\t\t\t<div class=\"elementor-element elementor-element-6bc41db e-flex e-con-boxed e-con e-parent\" data-id=\"6bc41db\" data-element_type=\"container\">\n\t\t\t\t\t<div class=\"e-con-inner\">\n\t\t\t\t<div class=\"elementor-element elementor-element-0f418a6 elementor-widget-divider--view-line elementor-widget elementor-widget-divider\" data-id=\"0f418a6\" data-element_type=\"widget\" data-widget_type=\"divider.default\">\n\t\t\t\t<div class=\"elementor-widget-container\">\n\t\t\t\t\t\t\t<div class=\"elementor-divider\">\n\t\t\t<span class=\"elementor-divider-separator\">\n\t\t\t\t\t\t<\/span>\n\t\t<\/div>\n\t\t\t\t\t\t<\/div>\n\t\t\t\t<\/div>\n\t\t\t\t<div class=\"elementor-element elementor-element-c42e629 elementor-widget__width-inherit elementor-widget elementor-widget-heading\" data-id=\"c42e629\" data-element_type=\"widget\" data-widget_type=\"heading.default\">\n\t\t\t\t<div class=\"elementor-widget-container\">\n\t\t\t\t\t<h1 class=\"elementor-heading-title elementor-size-default\">Le virus du chikungunya peut causer des <strong>arthralgies persistantes <\/strong> pouvant avoir d'<strong>importantes r\u00e9percussions sur la qualit\u00e9 de vie des patients<\/strong><sup>4,22,24<\/sup><\/h1>\t\t\t\t<\/div>\n\t\t\t\t<\/div>\n\t\t\t\t\t<\/div>\n\t\t\t\t<\/div>\n\t\t<div class=\"elementor-element elementor-element-b31d388 e-flex e-con-boxed e-con e-parent\" data-id=\"b31d388\" data-element_type=\"container\" data-settings=\"{&quot;background_background&quot;:&quot;classic&quot;}\">\n\t\t\t\t\t<div class=\"e-con-inner\">\n\t\t<div class=\"elementor-element elementor-element-646098d e-con-full e-flex e-con e-child\" data-id=\"646098d\" data-element_type=\"container\">\n\t\t<div class=\"elementor-element elementor-element-b727e91 e-con-full e-flex e-con e-child\" data-id=\"b727e91\" data-element_type=\"container\">\n\t\t\t\t<div class=\"elementor-element elementor-element-6db207f elementor-widget elementor-widget-image\" data-id=\"6db207f\" data-element_type=\"widget\" data-widget_type=\"image.default\">\n\t\t\t\t<div class=\"elementor-widget-container\">\n\t\t\t\t\t\t\t\t\t\t\t\t\t\t\t<img fetchpriority=\"high\" decoding=\"async\" width=\"500\" height=\"500\" src=\"https:\/\/ixchiq.ca\/hcp\/wp-content\/uploads\/2024\/10\/kevin.png\" class=\"attachment-full size-full wp-image-1510\" alt=\"\" srcset=\"https:\/\/ixchiq.ca\/hcp\/wp-content\/uploads\/2024\/10\/kevin.png 500w, https:\/\/ixchiq.ca\/hcp\/wp-content\/uploads\/2024\/10\/kevin-300x300.png 300w, https:\/\/ixchiq.ca\/hcp\/wp-content\/uploads\/2024\/10\/kevin-150x150.png 150w\" sizes=\"(max-width: 500px) 100vw, 500px\" \/>\t\t\t\t\t\t\t\t\t\t\t\t\t\t\t<\/div>\n\t\t\t\t<\/div>\n\t\t\t\t<div class=\"elementor-element elementor-element-231ad6a elementor-absolute elementor-hidden-mobile elementor-widget elementor-widget-heading\" data-id=\"231ad6a\" data-element_type=\"widget\" data-settings=\"{&quot;_position&quot;:&quot;absolute&quot;}\" data-widget_type=\"heading.default\">\n\t\t\t\t<div class=\"elementor-widget-container\">\n\t\t\t\t\t<p class=\"elementor-heading-title elementor-size-default\">\u00ab<i> Le chikungunya<br> a eu des<br>cons\u00e9quences<br> n\u00e9fastes sur ma<br>qualit\u00e9 de vie.<\/i> \u00bb <br><br>\u2014Kevin*<\/p>\t\t\t\t<\/div>\n\t\t\t\t<\/div>\n\t\t\t\t<div class=\"elementor-element elementor-element-3b65149 elementor-widget-mobile__width-initial elementor-hidden-desktop elementor-hidden-laptop elementor-hidden-tablet elementor-widget elementor-widget-heading\" data-id=\"3b65149\" data-element_type=\"widget\" data-widget_type=\"heading.default\">\n\t\t\t\t<div class=\"elementor-widget-container\">\n\t\t\t\t\t<div class=\"elementor-heading-title elementor-size-default\">\u00ab Le chikungunya a <br> eu des cons\u00e9quences<br> n\u00e9fastes sur ma qualit\u00e9<br> de vie. \u00bb <br><br>\u2014Kevin<\/div>\t\t\t\t<\/div>\n\t\t\t\t<\/div>\n\t\t\t\t<\/div>\n\t\t<div class=\"elementor-element elementor-element-e973009 e-con-full e-flex e-con e-child\" data-id=\"e973009\" data-element_type=\"container\">\n\t\t<div class=\"elementor-element elementor-element-33e2b63 e-con-full e-flex e-con e-child\" data-id=\"33e2b63\" data-element_type=\"container\">\n\t\t\t\t<div class=\"elementor-element elementor-element-9653fda elementor-position-left elementor-position-left elementor-vertical-align-middle elementor-widget elementor-widget-image-box\" data-id=\"9653fda\" data-element_type=\"widget\" data-widget_type=\"image-box.default\">\n\t\t\t\t<div class=\"elementor-widget-container\">\n\t\t\t\t\t<div class=\"elementor-image-box-wrapper\"><figure class=\"elementor-image-box-img\"><img decoding=\"async\" width=\"300\" height=\"300\" src=\"https:\/\/ixchiq.ca\/hcp\/wp-content\/uploads\/2024\/10\/Ixchic_Icon_Pain.png\" class=\"attachment-full size-full wp-image-1042\" alt=\"\" srcset=\"https:\/\/ixchiq.ca\/hcp\/wp-content\/uploads\/2024\/10\/Ixchic_Icon_Pain.png 300w, https:\/\/ixchiq.ca\/hcp\/wp-content\/uploads\/2024\/10\/Ixchic_Icon_Pain-150x150.png 150w\" sizes=\"(max-width: 300px) 100vw, 300px\" \/><\/figure><div class=\"elementor-image-box-content\"><div class=\"elementor-image-box-title\">Douleur articulaire et musculaire <\/div><\/div><\/div>\t\t\t\t<\/div>\n\t\t\t\t<\/div>\n\t\t\t\t<div class=\"elementor-element elementor-element-70628d0 elementor-position-left elementor-vertical-align-middle elementor-widget elementor-widget-image-box\" data-id=\"70628d0\" data-element_type=\"widget\" data-widget_type=\"image-box.default\">\n\t\t\t\t<div class=\"elementor-widget-container\">\n\t\t\t\t\t<div class=\"elementor-image-box-wrapper\"><figure class=\"elementor-image-box-img\"><img decoding=\"async\" width=\"300\" height=\"300\" src=\"https:\/\/ixchiq.ca\/hcp\/wp-content\/uploads\/2024\/10\/Ixchic_Icon_Depressed.png\" class=\"attachment-full size-full wp-image-1043\" alt=\"\" srcset=\"https:\/\/ixchiq.ca\/hcp\/wp-content\/uploads\/2024\/10\/Ixchic_Icon_Depressed.png 300w, https:\/\/ixchiq.ca\/hcp\/wp-content\/uploads\/2024\/10\/Ixchic_Icon_Depressed-150x150.png 150w\" sizes=\"(max-width: 300px) 100vw, 300px\" \/><\/figure><div class=\"elementor-image-box-content\"><div class=\"elementor-image-box-title\">S\u00e9quelles \u00e9motionnelles<\/div><\/div><\/div>\t\t\t\t<\/div>\n\t\t\t\t<\/div>\n\t\t\t\t<div class=\"elementor-element elementor-element-703ef9e elementor-position-left elementor-vertical-align-middle elementor-widget elementor-widget-image-box\" data-id=\"703ef9e\" data-element_type=\"widget\" data-widget_type=\"image-box.default\">\n\t\t\t\t<div class=\"elementor-widget-container\">\n\t\t\t\t\t<div class=\"elementor-image-box-wrapper\"><figure class=\"elementor-image-box-img\"><img loading=\"lazy\" decoding=\"async\" width=\"300\" height=\"300\" src=\"https:\/\/ixchiq.ca\/hcp\/wp-content\/uploads\/2024\/10\/Ixchic_Icon_SocialLife.png\" class=\"attachment-full size-full wp-image-1044\" alt=\"\" srcset=\"https:\/\/ixchiq.ca\/hcp\/wp-content\/uploads\/2024\/10\/Ixchic_Icon_SocialLife.png 300w, https:\/\/ixchiq.ca\/hcp\/wp-content\/uploads\/2024\/10\/Ixchic_Icon_SocialLife-150x150.png 150w\" sizes=\"(max-width: 300px) 100vw, 300px\" \/><\/figure><div class=\"elementor-image-box-content\"><div class=\"elementor-image-box-title\">S\u00e9quelles psychosociales <\/div><\/div><\/div>\t\t\t\t<\/div>\n\t\t\t\t<\/div>\n\t\t\t\t<div class=\"elementor-element elementor-element-8cd2bc6 elementor-position-left elementor-vertical-align-middle elementor-widget elementor-widget-image-box\" data-id=\"8cd2bc6\" data-element_type=\"widget\" data-widget_type=\"image-box.default\">\n\t\t\t\t<div class=\"elementor-widget-container\">\n\t\t\t\t\t<div class=\"elementor-image-box-wrapper\"><figure class=\"elementor-image-box-img\"><img loading=\"lazy\" decoding=\"async\" width=\"300\" height=\"300\" src=\"https:\/\/ixchiq.ca\/hcp\/wp-content\/uploads\/2024\/10\/Ixchic_Icon_StoppingPhysicial.png\" class=\"attachment-full size-full wp-image-1045\" alt=\"\" srcset=\"https:\/\/ixchiq.ca\/hcp\/wp-content\/uploads\/2024\/10\/Ixchic_Icon_StoppingPhysicial.png 300w, https:\/\/ixchiq.ca\/hcp\/wp-content\/uploads\/2024\/10\/Ixchic_Icon_StoppingPhysicial-150x150.png 150w\" sizes=\"(max-width: 300px) 100vw, 300px\" \/><\/figure><div class=\"elementor-image-box-content\"><div class=\"elementor-image-box-title\">Raideur matinale <\/div><\/div><\/div>\t\t\t\t<\/div>\n\t\t\t\t<\/div>\n\t\t\t\t<\/div>\n\t\t\t\t<\/div>\n\t\t\t\t<\/div>\n\t\t<div class=\"elementor-element elementor-element-d462277 e-con-full e-flex e-con e-child\" data-id=\"d462277\" data-element_type=\"container\">\n\t\t<div class=\"elementor-element elementor-element-13f3ab0 e-con-full e-flex e-con e-child\" data-id=\"13f3ab0\" data-element_type=\"container\" data-settings=\"{&quot;background_background&quot;:&quot;classic&quot;}\">\n\t\t\t\t<div class=\"elementor-element elementor-element-7dd2a3f elementor-widget elementor-widget-text-editor\" data-id=\"7dd2a3f\" data-element_type=\"widget\" data-widget_type=\"text-editor.default\">\n\t\t\t\t<div class=\"elementor-widget-container\">\n\t\t\t\t\t\t\t\t\tSELON UNE \u00c9TUDE, LE CHIKUNGUNYA A \u00c9T\u00c9 ASSOCI\u00c9 \u00c0 <span style=\"display: inline-block;\">1,95 MILLION<\/span> D\u2019ANN\u00c9ES DE VIE AJUST\u00c9ES EN FONCTION DE L\u2019INCAPACIT\u00c9 ENTRE 2011 ET 2020<sup>8<\/sup>.\t\t\t\t\t\t\t\t<\/div>\n\t\t\t\t<\/div>\n\t\t\t\t<\/div>\n\t\t<div class=\"elementor-element elementor-element-65a5fe7 e-con-full e-flex e-con e-child\" data-id=\"65a5fe7\" data-element_type=\"container\" data-settings=\"{&quot;background_background&quot;:&quot;classic&quot;}\">\n\t\t\t\t<div class=\"elementor-element elementor-element-3c2f8d8 elementor-widget elementor-widget-heading\" data-id=\"3c2f8d8\" data-element_type=\"widget\" data-widget_type=\"heading.default\">\n\t\t\t\t<div class=\"elementor-widget-container\">\n\t\t\t\t\t<div class=\"elementor-heading-title elementor-size-default\">Il n\u2019existe actuellement aucun traitement sp\u00e9cifique contre le chikungunya<sup>3<\/sup><\/div>\t\t\t\t<\/div>\n\t\t\t\t<\/div>\n\t\t\t\t<\/div>\n\t\t\t\t<\/div>\n\t\t<div class=\"elementor-element elementor-element-5205ce9 e-con-full e-flex e-con e-child\" data-id=\"5205ce9\" data-element_type=\"container\">\n\t\t<div class=\"elementor-element elementor-element-181e753 e-con-full e-flex e-con e-child\" data-id=\"181e753\" data-element_type=\"container\">\n\t\t\t\t<div class=\"elementor-element elementor-element-742680c elementor-hidden-mobile elementor-widget elementor-widget-heading\" data-id=\"742680c\" data-element_type=\"widget\" data-widget_type=\"heading.default\">\n\t\t\t\t<div class=\"elementor-widget-container\">\n\t\t\t\t\t<h2 class=\"elementor-heading-title elementor-size-default\">IXCHIQ<sup>MC<\/sup> ne traite pas le chikungunya, ni ses sympt\u00f4mes, ni les complications qui peuvent en d\u00e9couler comme les effets sur la qualit\u00e9 de vie, les douleurs articulaires et musculaires, les s\u00e9quelles \u00e9motionnelles et psychosociales, la raideur matinale et les incapacit\u00e9s, et ne pr\u00e9vient pas les d\u00e9c\u00e8s. <\/h2>\t\t\t\t<\/div>\n\t\t\t\t<\/div>\n\t\t\t\t<\/div>\n\t\t\t\t<\/div>\n\t\t\t\t\t<\/div>\n\t\t\t\t<\/div>\n\t\t<div class=\"elementor-element elementor-element-4056cafe e-grid e-con-boxed e-con e-parent\" data-id=\"4056cafe\" data-element_type=\"container\">\n\t\t\t\t\t<div class=\"e-con-inner\">\n\t\t\t\t<div class=\"elementor-element elementor-element-8608d8c elementor-widget elementor-widget-heading\" data-id=\"8608d8c\" data-element_type=\"widget\" data-widget_type=\"heading.default\">\n\t\t\t\t<div class=\"elementor-widget-container\">\n\t\t\t\t\t<div class=\"elementor-heading-title elementor-size-default\">* Patient fictif.<\/div>\t\t\t\t<\/div>\n\t\t\t\t<\/div>\n\t\t\t\t<div class=\"elementor-element elementor-element-570426c1 elementor-align-right elementor-widget__width-inherit elementor-widget elementor-widget-button\" data-id=\"570426c1\" data-element_type=\"widget\" data-widget_type=\"button.default\">\n\t\t\t\t<div class=\"elementor-widget-container\">\n\t\t\t\t\t\t\t\t\t<div class=\"elementor-button-wrapper\">\n\t\t\t\t\t<a class=\"elementor-button elementor-button-link elementor-size-sm\" href=\"https:\/\/ixchiq.ca\/hcp\/fr\/a-propos-dixchiq\/\" id=\"btn_2\">\n\t\t\t\t\t\t<span class=\"elementor-button-content-wrapper\">\n\t\t\t\t\t\t<span class=\"elementor-button-icon\">\n\t\t\t\t<i aria-hidden=\"true\" class=\"fas fa-chevron-right\"><\/i>\t\t\t<\/span>\n\t\t\t\t\t\t\t\t\t<span class=\"elementor-button-text\">\u00c0 PROPOS D\u2019IXCHIQ<sup>MC<\/sup><\/span>\n\t\t\t\t\t<\/span>\n\t\t\t\t\t<\/a>\n\t\t\t\t<\/div>\n\t\t\t\t\t\t\t\t<\/div>\n\t\t\t\t<\/div>\n\t\t\t\t\t<\/div>\n\t\t\t\t<\/div>\n\t\t\t\t<\/div>\n\t\t","protected":false},"excerpt":{"rendered":"<p>Le virus du chikungunya peut causer des arthralgies persistantes pouvant avoir d&rsquo;importantes r\u00e9percussions sur la qualit\u00e9 de vie des patients4,22,24 \u00ab Le chikungunya a eu descons\u00e9quences n\u00e9fastes sur maqualit\u00e9 de vie. \u00bb \u2014Kevin* \u00ab Le chikungunya a eu des cons\u00e9quences n\u00e9fastes sur ma qualit\u00e9 de vie. \u00bb \u2014Kevin Douleur articulaire et musculaire S\u00e9quelles \u00e9motionnelles S\u00e9quelles [&hellip;]<\/p>\n","protected":false},"author":1,"featured_media":0,"parent":0,"menu_order":0,"comment_status":"closed","ping_status":"closed","template":"","meta":{"footnotes":""},"class_list":["post-2192","page","type-page","status-publish","hentry"],"yoast_head":"<!-- This site is optimized with the Yoast SEO plugin v26.8 - https:\/\/yoast.com\/product\/yoast-seo-wordpress\/ -->\n<title>Fardeau de la maladie - Ixchiq HCP<\/title>\n<meta name=\"robots\" content=\"index, follow, max-snippet:-1, max-image-preview:large, max-video-preview:-1\" \/>\n<link rel=\"canonical\" href=\"https:\/\/ixchiq.ca\/hcp\/fr\/fardeau-de-la-maladie\/\" \/>\n<meta property=\"og:locale\" content=\"fr_FR\" \/>\n<meta property=\"og:type\" content=\"article\" \/>\n<meta property=\"og:title\" content=\"Fardeau de la maladie - Ixchiq HCP\" \/>\n<meta property=\"og:description\" content=\"Le virus du chikungunya peut causer des arthralgies persistantes pouvant avoir d&rsquo;importantes r\u00e9percussions sur la qualit\u00e9 de vie des patients4,22,24 \u00ab Le chikungunya a eu descons\u00e9quences n\u00e9fastes sur maqualit\u00e9 de vie. \u00bb \u2014Kevin* \u00ab Le chikungunya a eu des cons\u00e9quences n\u00e9fastes sur ma qualit\u00e9 de vie. \u00bb \u2014Kevin Douleur articulaire et musculaire S\u00e9quelles \u00e9motionnelles S\u00e9quelles [&hellip;]\" \/>\n<meta property=\"og:url\" content=\"https:\/\/ixchiq.ca\/hcp\/fr\/fardeau-de-la-maladie\/\" \/>\n<meta property=\"og:site_name\" content=\"Ixchiq HCP\" \/>\n<meta property=\"article:modified_time\" content=\"2025-03-21T13:59:16+00:00\" \/>\n<meta property=\"og:image\" content=\"https:\/\/ixchiq.ca\/hcp\/wp-content\/uploads\/2024\/10\/kevin.png\" \/>\n<meta name=\"twitter:card\" content=\"summary_large_image\" \/>\n<meta name=\"twitter:label1\" content=\"Dur\u00e9e de lecture estim\u00e9e\" \/>\n\t<meta name=\"twitter:data1\" content=\"1 minute\" \/>\n<script type=\"application\/ld+json\" class=\"yoast-schema-graph\">{\"@context\":\"https:\/\/schema.org\",\"@graph\":[{\"@type\":\"WebPage\",\"@id\":\"https:\/\/ixchiq.ca\/hcp\/fr\/fardeau-de-la-maladie\/\",\"url\":\"https:\/\/ixchiq.ca\/hcp\/fr\/fardeau-de-la-maladie\/\",\"name\":\"Fardeau de la maladie - Ixchiq HCP\",\"isPartOf\":{\"@id\":\"https:\/\/ixchiq.ca\/hcp\/fr\/#website\"},\"primaryImageOfPage\":{\"@id\":\"https:\/\/ixchiq.ca\/hcp\/fr\/fardeau-de-la-maladie\/#primaryimage\"},\"image\":{\"@id\":\"https:\/\/ixchiq.ca\/hcp\/fr\/fardeau-de-la-maladie\/#primaryimage\"},\"thumbnailUrl\":\"https:\/\/ixchiq.ca\/hcp\/wp-content\/uploads\/2024\/10\/kevin.png\",\"datePublished\":\"2024-10-11T06:09:35+00:00\",\"dateModified\":\"2025-03-21T13:59:16+00:00\",\"breadcrumb\":{\"@id\":\"https:\/\/ixchiq.ca\/hcp\/fr\/fardeau-de-la-maladie\/#breadcrumb\"},\"inLanguage\":\"fr-FR\",\"potentialAction\":[{\"@type\":\"ReadAction\",\"target\":[\"https:\/\/ixchiq.ca\/hcp\/fr\/fardeau-de-la-maladie\/\"]}]},{\"@type\":\"ImageObject\",\"inLanguage\":\"fr-FR\",\"@id\":\"https:\/\/ixchiq.ca\/hcp\/fr\/fardeau-de-la-maladie\/#primaryimage\",\"url\":\"https:\/\/ixchiq.ca\/hcp\/wp-content\/uploads\/2024\/10\/kevin.png\",\"contentUrl\":\"https:\/\/ixchiq.ca\/hcp\/wp-content\/uploads\/2024\/10\/kevin.png\"},{\"@type\":\"BreadcrumbList\",\"@id\":\"https:\/\/ixchiq.ca\/hcp\/fr\/fardeau-de-la-maladie\/#breadcrumb\",\"itemListElement\":[{\"@type\":\"ListItem\",\"position\":1,\"name\":\"Home\",\"item\":\"https:\/\/ixchiq.ca\/hcp\/fr\/\"},{\"@type\":\"ListItem\",\"position\":2,\"name\":\"Fardeau de la maladie\"}]},{\"@type\":\"WebSite\",\"@id\":\"https:\/\/ixchiq.ca\/hcp\/fr\/#website\",\"url\":\"https:\/\/ixchiq.ca\/hcp\/fr\/\",\"name\":\"Ixchiq HCP\",\"description\":\"\",\"publisher\":{\"@id\":\"https:\/\/ixchiq.ca\/hcp\/fr\/#organization\"},\"potentialAction\":[{\"@type\":\"SearchAction\",\"target\":{\"@type\":\"EntryPoint\",\"urlTemplate\":\"https:\/\/ixchiq.ca\/hcp\/fr\/?s={search_term_string}\"},\"query-input\":{\"@type\":\"PropertyValueSpecification\",\"valueRequired\":true,\"valueName\":\"search_term_string\"}}],\"inLanguage\":\"fr-FR\"},{\"@type\":\"Organization\",\"@id\":\"https:\/\/ixchiq.ca\/hcp\/fr\/#organization\",\"name\":\"Ixchiq HCP\",\"url\":\"https:\/\/ixchiq.ca\/hcp\/fr\/\",\"logo\":{\"@type\":\"ImageObject\",\"inLanguage\":\"fr-FR\",\"@id\":\"https:\/\/ixchiq.ca\/hcp\/fr\/#\/schema\/logo\/image\/\",\"url\":\"https:\/\/ixchiq.ca\/hcp\/wp-content\/uploads\/2024\/10\/ixchiq-1.png\",\"contentUrl\":\"https:\/\/ixchiq.ca\/hcp\/wp-content\/uploads\/2024\/10\/ixchiq-1.png\",\"width\":500,\"height\":140,\"caption\":\"Ixchiq HCP\"},\"image\":{\"@id\":\"https:\/\/ixchiq.ca\/hcp\/fr\/#\/schema\/logo\/image\/\"}}]}<\/script>\n<!-- \/ Yoast SEO plugin. -->","yoast_head_json":{"title":"Fardeau de la maladie - Ixchiq HCP","robots":{"index":"index","follow":"follow","max-snippet":"max-snippet:-1","max-image-preview":"max-image-preview:large","max-video-preview":"max-video-preview:-1"},"canonical":"https:\/\/ixchiq.ca\/hcp\/fr\/fardeau-de-la-maladie\/","og_locale":"fr_FR","og_type":"article","og_title":"Fardeau de la maladie - Ixchiq HCP","og_description":"Le virus du chikungunya peut causer des arthralgies persistantes pouvant avoir d&rsquo;importantes r\u00e9percussions sur la qualit\u00e9 de vie des patients4,22,24 \u00ab Le chikungunya a eu descons\u00e9quences n\u00e9fastes sur maqualit\u00e9 de vie. \u00bb \u2014Kevin* \u00ab Le chikungunya a eu des cons\u00e9quences n\u00e9fastes sur ma qualit\u00e9 de vie. \u00bb \u2014Kevin Douleur articulaire et musculaire S\u00e9quelles \u00e9motionnelles S\u00e9quelles [&hellip;]","og_url":"https:\/\/ixchiq.ca\/hcp\/fr\/fardeau-de-la-maladie\/","og_site_name":"Ixchiq HCP","article_modified_time":"2025-03-21T13:59:16+00:00","og_image":[{"url":"https:\/\/ixchiq.ca\/hcp\/wp-content\/uploads\/2024\/10\/kevin.png","type":"","width":"","height":""}],"twitter_card":"summary_large_image","twitter_misc":{"Dur\u00e9e de lecture estim\u00e9e":"1 minute"},"schema":{"@context":"https:\/\/schema.org","@graph":[{"@type":"WebPage","@id":"https:\/\/ixchiq.ca\/hcp\/fr\/fardeau-de-la-maladie\/","url":"https:\/\/ixchiq.ca\/hcp\/fr\/fardeau-de-la-maladie\/","name":"Fardeau de la maladie - Ixchiq HCP","isPartOf":{"@id":"https:\/\/ixchiq.ca\/hcp\/fr\/#website"},"primaryImageOfPage":{"@id":"https:\/\/ixchiq.ca\/hcp\/fr\/fardeau-de-la-maladie\/#primaryimage"},"image":{"@id":"https:\/\/ixchiq.ca\/hcp\/fr\/fardeau-de-la-maladie\/#primaryimage"},"thumbnailUrl":"https:\/\/ixchiq.ca\/hcp\/wp-content\/uploads\/2024\/10\/kevin.png","datePublished":"2024-10-11T06:09:35+00:00","dateModified":"2025-03-21T13:59:16+00:00","breadcrumb":{"@id":"https:\/\/ixchiq.ca\/hcp\/fr\/fardeau-de-la-maladie\/#breadcrumb"},"inLanguage":"fr-FR","potentialAction":[{"@type":"ReadAction","target":["https:\/\/ixchiq.ca\/hcp\/fr\/fardeau-de-la-maladie\/"]}]},{"@type":"ImageObject","inLanguage":"fr-FR","@id":"https:\/\/ixchiq.ca\/hcp\/fr\/fardeau-de-la-maladie\/#primaryimage","url":"https:\/\/ixchiq.ca\/hcp\/wp-content\/uploads\/2024\/10\/kevin.png","contentUrl":"https:\/\/ixchiq.ca\/hcp\/wp-content\/uploads\/2024\/10\/kevin.png"},{"@type":"BreadcrumbList","@id":"https:\/\/ixchiq.ca\/hcp\/fr\/fardeau-de-la-maladie\/#breadcrumb","itemListElement":[{"@type":"ListItem","position":1,"name":"Home","item":"https:\/\/ixchiq.ca\/hcp\/fr\/"},{"@type":"ListItem","position":2,"name":"Fardeau de la maladie"}]},{"@type":"WebSite","@id":"https:\/\/ixchiq.ca\/hcp\/fr\/#website","url":"https:\/\/ixchiq.ca\/hcp\/fr\/","name":"Ixchiq HCP","description":"","publisher":{"@id":"https:\/\/ixchiq.ca\/hcp\/fr\/#organization"},"potentialAction":[{"@type":"SearchAction","target":{"@type":"EntryPoint","urlTemplate":"https:\/\/ixchiq.ca\/hcp\/fr\/?s={search_term_string}"},"query-input":{"@type":"PropertyValueSpecification","valueRequired":true,"valueName":"search_term_string"}}],"inLanguage":"fr-FR"},{"@type":"Organization","@id":"https:\/\/ixchiq.ca\/hcp\/fr\/#organization","name":"Ixchiq HCP","url":"https:\/\/ixchiq.ca\/hcp\/fr\/","logo":{"@type":"ImageObject","inLanguage":"fr-FR","@id":"https:\/\/ixchiq.ca\/hcp\/fr\/#\/schema\/logo\/image\/","url":"https:\/\/ixchiq.ca\/hcp\/wp-content\/uploads\/2024\/10\/ixchiq-1.png","contentUrl":"https:\/\/ixchiq.ca\/hcp\/wp-content\/uploads\/2024\/10\/ixchiq-1.png","width":500,"height":140,"caption":"Ixchiq HCP"},"image":{"@id":"https:\/\/ixchiq.ca\/hcp\/fr\/#\/schema\/logo\/image\/"}}]}},"_links":{"self":[{"href":"https:\/\/ixchiq.ca\/hcp\/fr\/wp-json\/wp\/v2\/pages\/2192","targetHints":{"allow":["GET"]}}],"collection":[{"href":"https:\/\/ixchiq.ca\/hcp\/fr\/wp-json\/wp\/v2\/pages"}],"about":[{"href":"https:\/\/ixchiq.ca\/hcp\/fr\/wp-json\/wp\/v2\/types\/page"}],"author":[{"embeddable":true,"href":"https:\/\/ixchiq.ca\/hcp\/fr\/wp-json\/wp\/v2\/users\/1"}],"replies":[{"embeddable":true,"href":"https:\/\/ixchiq.ca\/hcp\/fr\/wp-json\/wp\/v2\/comments?post=2192"}],"version-history":[{"count":76,"href":"https:\/\/ixchiq.ca\/hcp\/fr\/wp-json\/wp\/v2\/pages\/2192\/revisions"}],"predecessor-version":[{"id":3473,"href":"https:\/\/ixchiq.ca\/hcp\/fr\/wp-json\/wp\/v2\/pages\/2192\/revisions\/3473"}],"wp:attachment":[{"href":"https:\/\/ixchiq.ca\/hcp\/fr\/wp-json\/wp\/v2\/media?parent=2192"}],"curies":[{"name":"wp","href":"https:\/\/api.w.org\/{rel}","templated":true}]}}