{"id":2189,"date":"2024-10-11T06:51:37","date_gmt":"2024-10-11T06:51:37","guid":{"rendered":"https:\/\/ixchiq.ca\/hcp\/symptoms-of-chikungunya\/"},"modified":"2025-03-10T10:17:29","modified_gmt":"2025-03-10T10:17:29","slug":"symptoms-du-chikungunya","status":"publish","type":"page","link":"https:\/\/ixchiq.ca\/hcp\/fr\/symptoms-du-chikungunya\/","title":{"rendered":"Sympt\u00f4mes"},"content":{"rendered":"\t\t<div data-elementor-type=\"wp-page\" data-elementor-id=\"2189\" class=\"elementor elementor-2189 elementor-310\" data-elementor-post-type=\"page\">\n\t\t\t\t<div class=\"elementor-element elementor-element-afd3682 e-flex e-con-boxed e-con e-parent\" data-id=\"afd3682\" data-element_type=\"container\">\n\t\t\t\t\t<div class=\"e-con-inner\">\n\t\t\t\t<div class=\"elementor-element elementor-element-e707297 elementor-widget-divider--view-line elementor-widget elementor-widget-divider\" data-id=\"e707297\" data-element_type=\"widget\" data-widget_type=\"divider.default\">\n\t\t\t\t<div class=\"elementor-widget-container\">\n\t\t\t\t\t\t\t<div class=\"elementor-divider\">\n\t\t\t<span class=\"elementor-divider-separator\">\n\t\t\t\t\t\t<\/span>\n\t\t<\/div>\n\t\t\t\t\t\t<\/div>\n\t\t\t\t<\/div>\n\t\t\t\t<div class=\"elementor-element elementor-element-25b01f6 elementor-widget__width-initial elementor-widget elementor-widget-heading\" data-id=\"25b01f6\" data-element_type=\"widget\" data-widget_type=\"heading.default\">\n\t\t\t\t<div class=\"elementor-widget-container\">\n\t\t\t\t\t<h1 class=\"elementor-heading-title elementor-size-default\">Sympt\u00f4mes du chikungunya<\/h1>\t\t\t\t<\/div>\n\t\t\t\t<\/div>\n\t\t\t\t<div class=\"elementor-element elementor-element-ee4be53 elementor-widget elementor-widget-heading\" data-id=\"ee4be53\" data-element_type=\"widget\" data-widget_type=\"heading.default\">\n\t\t\t\t<div class=\"elementor-widget-container\">\n\t\t\t\t\t<span class=\"elementor-heading-title elementor-size-default\">Les douleurs articulaires et la forte fi\u00e8vre sont des caract\u00e9ristiques typiques du chikungunya<sup>16<\/sup><\/span>\t\t\t\t<\/div>\n\t\t\t\t<\/div>\n\t\t\t\t\t<\/div>\n\t\t\t\t<\/div>\n\t\t<div class=\"elementor-element elementor-element-f1b9a4d e-flex e-con-boxed e-con e-parent\" data-id=\"f1b9a4d\" data-element_type=\"container\">\n\t\t\t\t\t<div class=\"e-con-inner\">\n\t\t<div class=\"elementor-element elementor-element-cac24b6 e-con-full e-flex e-con e-child\" data-id=\"cac24b6\" data-element_type=\"container\">\n\t\t\t\t<div class=\"elementor-element elementor-element-b2b95dc elementor-widget elementor-widget-text-editor\" data-id=\"b2b95dc\" data-element_type=\"widget\" data-widget_type=\"text-editor.default\">\n\t\t\t\t<div class=\"elementor-widget-container\">\n\t\t\t\t\t\t\t\t\t<strong>Jusqu\u2019\u00e0 75 % des personnes infect\u00e9es par le virus du chikungunya sont symptomatiques<\/strong><sup>16,17<\/sup>. \t\t\t\t\t\t\t\t<\/div>\n\t\t\t\t<\/div>\n\t\t\t\t<div class=\"elementor-element elementor-element-ff2dbbd elementor-widget elementor-widget-text-editor\" data-id=\"ff2dbbd\" data-element_type=\"widget\" data-widget_type=\"text-editor.default\">\n\t\t\t\t<div class=\"elementor-widget-container\">\n\t\t\t\t\t\t\t\t\tLes sympt\u00f4mes du chikungunya peuvent ressembler \u00e0 ceux d\u2019autres infections comme la malaria, la fi\u00e8vre typho\u00efde et la dengue, ce qui complique le diagnostic<sup>3,18<\/sup>.\t\t\t\t\t\t\t\t<\/div>\n\t\t\t\t<\/div>\n\t\t\t\t<\/div>\n\t\t<div class=\"elementor-element elementor-element-68cbeda e-con-full e-flex e-con e-child\" data-id=\"68cbeda\" data-element_type=\"container\">\n\t\t\t\t<div class=\"elementor-element elementor-element-6de459f elementor-widget elementor-widget-heading\" data-id=\"6de459f\" data-element_type=\"widget\" data-widget_type=\"heading.default\">\n\t\t\t\t<div class=\"elementor-widget-container\">\n\t\t\t\t\t<div class=\"elementor-heading-title elementor-size-default\">Chez les personnes touch\u00e9es par des infections aigu\u00ebs, la maladie peut \u00e9voluer au stade chronique<sup>4,16,19<\/sup><\/div>\t\t\t\t<\/div>\n\t\t\t\t<\/div>\n\t\t\t\t<\/div>\n\t\t\t\t\t<\/div>\n\t\t\t\t<\/div>\n\t\t<div class=\"elementor-element elementor-element-7f2d14f e-flex e-con-boxed e-con e-parent\" data-id=\"7f2d14f\" data-element_type=\"container\">\n\t\t\t\t\t<div class=\"e-con-inner\">\n\t\t<div class=\"elementor-element elementor-element-dae1ee5 e-con-full e-flex e-con e-child\" data-id=\"dae1ee5\" data-element_type=\"container\" data-settings=\"{&quot;background_background&quot;:&quot;classic&quot;}\">\n\t\t\t\t<div class=\"elementor-element elementor-element-b0996f3 elementor-widget elementor-widget-heading\" data-id=\"b0996f3\" data-element_type=\"widget\" data-widget_type=\"heading.default\">\n\t\t\t\t<div class=\"elementor-widget-container\">\n\t\t\t\t\t<div class=\"elementor-heading-title elementor-size-default\">Phase Aigu\u00eb<\/div>\t\t\t\t<\/div>\n\t\t\t\t<\/div>\n\t\t<div class=\"elementor-element elementor-element-0a5c768 e-con-full e-flex e-con e-child\" data-id=\"0a5c768\" data-element_type=\"container\">\n\t\t<div class=\"elementor-element elementor-element-24d1217 e-con-full e-flex e-con e-child\" data-id=\"24d1217\" data-element_type=\"container\">\n\t\t\t\t<div class=\"elementor-element elementor-element-82b1932 elementor-widget elementor-widget-image\" data-id=\"82b1932\" data-element_type=\"widget\" data-widget_type=\"image.default\">\n\t\t\t\t<div class=\"elementor-widget-container\">\n\t\t\t\t\t\t\t\t\t\t\t\t\t\t\t<img fetchpriority=\"high\" decoding=\"async\" width=\"300\" height=\"300\" src=\"https:\/\/ixchiq.ca\/hcp\/wp-content\/uploads\/2024\/10\/Ixchic_Icon_Fever.png\" class=\"attachment-full size-full wp-image-1515\" alt=\"\" srcset=\"https:\/\/ixchiq.ca\/hcp\/wp-content\/uploads\/2024\/10\/Ixchic_Icon_Fever.png 300w, https:\/\/ixchiq.ca\/hcp\/wp-content\/uploads\/2024\/10\/Ixchic_Icon_Fever-150x150.png 150w\" sizes=\"(max-width: 300px) 100vw, 300px\" \/>\t\t\t\t\t\t\t\t\t\t\t\t\t\t\t<\/div>\n\t\t\t\t<\/div>\n\t\t\t\t<\/div>\n\t\t<div class=\"elementor-element elementor-element-97ee7b2 e-con-full e-flex e-con e-child\" data-id=\"97ee7b2\" data-element_type=\"container\">\n\t\t\t\t<div class=\"elementor-element elementor-element-a309baf elementor-widget elementor-widget-text-editor\" data-id=\"a309baf\" data-element_type=\"widget\" data-widget_type=\"text-editor.default\">\n\t\t\t\t<div class=\"elementor-widget-container\">\n\t\t\t\t\t\t\t\t\tLa phase aigu\u00eb se caract\u00e9rise le plus souvent par un <strong>acc\u00e8s soudain<\/strong> de <strong>forte fi\u00e8vre <\/strong> et de <strong>douleurs articulaires<\/strong><sup>6,16<\/sup>. \t\t\t\t\t\t\t\t<\/div>\n\t\t\t\t<\/div>\n\t\t\t\t<div class=\"elementor-element elementor-element-764356a elementor-widget elementor-widget-text-editor\" data-id=\"764356a\" data-element_type=\"widget\" data-widget_type=\"text-editor.default\">\n\t\t\t\t<div class=\"elementor-widget-container\">\n\t\t\t\t\t\t\t\t\t<div style=\"padding-bottom: 5px;\">Autres sympt\u00f4mes possibles<sup>6,16<\/sup> :<\/div><ul class=\"list\"><li>C\u00e9phal\u00e9e<\/li><li>Myalgie<\/li><li>Conjonctivite<\/li><li>Naus\u00e9es<\/li><li>Vomissements<\/li><li>\u00c9ruptions cutan\u00e9es<\/li><\/ul>\t\t\t\t\t\t\t\t<\/div>\n\t\t\t\t<\/div>\n\t\t\t\t<\/div>\n\t\t<div class=\"elementor-element elementor-element-7b48f46 e-con-full e-flex e-con e-child\" data-id=\"7b48f46\" data-element_type=\"container\">\n\t\t\t\t<div class=\"elementor-element elementor-element-5bee3a6 elementor-widget elementor-widget-html\" data-id=\"5bee3a6\" data-element_type=\"widget\" data-widget_type=\"html.default\">\n\t\t\t\t<div class=\"elementor-widget-container\">\n\t\t\t\t\t<table class=\"tbl_symptom\">\r\n<tbody>\r\n<tr><td class=\"td_head\">3 \u00e0 7 jours<\/td><td>les sympt\u00f4mes se manifestent habituellement apr\u00e8s une piq\u00fbre de moustique infect\u00e9<sup>16<\/sup><\/td><\/tr>\r\n<tr><td class=\"td_head\">5 \u00e0 7 jours<\/td><td>le virus est pr\u00e9sent dans la circulation sanguine<sup>20<\/sup><\/td><\/tr>\r\n<tr><td class=\"td_head\">7 \u00e0 10 jours<\/td><td>en g\u00e9n\u00e9ral, les sympt\u00f4mes aigus disparaissent<sup>16<\/sup><\/td><\/tr>\r\n<\/tbody>\r\n<\/table>\t\t\t\t<\/div>\n\t\t\t\t<\/div>\n\t\t\t\t<\/div>\n\t\t\t\t<\/div>\n\t\t\t\t<\/div>\n\t\t<div class=\"elementor-element elementor-element-f62e20c e-con-full e-flex e-con e-child\" data-id=\"f62e20c\" data-element_type=\"container\" data-settings=\"{&quot;background_background&quot;:&quot;classic&quot;}\">\n\t\t\t\t<div class=\"elementor-element elementor-element-1623360 elementor-widget elementor-widget-heading\" data-id=\"1623360\" data-element_type=\"widget\" data-widget_type=\"heading.default\">\n\t\t\t\t<div class=\"elementor-widget-container\">\n\t\t\t\t\t<div class=\"elementor-heading-title elementor-size-default\">Phase Chronique<\/div>\t\t\t\t<\/div>\n\t\t\t\t<\/div>\n\t\t<div class=\"elementor-element elementor-element-986de86 e-con-full e-flex e-con e-child\" data-id=\"986de86\" data-element_type=\"container\">\n\t\t<div class=\"elementor-element elementor-element-8d792a9 e-con-full e-flex e-con e-child\" data-id=\"8d792a9\" data-element_type=\"container\">\n\t\t\t\t<div class=\"elementor-element elementor-element-dc127d6 elementor-widget elementor-widget-image\" data-id=\"dc127d6\" data-element_type=\"widget\" data-widget_type=\"image.default\">\n\t\t\t\t<div class=\"elementor-widget-container\">\n\t\t\t\t\t\t\t\t\t\t\t\t\t\t\t<img decoding=\"async\" width=\"300\" height=\"300\" src=\"https:\/\/ixchiq.ca\/hcp\/wp-content\/uploads\/2024\/10\/Ixchic_Icon_43Percent.png\" class=\"attachment-full size-full wp-image-1516\" alt=\"\" srcset=\"https:\/\/ixchiq.ca\/hcp\/wp-content\/uploads\/2024\/10\/Ixchic_Icon_43Percent.png 300w, https:\/\/ixchiq.ca\/hcp\/wp-content\/uploads\/2024\/10\/Ixchic_Icon_43Percent-150x150.png 150w\" sizes=\"(max-width: 300px) 100vw, 300px\" \/>\t\t\t\t\t\t\t\t\t\t\t\t\t\t\t<\/div>\n\t\t\t\t<\/div>\n\t\t\t\t<\/div>\n\t\t<div class=\"elementor-element elementor-element-4463224 e-con-full e-flex e-con e-child\" data-id=\"4463224\" data-element_type=\"container\">\n\t\t\t\t<div class=\"elementor-element elementor-element-91b0274 elementor-widget elementor-widget-text-editor\" data-id=\"91b0274\" data-element_type=\"widget\" data-widget_type=\"text-editor.default\">\n\t\t\t\t<div class=\"elementor-widget-container\">\n\t\t\t\t\t\t\t\t\tLes r\u00e9sultats d\u2019une revue syst\u00e9matique\/m\u00e9ta-analyse montrent que <strong>43 % des patients atteints du chikungunya ne s\u2019\u00e9taient pas r\u00e9tablis apr\u00e8s 3 mois (n = 6532).<\/strong>\t\t\t\t\t\t\t\t<\/div>\n\t\t\t\t<\/div>\n\t\t\t\t<div class=\"elementor-element elementor-element-badffb9 elementor-widget elementor-widget-text-editor\" data-id=\"badffb9\" data-element_type=\"widget\" data-widget_type=\"text-editor.default\">\n\t\t\t\t<div class=\"elementor-widget-container\">\n\t\t\t\t\t\t\t\t\t<strong>Le stade chronique se caract\u00e9rise par des douleurs articulaires potentiellement invalidantes pouvant durer des mois, voire des ann\u00e9es<\/strong><sup>3,4,21,22<\/sup>. \t\t\t\t\t\t\t\t<\/div>\n\t\t\t\t<\/div>\n\t\t\t\t<\/div>\n\t\t<div class=\"elementor-element elementor-element-421c712 e-con-full e-flex e-con e-child\" data-id=\"421c712\" data-element_type=\"container\">\n\t\t\t\t<div class=\"elementor-element elementor-element-18880b3 elementor-widget elementor-widget-text-editor\" data-id=\"18880b3\" data-element_type=\"widget\" data-widget_type=\"text-editor.default\">\n\t\t\t\t<div class=\"elementor-widget-container\">\n\t\t\t\t\t\t\t\t\t<p>Bien qu\u2019elles rapportent diff\u00e9rents taux de sympt\u00f4mes \u00e0 long terme, toutes les \u00e9tudes mettent en \u00e9vidence le fardeau physique et potentiellement chronique du chikungunya chez certains patients\u00a0:<\/p>\t\t\t\t\t\t\t\t<\/div>\n\t\t\t\t<\/div>\n\t\t\t\t<div class=\"elementor-element elementor-element-cf573c2 elementor-widget elementor-widget-text-editor\" data-id=\"cf573c2\" data-element_type=\"widget\" data-widget_type=\"text-editor.default\">\n\t\t\t\t<div class=\"elementor-widget-container\">\n\t\t\t\t\t\t\t\t\t<ul class=\"para\">\n \t<li>Dans un rapport, <strong>78,6 %<\/strong> des 173 personnes infect\u00e9es par le virus du chikungunya <strong>ont indiqu\u00e9 avoir des sympt\u00f4mes musculosquelettiques persistants apr\u00e8s deux ans<\/strong><sup>4,22,23<\/sup>.<\/li>\n \t<li>D\u2019autres donn\u00e9es ont montr\u00e9 que <strong>jusqu\u2019\u00e0 72 % des patients<\/strong> dont l\u2019\u00e9tat s\u2019est am\u00e9lior\u00e9 consid\u00e9rablement et h\u00e2tivement peuvent conna\u00eetre une rechute une semaine \u00e0 <strong>plusieurs ann\u00e9es<\/strong> apr\u00e8s la disparition des premiers sympt\u00f4mes. La rechute se caract\u00e9rise par diff\u00e9rents sympt\u00f4mes et touche les m\u00eames articulations que dans la premi\u00e8re phase<sup>22<\/sup>.\n<ul style=\"padding-top: 10px;\">\n \t<li>Les sympt\u00f4mes articulaires chroniques peuvent inclure l\u2019oligo- ou la polyarthralgie d\u2019intensit\u00e9 variable, habituellement sym\u00e9trique, principalement dans les poignets, les mains, les chevilles et les genoux, et ils sont associ\u00e9s \u00e0 une raideur matinale et \u00e0 un \u0153d\u00e8me articulaire<sup>22<\/sup>.<\/li>\n<\/ul>\n<\/li>\n<\/ul>\t\t\t\t\t\t\t\t<\/div>\n\t\t\t\t<\/div>\n\t\t\t\t<\/div>\n\t\t\t\t<\/div>\n\t\t\t\t<\/div>\n\t\t<div class=\"elementor-element elementor-element-3b7859e e-con-full e-flex e-con e-child\" data-id=\"3b7859e\" data-element_type=\"container\">\n\t\t<div class=\"elementor-element elementor-element-ae0e554 e-con-full e-flex e-con e-child\" data-id=\"ae0e554\" data-element_type=\"container\" data-settings=\"{&quot;background_background&quot;:&quot;classic&quot;}\">\n\t\t\t\t<div class=\"elementor-element elementor-element-73fbdef elementor-widget elementor-widget-heading\" data-id=\"73fbdef\" data-element_type=\"widget\" data-widget_type=\"heading.default\">\n\t\t\t\t<div class=\"elementor-widget-container\">\n\t\t\t\t\t<div class=\"elementor-heading-title elementor-size-default\">Les <b>changements histopathologiques <\/b> dans le tissu synovial  <b>apr\u00e8s une infection au virus du chikungunya ressemblent \u00e0 ceux observ\u00e9s chez les patients atteints d\u2019arthrite rhumato\u00efde  <\/b> ou d\u2019autres maladies inflammatoires chroniques des articulations<sup>22<\/sup>.<\/div>\t\t\t\t<\/div>\n\t\t\t\t<\/div>\n\t\t\t\t<\/div>\n\t\t<div class=\"elementor-element elementor-element-5fc499f e-con-full e-flex e-con e-child\" data-id=\"5fc499f\" data-element_type=\"container\" data-settings=\"{&quot;background_background&quot;:&quot;classic&quot;}\">\n\t\t\t\t<div class=\"elementor-element elementor-element-e6910fb elementor-widget elementor-widget-heading\" data-id=\"e6910fb\" data-element_type=\"widget\" data-widget_type=\"heading.default\">\n\t\t\t\t<div class=\"elementor-widget-container\">\n\t\t\t\t\t<div class=\"elementor-heading-title elementor-size-default\">La douleur articulaire intense caus\u00e9e par le virus du chikungunya peut durer des mois, voire des ann\u00e9es apr\u00e8s l\u2019infection<sup>3,4,21<\/sup>.<\/div>\t\t\t\t<\/div>\n\t\t\t\t<\/div>\n\t\t\t\t<\/div>\n\t\t\t\t<\/div>\n\t\t\t\t\t<\/div>\n\t\t\t\t<\/div>\n\t\t<div class=\"elementor-element elementor-element-8090cf6 e-flex e-con-boxed e-con e-parent\" data-id=\"8090cf6\" data-element_type=\"container\">\n\t\t\t\t\t<div class=\"e-con-inner\">\n\t\t<div class=\"elementor-element elementor-element-8d3ef54 e-con-full e-flex e-con e-child\" data-id=\"8d3ef54\" data-element_type=\"container\">\n\t\t<div class=\"elementor-element elementor-element-6f7718e e-con-full e-flex e-con e-child\" data-id=\"6f7718e\" data-element_type=\"container\">\n\t\t\t\t<div class=\"elementor-element elementor-element-0dfd317 elementor-widget elementor-widget-heading\" data-id=\"0dfd317\" data-element_type=\"widget\" data-widget_type=\"heading.default\">\n\t\t\t\t<div class=\"elementor-widget-container\">\n\t\t\t\t\t<div class=\"elementor-heading-title elementor-size-default\">IXCHIQ<sup>MC<\/sup> ne traite pas le chikungunya, ni ses sympt\u00f4mes, ni les complications qui peuvent en d\u00e9couler comme les sympt\u00f4mes musculosquelettiques chroniques invalidants, y compris la douleur articulaire, l\u2019\u0153d\u00e8me articulaire et la raideur matinale.<\/div>\t\t\t\t<\/div>\n\t\t\t\t<\/div>\n\t\t\t\t<\/div>\n\t\t\t\t<\/div>\n\t\t\t\t\t<\/div>\n\t\t\t\t<\/div>\n\t\t<div class=\"elementor-element elementor-element-6613e2b0 e-flex e-con-boxed e-con e-parent\" data-id=\"6613e2b0\" data-element_type=\"container\">\n\t\t\t\t\t<div class=\"e-con-inner\">\n\t\t\t\t<div class=\"elementor-element elementor-element-1f482f51 elementor-align-right elementor-widget__width-inherit elementor-widget elementor-widget-button\" data-id=\"1f482f51\" data-element_type=\"widget\" data-widget_type=\"button.default\">\n\t\t\t\t<div class=\"elementor-widget-container\">\n\t\t\t\t\t\t\t\t\t<div class=\"elementor-button-wrapper\">\n\t\t\t\t\t<a class=\"elementor-button elementor-button-link elementor-size-sm\" href=\"https:\/\/ixchiq.ca\/hcp\/fr\/fardeau-de-la-maladie\/\" id=\"btn_2\">\n\t\t\t\t\t\t<span class=\"elementor-button-content-wrapper\">\n\t\t\t\t\t\t<span class=\"elementor-button-icon\">\n\t\t\t\t<i aria-hidden=\"true\" class=\"fas fa-chevron-right\"><\/i>\t\t\t<\/span>\n\t\t\t\t\t\t\t\t\t<span class=\"elementor-button-text\">FARDEAU DE LA MALADIE<\/span>\n\t\t\t\t\t<\/span>\n\t\t\t\t\t<\/a>\n\t\t\t\t<\/div>\n\t\t\t\t\t\t\t\t<\/div>\n\t\t\t\t<\/div>\n\t\t\t\t\t<\/div>\n\t\t\t\t<\/div>\n\t\t\t\t<\/div>\n\t\t","protected":false},"excerpt":{"rendered":"<p>Sympt\u00f4mes du chikungunya Les douleurs articulaires et la forte fi\u00e8vre sont des caract\u00e9ristiques typiques du chikungunya16 Jusqu\u2019\u00e0 75 % des personnes infect\u00e9es par le virus du chikungunya sont symptomatiques16,17. Les sympt\u00f4mes du chikungunya peuvent ressembler \u00e0 ceux d\u2019autres infections comme la malaria, la fi\u00e8vre typho\u00efde et la dengue, ce qui complique le diagnostic3,18. Chez les [&hellip;]<\/p>\n","protected":false},"author":1,"featured_media":0,"parent":0,"menu_order":0,"comment_status":"closed","ping_status":"closed","template":"","meta":{"footnotes":""},"class_list":["post-2189","page","type-page","status-publish","hentry"],"yoast_head":"<!-- This site is optimized with the Yoast SEO plugin v26.8 - https:\/\/yoast.com\/product\/yoast-seo-wordpress\/ -->\n<title>Sympt\u00f4mes - Ixchiq HCP<\/title>\n<meta name=\"robots\" content=\"index, follow, max-snippet:-1, max-image-preview:large, max-video-preview:-1\" \/>\n<link rel=\"canonical\" href=\"https:\/\/ixchiq.ca\/hcp\/fr\/symptoms-du-chikungunya\/\" \/>\n<meta property=\"og:locale\" content=\"fr_FR\" \/>\n<meta property=\"og:type\" content=\"article\" \/>\n<meta property=\"og:title\" content=\"Sympt\u00f4mes - Ixchiq HCP\" \/>\n<meta property=\"og:description\" content=\"Sympt\u00f4mes du chikungunya Les douleurs articulaires et la forte fi\u00e8vre sont des caract\u00e9ristiques typiques du chikungunya16 Jusqu\u2019\u00e0 75 % des personnes infect\u00e9es par le virus du chikungunya sont symptomatiques16,17. Les sympt\u00f4mes du chikungunya peuvent ressembler \u00e0 ceux d\u2019autres infections comme la malaria, la fi\u00e8vre typho\u00efde et la dengue, ce qui complique le diagnostic3,18. Chez les [&hellip;]\" \/>\n<meta property=\"og:url\" content=\"https:\/\/ixchiq.ca\/hcp\/fr\/symptoms-du-chikungunya\/\" \/>\n<meta property=\"og:site_name\" content=\"Ixchiq HCP\" \/>\n<meta property=\"article:modified_time\" content=\"2025-03-10T10:17:29+00:00\" \/>\n<meta property=\"og:image\" content=\"https:\/\/ixchiq.ca\/hcp\/wp-content\/uploads\/2024\/10\/Ixchic_Icon_Fever.png\" \/>\n<meta name=\"twitter:card\" content=\"summary_large_image\" \/>\n<meta name=\"twitter:label1\" content=\"Dur\u00e9e de lecture estim\u00e9e\" \/>\n\t<meta name=\"twitter:data1\" content=\"2 minutes\" \/>\n<script type=\"application\/ld+json\" class=\"yoast-schema-graph\">{\"@context\":\"https:\/\/schema.org\",\"@graph\":[{\"@type\":\"WebPage\",\"@id\":\"https:\/\/ixchiq.ca\/hcp\/fr\/symptoms-du-chikungunya\/\",\"url\":\"https:\/\/ixchiq.ca\/hcp\/fr\/symptoms-du-chikungunya\/\",\"name\":\"Sympt\u00f4mes - Ixchiq HCP\",\"isPartOf\":{\"@id\":\"https:\/\/ixchiq.ca\/hcp\/fr\/#website\"},\"primaryImageOfPage\":{\"@id\":\"https:\/\/ixchiq.ca\/hcp\/fr\/symptoms-du-chikungunya\/#primaryimage\"},\"image\":{\"@id\":\"https:\/\/ixchiq.ca\/hcp\/fr\/symptoms-du-chikungunya\/#primaryimage\"},\"thumbnailUrl\":\"https:\/\/ixchiq.ca\/hcp\/wp-content\/uploads\/2024\/10\/Ixchic_Icon_Fever.png\",\"datePublished\":\"2024-10-11T06:51:37+00:00\",\"dateModified\":\"2025-03-10T10:17:29+00:00\",\"breadcrumb\":{\"@id\":\"https:\/\/ixchiq.ca\/hcp\/fr\/symptoms-du-chikungunya\/#breadcrumb\"},\"inLanguage\":\"fr-FR\",\"potentialAction\":[{\"@type\":\"ReadAction\",\"target\":[\"https:\/\/ixchiq.ca\/hcp\/fr\/symptoms-du-chikungunya\/\"]}]},{\"@type\":\"ImageObject\",\"inLanguage\":\"fr-FR\",\"@id\":\"https:\/\/ixchiq.ca\/hcp\/fr\/symptoms-du-chikungunya\/#primaryimage\",\"url\":\"https:\/\/ixchiq.ca\/hcp\/wp-content\/uploads\/2024\/10\/Ixchic_Icon_Fever.png\",\"contentUrl\":\"https:\/\/ixchiq.ca\/hcp\/wp-content\/uploads\/2024\/10\/Ixchic_Icon_Fever.png\"},{\"@type\":\"BreadcrumbList\",\"@id\":\"https:\/\/ixchiq.ca\/hcp\/fr\/symptoms-du-chikungunya\/#breadcrumb\",\"itemListElement\":[{\"@type\":\"ListItem\",\"position\":1,\"name\":\"Home\",\"item\":\"https:\/\/ixchiq.ca\/hcp\/fr\/\"},{\"@type\":\"ListItem\",\"position\":2,\"name\":\"Sympt\u00f4mes\"}]},{\"@type\":\"WebSite\",\"@id\":\"https:\/\/ixchiq.ca\/hcp\/fr\/#website\",\"url\":\"https:\/\/ixchiq.ca\/hcp\/fr\/\",\"name\":\"Ixchiq HCP\",\"description\":\"\",\"publisher\":{\"@id\":\"https:\/\/ixchiq.ca\/hcp\/fr\/#organization\"},\"potentialAction\":[{\"@type\":\"SearchAction\",\"target\":{\"@type\":\"EntryPoint\",\"urlTemplate\":\"https:\/\/ixchiq.ca\/hcp\/fr\/?s={search_term_string}\"},\"query-input\":{\"@type\":\"PropertyValueSpecification\",\"valueRequired\":true,\"valueName\":\"search_term_string\"}}],\"inLanguage\":\"fr-FR\"},{\"@type\":\"Organization\",\"@id\":\"https:\/\/ixchiq.ca\/hcp\/fr\/#organization\",\"name\":\"Ixchiq HCP\",\"url\":\"https:\/\/ixchiq.ca\/hcp\/fr\/\",\"logo\":{\"@type\":\"ImageObject\",\"inLanguage\":\"fr-FR\",\"@id\":\"https:\/\/ixchiq.ca\/hcp\/fr\/#\/schema\/logo\/image\/\",\"url\":\"https:\/\/ixchiq.ca\/hcp\/wp-content\/uploads\/2024\/10\/ixchiq-1.png\",\"contentUrl\":\"https:\/\/ixchiq.ca\/hcp\/wp-content\/uploads\/2024\/10\/ixchiq-1.png\",\"width\":500,\"height\":140,\"caption\":\"Ixchiq HCP\"},\"image\":{\"@id\":\"https:\/\/ixchiq.ca\/hcp\/fr\/#\/schema\/logo\/image\/\"}}]}<\/script>\n<!-- \/ Yoast SEO plugin. -->","yoast_head_json":{"title":"Sympt\u00f4mes - Ixchiq HCP","robots":{"index":"index","follow":"follow","max-snippet":"max-snippet:-1","max-image-preview":"max-image-preview:large","max-video-preview":"max-video-preview:-1"},"canonical":"https:\/\/ixchiq.ca\/hcp\/fr\/symptoms-du-chikungunya\/","og_locale":"fr_FR","og_type":"article","og_title":"Sympt\u00f4mes - Ixchiq HCP","og_description":"Sympt\u00f4mes du chikungunya Les douleurs articulaires et la forte fi\u00e8vre sont des caract\u00e9ristiques typiques du chikungunya16 Jusqu\u2019\u00e0 75 % des personnes infect\u00e9es par le virus du chikungunya sont symptomatiques16,17. Les sympt\u00f4mes du chikungunya peuvent ressembler \u00e0 ceux d\u2019autres infections comme la malaria, la fi\u00e8vre typho\u00efde et la dengue, ce qui complique le diagnostic3,18. Chez les [&hellip;]","og_url":"https:\/\/ixchiq.ca\/hcp\/fr\/symptoms-du-chikungunya\/","og_site_name":"Ixchiq HCP","article_modified_time":"2025-03-10T10:17:29+00:00","og_image":[{"url":"https:\/\/ixchiq.ca\/hcp\/wp-content\/uploads\/2024\/10\/Ixchic_Icon_Fever.png","type":"","width":"","height":""}],"twitter_card":"summary_large_image","twitter_misc":{"Dur\u00e9e de lecture estim\u00e9e":"2 minutes"},"schema":{"@context":"https:\/\/schema.org","@graph":[{"@type":"WebPage","@id":"https:\/\/ixchiq.ca\/hcp\/fr\/symptoms-du-chikungunya\/","url":"https:\/\/ixchiq.ca\/hcp\/fr\/symptoms-du-chikungunya\/","name":"Sympt\u00f4mes - Ixchiq HCP","isPartOf":{"@id":"https:\/\/ixchiq.ca\/hcp\/fr\/#website"},"primaryImageOfPage":{"@id":"https:\/\/ixchiq.ca\/hcp\/fr\/symptoms-du-chikungunya\/#primaryimage"},"image":{"@id":"https:\/\/ixchiq.ca\/hcp\/fr\/symptoms-du-chikungunya\/#primaryimage"},"thumbnailUrl":"https:\/\/ixchiq.ca\/hcp\/wp-content\/uploads\/2024\/10\/Ixchic_Icon_Fever.png","datePublished":"2024-10-11T06:51:37+00:00","dateModified":"2025-03-10T10:17:29+00:00","breadcrumb":{"@id":"https:\/\/ixchiq.ca\/hcp\/fr\/symptoms-du-chikungunya\/#breadcrumb"},"inLanguage":"fr-FR","potentialAction":[{"@type":"ReadAction","target":["https:\/\/ixchiq.ca\/hcp\/fr\/symptoms-du-chikungunya\/"]}]},{"@type":"ImageObject","inLanguage":"fr-FR","@id":"https:\/\/ixchiq.ca\/hcp\/fr\/symptoms-du-chikungunya\/#primaryimage","url":"https:\/\/ixchiq.ca\/hcp\/wp-content\/uploads\/2024\/10\/Ixchic_Icon_Fever.png","contentUrl":"https:\/\/ixchiq.ca\/hcp\/wp-content\/uploads\/2024\/10\/Ixchic_Icon_Fever.png"},{"@type":"BreadcrumbList","@id":"https:\/\/ixchiq.ca\/hcp\/fr\/symptoms-du-chikungunya\/#breadcrumb","itemListElement":[{"@type":"ListItem","position":1,"name":"Home","item":"https:\/\/ixchiq.ca\/hcp\/fr\/"},{"@type":"ListItem","position":2,"name":"Sympt\u00f4mes"}]},{"@type":"WebSite","@id":"https:\/\/ixchiq.ca\/hcp\/fr\/#website","url":"https:\/\/ixchiq.ca\/hcp\/fr\/","name":"Ixchiq HCP","description":"","publisher":{"@id":"https:\/\/ixchiq.ca\/hcp\/fr\/#organization"},"potentialAction":[{"@type":"SearchAction","target":{"@type":"EntryPoint","urlTemplate":"https:\/\/ixchiq.ca\/hcp\/fr\/?s={search_term_string}"},"query-input":{"@type":"PropertyValueSpecification","valueRequired":true,"valueName":"search_term_string"}}],"inLanguage":"fr-FR"},{"@type":"Organization","@id":"https:\/\/ixchiq.ca\/hcp\/fr\/#organization","name":"Ixchiq HCP","url":"https:\/\/ixchiq.ca\/hcp\/fr\/","logo":{"@type":"ImageObject","inLanguage":"fr-FR","@id":"https:\/\/ixchiq.ca\/hcp\/fr\/#\/schema\/logo\/image\/","url":"https:\/\/ixchiq.ca\/hcp\/wp-content\/uploads\/2024\/10\/ixchiq-1.png","contentUrl":"https:\/\/ixchiq.ca\/hcp\/wp-content\/uploads\/2024\/10\/ixchiq-1.png","width":500,"height":140,"caption":"Ixchiq HCP"},"image":{"@id":"https:\/\/ixchiq.ca\/hcp\/fr\/#\/schema\/logo\/image\/"}}]}},"_links":{"self":[{"href":"https:\/\/ixchiq.ca\/hcp\/fr\/wp-json\/wp\/v2\/pages\/2189","targetHints":{"allow":["GET"]}}],"collection":[{"href":"https:\/\/ixchiq.ca\/hcp\/fr\/wp-json\/wp\/v2\/pages"}],"about":[{"href":"https:\/\/ixchiq.ca\/hcp\/fr\/wp-json\/wp\/v2\/types\/page"}],"author":[{"embeddable":true,"href":"https:\/\/ixchiq.ca\/hcp\/fr\/wp-json\/wp\/v2\/users\/1"}],"replies":[{"embeddable":true,"href":"https:\/\/ixchiq.ca\/hcp\/fr\/wp-json\/wp\/v2\/comments?post=2189"}],"version-history":[{"count":37,"href":"https:\/\/ixchiq.ca\/hcp\/fr\/wp-json\/wp\/v2\/pages\/2189\/revisions"}],"predecessor-version":[{"id":3034,"href":"https:\/\/ixchiq.ca\/hcp\/fr\/wp-json\/wp\/v2\/pages\/2189\/revisions\/3034"}],"wp:attachment":[{"href":"https:\/\/ixchiq.ca\/hcp\/fr\/wp-json\/wp\/v2\/media?parent=2189"}],"curies":[{"name":"wp","href":"https:\/\/api.w.org\/{rel}","templated":true}]}}