{"id":2187,"date":"2024-10-11T07:54:51","date_gmt":"2024-10-11T07:54:51","guid":{"rendered":"https:\/\/ixchiq.ca\/hcp\/at-risk-areas\/"},"modified":"2025-03-11T13:22:00","modified_gmt":"2025-03-11T13:22:00","slug":"regions-a-risque","status":"publish","type":"page","link":"https:\/\/ixchiq.ca\/hcp\/fr\/regions-a-risque\/","title":{"rendered":"R\u00e9gions \u00e0 risque"},"content":{"rendered":"\t\t<div data-elementor-type=\"wp-page\" data-elementor-id=\"2187\" class=\"elementor elementor-2187 elementor-361\" data-elementor-post-type=\"page\">\n\t\t\t\t<div class=\"elementor-element elementor-element-9369a84 e-flex e-con-boxed e-con e-parent\" data-id=\"9369a84\" data-element_type=\"container\">\n\t\t\t\t\t<div class=\"e-con-inner\">\n\t\t\t\t<div class=\"elementor-element elementor-element-2cea040 elementor-widget-divider--view-line elementor-widget elementor-widget-divider\" data-id=\"2cea040\" data-element_type=\"widget\" data-widget_type=\"divider.default\">\n\t\t\t\t<div class=\"elementor-widget-container\">\n\t\t\t\t\t\t\t<div class=\"elementor-divider\">\n\t\t\t<span class=\"elementor-divider-separator\">\n\t\t\t\t\t\t<\/span>\n\t\t<\/div>\n\t\t\t\t\t\t<\/div>\n\t\t\t\t<\/div>\n\t\t\t\t<div class=\"elementor-element elementor-element-d29f5cc elementor-widget__width-initial elementor-widget elementor-widget-heading\" data-id=\"d29f5cc\" data-element_type=\"widget\" data-widget_type=\"heading.default\">\n\t\t\t\t<div class=\"elementor-widget-container\">\n\t\t\t\t\t<h1 class=\"elementor-heading-title elementor-size-default\">R\u00e9gions \u00e0 risque pour le virus du chikungunya<sup>3<\/sup><\/h1>\t\t\t\t<\/div>\n\t\t\t\t<\/div>\n\t\t\t\t\t<\/div>\n\t\t\t\t<\/div>\n\t\t<div class=\"elementor-element elementor-element-55b6998 e-flex e-con-boxed e-con e-parent\" data-id=\"55b6998\" data-element_type=\"container\">\n\t\t\t\t\t<div class=\"e-con-inner\">\n\t\t<div class=\"elementor-element elementor-element-a08c6dc e-con-full e-flex e-con e-child\" data-id=\"a08c6dc\" data-element_type=\"container\">\n\t\t\t\t<div class=\"elementor-element elementor-element-be90421 elementor-widget__width-inherit elementor-widget elementor-widget-text-editor\" data-id=\"be90421\" data-element_type=\"widget\" data-widget_type=\"text-editor.default\">\n\t\t\t\t<div class=\"elementor-widget-container\">\n\t\t\t\t\t\t\t\t\tLe chikungunya, une maladie transmise par les moustiques, est de plus en plus fr\u00e9quent et r\u00e9pandu en Asie, en Afrique, en Europe et en Am\u00e9rique<sup>3<\/sup>.\t\t\t\t\t\t\t\t<\/div>\n\t\t\t\t<\/div>\n\t\t\t\t<div class=\"elementor-element elementor-element-6877526 elementor-widget__width-inherit elementor-widget elementor-widget-text-editor\" data-id=\"6877526\" data-element_type=\"widget\" data-widget_type=\"text-editor.default\">\n\t\t\t\t<div class=\"elementor-widget-container\">\n\t\t\t\t\t\t\t\t\tSelon une \u00e9tude, <strong>18,7\u00a0millions de cas de chikungunya<\/strong> ont \u00e9t\u00e9 r\u00e9pertori\u00e9s dans <strong>110\u00a0pays<\/strong> entre 2011 et 2020<sup>8<\/sup>. \t\t\t\t\t\t\t\t<\/div>\n\t\t\t\t<\/div>\n\t\t\t\t<div class=\"elementor-element elementor-element-dd4d2fe elementor-widget__width-inherit elementor-widget elementor-widget-text-editor\" data-id=\"dd4d2fe\" data-element_type=\"widget\" data-widget_type=\"text-editor.default\">\n\t\t\t\t<div class=\"elementor-widget-container\">\n\t\t\t\t\t\t\t\t\tOn estime que <strong>plus des trois quarts de la population mondiale <\/strong> habitent dans des r\u00e9gions o\u00f9 le risque de contracter le chikungunya est pr\u00e9sent (selon des estimations de 2015)<sup>9<\/sup>.\t\t\t\t\t\t\t\t<\/div>\n\t\t\t\t<\/div>\n\t\t\t\t<\/div>\n\t\t<div class=\"elementor-element elementor-element-0322490 e-con-full e-flex e-con e-child\" data-id=\"0322490\" data-element_type=\"container\">\n\t\t\t\t<div class=\"elementor-element elementor-element-4a5c10e elementor-widget__width-inherit elementor-widget elementor-widget-text-editor\" data-id=\"4a5c10e\" data-element_type=\"widget\" data-widget_type=\"text-editor.default\">\n\t\t\t\t<div class=\"elementor-widget-container\">\n\t\t\t\t\t\t\t\t\t<strong>Les r\u00e9gions les plus \u00e0 risque <\/strong> pour les voyageurs sont les Am\u00e9riques, certaines r\u00e9gions d\u2019Afrique et l\u2019Asie du Sud-Est<sup>10<\/sup>.\t\t\t\t\t\t\t\t<\/div>\n\t\t\t\t<\/div>\n\t\t\t\t<div class=\"elementor-element elementor-element-9a2146c elementor-widget__width-inherit elementor-widget elementor-widget-text-editor\" data-id=\"9a2146c\" data-element_type=\"widget\" data-widget_type=\"text-editor.default\">\n\t\t\t\t<div class=\"elementor-widget-container\">\n\t\t\t\t\t\t\t\t\tDe r\u00e9centes \u00e9closions en Argentine, au Paraguay et en Uruguay corroborent les pr\u00e9visions relatives \u00e0 <strong>l\u2019implication possible des changements climatiques dans l\u2019expansion du virus du chikungunya<\/strong>. Cette expansion accro\u00eet le risque de transmission \u00e9pid\u00e9mique dans des r\u00e9gions temp\u00e9r\u00e9es tr\u00e8s peupl\u00e9es comme les \u00c9tats\u2013Unis, la Chine et l\u2019Europe continentale<sup>11<\/sup>. \t\t\t\t\t\t\t\t<\/div>\n\t\t\t\t<\/div>\n\t\t\t\t<\/div>\n\t\t\t\t\t<\/div>\n\t\t\t\t<\/div>\n\t\t<div class=\"elementor-element elementor-element-18148bf e-flex e-con-boxed e-con e-parent\" data-id=\"18148bf\" data-element_type=\"container\">\n\t\t\t\t\t<div class=\"e-con-inner\">\n\t\t\t\t<div class=\"elementor-element elementor-element-3f66eed elementor-widget__width-initial elementor-widget-mobile__width-inherit elementor-widget elementor-widget-heading\" data-id=\"3f66eed\" data-element_type=\"widget\" data-widget_type=\"heading.default\">\n\t\t\t\t<div class=\"elementor-widget-container\">\n\t\t\t\t\t<div class=\"elementor-heading-title elementor-size-default\">Pays ayant connu des \u00e9closions de chikungunya ou une transmission av\u00e9r\u00e9e du virus aux humains, au cours des cinq derni\u00e8res ann\u00e9es (en date du 8 novembre 2024)<sup>10<\/sup><\/div>\t\t\t\t<\/div>\n\t\t\t\t<\/div>\n\t\t\t\t\t<\/div>\n\t\t\t\t<\/div>\n\t\t<div class=\"elementor-element elementor-element-e594027 e-flex e-con-boxed e-con e-parent\" data-id=\"e594027\" data-element_type=\"container\" data-settings=\"{&quot;background_background&quot;:&quot;classic&quot;}\">\n\t\t\t\t\t<div class=\"e-con-inner\">\n\t\t<div class=\"elementor-element elementor-element-4c703b0 e-con-full e-flex e-con e-child\" data-id=\"4c703b0\" data-element_type=\"container\">\n\t\t<div class=\"elementor-element elementor-element-7a84c29 e-con-full e-flex e-con e-child\" data-id=\"7a84c29\" data-element_type=\"container\">\n\t\t\t\t<div class=\"elementor-element elementor-element-dd26ce4 elementor-widget elementor-widget-image\" data-id=\"dd26ce4\" data-element_type=\"widget\" data-widget_type=\"image.default\">\n\t\t\t\t<div class=\"elementor-widget-container\">\n\t\t\t\t\t\t\t\t\t\t\t\t\t\t\t<img fetchpriority=\"high\" decoding=\"async\" width=\"699\" height=\"365\" src=\"https:\/\/ixchiq.ca\/hcp\/wp-content\/uploads\/2025\/03\/map.png\" class=\"attachment-full size-full wp-image-2992\" alt=\"\" srcset=\"https:\/\/ixchiq.ca\/hcp\/wp-content\/uploads\/2025\/03\/map.png 699w, https:\/\/ixchiq.ca\/hcp\/wp-content\/uploads\/2025\/03\/map-300x157.png 300w\" sizes=\"(max-width: 699px) 100vw, 699px\" \/>\t\t\t\t\t\t\t\t\t\t\t\t\t\t\t<\/div>\n\t\t\t\t<\/div>\n\t\t<div class=\"elementor-element elementor-element-5e15e68 e-con-full e-flex e-con e-child\" data-id=\"5e15e68\" data-element_type=\"container\">\n\t\t\t\t<div class=\"elementor-element elementor-element-d959245 elementor-position-left elementor-vertical-align-top elementor-widget elementor-widget-image-box\" data-id=\"d959245\" data-element_type=\"widget\" data-widget_type=\"image-box.default\">\n\t\t\t\t<div class=\"elementor-widget-container\">\n\t\t\t\t\t<div class=\"elementor-image-box-wrapper\"><figure class=\"elementor-image-box-img\"><img decoding=\"async\" width=\"30\" height=\"30\" src=\"https:\/\/ixchiq.ca\/hcp\/wp-content\/uploads\/2024\/10\/color-1.png\" class=\"attachment-full size-full wp-image-1094\" alt=\"\" \/><\/figure><div class=\"elementor-image-box-content\"><p class=\"elementor-image-box-description\">\u00c9closion actuelle de chikungunya <br><b>Maharashtra et Telangana, Inde<\/b> (en date du 19 d\u00e9cembre 2024)<\/p><\/div><\/div>\t\t\t\t<\/div>\n\t\t\t\t<\/div>\n\t\t\t\t<div class=\"elementor-element elementor-element-105e7fe elementor-position-left elementor-vertical-align-top elementor-widget elementor-widget-image-box\" data-id=\"105e7fe\" data-element_type=\"widget\" data-widget_type=\"image-box.default\">\n\t\t\t\t<div class=\"elementor-widget-container\">\n\t\t\t\t\t<div class=\"elementor-image-box-wrapper\"><figure class=\"elementor-image-box-img\"><img decoding=\"async\" width=\"30\" height=\"30\" src=\"https:\/\/ixchiq.ca\/hcp\/wp-content\/uploads\/2024\/10\/color-2.png\" class=\"attachment-full size-full wp-image-1095\" alt=\"\" \/><\/figure><div class=\"elementor-image-box-content\"><p class=\"elementor-image-box-description\">Transmission manifeste au cours des cinq derni\u00e8res ann\u00e9es<\/p><\/div><\/div>\t\t\t\t<\/div>\n\t\t\t\t<\/div>\n\t\t\t\t<\/div>\n\t\t\t\t<div class=\"elementor-element elementor-element-62dbdd0 elementor-widget elementor-widget-text-editor\" data-id=\"62dbdd0\" data-element_type=\"widget\" data-widget_type=\"text-editor.default\">\n\t\t\t\t<div class=\"elementor-widget-container\">\n\t\t\t\t\t\t\t\t\tD\u2019apr\u00e8s les <em>Centers for Disease Control and Prevention<\/em> (2024)<sup>10<\/sup>.\t\t\t\t\t\t\t\t<\/div>\n\t\t\t\t<\/div>\n\t\t\t\t<\/div>\n\t\t<div class=\"elementor-element elementor-element-acce682 e-con-full pop_btns e-flex e-con e-child\" data-id=\"acce682\" data-element_type=\"container\">\n\t\t\t\t<div class=\"elementor-element elementor-element-5af9ba5 elementor-align-justify elementor-widget__width-inherit elementor-widget elementor-widget-button\" data-id=\"5af9ba5\" data-element_type=\"widget\" data-widget_type=\"button.default\">\n\t\t\t\t<div class=\"elementor-widget-container\">\n\t\t\t\t\t\t\t\t\t<div class=\"elementor-button-wrapper\">\n\t\t\t\t\t<a class=\"elementor-button elementor-button-link elementor-size-sm\" href=\"#elementor-action%3Aaction%3Dpopup%3Aopen%26settings%3DeyJpZCI6MjMzMSwidG9nZ2xlIjpmYWxzZX0%3D\" id=\"btn_2\">\n\t\t\t\t\t\t<span class=\"elementor-button-content-wrapper\">\n\t\t\t\t\t\t<span class=\"elementor-button-icon\">\n\t\t\t\t<i aria-hidden=\"true\" class=\"fas fa-plus\"><\/i>\t\t\t<\/span>\n\t\t\t\t\t\t\t\t\t<span class=\"elementor-button-text\">Pays ayant signal\u00e9 le plus de cas<\/span>\n\t\t\t\t\t<\/span>\n\t\t\t\t\t<\/a>\n\t\t\t\t<\/div>\n\t\t\t\t\t\t\t\t<\/div>\n\t\t\t\t<\/div>\n\t\t\t\t<div class=\"elementor-element elementor-element-228d718 elementor-align-justify elementor-widget__width-inherit elementor-widget elementor-widget-button\" data-id=\"228d718\" data-element_type=\"widget\" data-widget_type=\"button.default\">\n\t\t\t\t<div class=\"elementor-widget-container\">\n\t\t\t\t\t\t\t\t\t<div class=\"elementor-button-wrapper\">\n\t\t\t\t\t<a class=\"elementor-button elementor-button-link elementor-size-sm\" href=\"#elementor-action%3Aaction%3Dpopup%3Aopen%26settings%3DeyJpZCI6MjMyOSwidG9nZ2xlIjpmYWxzZX0%3D\" id=\"btn_2\">\n\t\t\t\t\t\t<span class=\"elementor-button-content-wrapper\">\n\t\t\t\t\t\t<span class=\"elementor-button-icon\">\n\t\t\t\t<i aria-hidden=\"true\" class=\"fas fa-plus\"><\/i>\t\t\t<\/span>\n\t\t\t\t\t\t\t\t\t<span class=\"elementor-button-text\">Le chikungunya au Canada<\/span>\n\t\t\t\t\t<\/span>\n\t\t\t\t\t<\/a>\n\t\t\t\t<\/div>\n\t\t\t\t\t\t\t\t<\/div>\n\t\t\t\t<\/div>\n\t\t\t\t<div class=\"elementor-element elementor-element-501807f elementor-align-justify elementor-widget__width-inherit elementor-widget elementor-widget-button\" data-id=\"501807f\" data-element_type=\"widget\" data-widget_type=\"button.default\">\n\t\t\t\t<div class=\"elementor-widget-container\">\n\t\t\t\t\t\t\t\t\t<div class=\"elementor-button-wrapper\">\n\t\t\t\t\t<a class=\"elementor-button elementor-button-link elementor-size-sm\" href=\"#elementor-action%3Aaction%3Dpopup%3Aopen%26settings%3DeyJpZCI6MjMyNywidG9nZ2xlIjpmYWxzZX0%3D\" id=\"btn_2\">\n\t\t\t\t\t\t<span class=\"elementor-button-content-wrapper\">\n\t\t\t\t\t\t<span class=\"elementor-button-icon\">\n\t\t\t\t<i aria-hidden=\"true\" class=\"fas fa-plus\"><\/i>\t\t\t<\/span>\n\t\t\t\t\t\t\t\t\t<span class=\"elementor-button-text\">\u00c9closion de chikungunya en Inde <\/span>\n\t\t\t\t\t<\/span>\n\t\t\t\t\t<\/a>\n\t\t\t\t<\/div>\n\t\t\t\t\t\t\t\t<\/div>\n\t\t\t\t<\/div>\n\t\t\t\t<\/div>\n\t\t\t\t<\/div>\n\t\t\t\t\t<\/div>\n\t\t\t\t<\/div>\n\t\t<div class=\"elementor-element elementor-element-3fa7b7c5 e-flex e-con-boxed e-con e-parent\" data-id=\"3fa7b7c5\" data-element_type=\"container\">\n\t\t\t\t\t<div class=\"e-con-inner\">\n\t\t\t\t<div class=\"elementor-element elementor-element-6916ee04 elementor-align-right elementor-widget__width-inherit elementor-widget elementor-widget-button\" data-id=\"6916ee04\" data-element_type=\"widget\" data-widget_type=\"button.default\">\n\t\t\t\t<div class=\"elementor-widget-container\">\n\t\t\t\t\t\t\t\t\t<div class=\"elementor-button-wrapper\">\n\t\t\t\t\t<a class=\"elementor-button elementor-button-link elementor-size-sm\" href=\"https:\/\/ixchiq.ca\/hcp\/fr\/symptoms-du-chikungunya\/\" id=\"btn_2\">\n\t\t\t\t\t\t<span class=\"elementor-button-content-wrapper\">\n\t\t\t\t\t\t<span class=\"elementor-button-icon\">\n\t\t\t\t<i aria-hidden=\"true\" class=\"fas fa-chevron-right\"><\/i>\t\t\t<\/span>\n\t\t\t\t\t\t\t\t\t<span class=\"elementor-button-text\">SYMPT\u00d4MES<\/span>\n\t\t\t\t\t<\/span>\n\t\t\t\t\t<\/a>\n\t\t\t\t<\/div>\n\t\t\t\t\t\t\t\t<\/div>\n\t\t\t\t<\/div>\n\t\t\t\t\t<\/div>\n\t\t\t\t<\/div>\n\t\t\t\t<\/div>\n\t\t","protected":false},"excerpt":{"rendered":"<p>R\u00e9gions \u00e0 risque pour le virus du chikungunya3 Le chikungunya, une maladie transmise par les moustiques, est de plus en plus fr\u00e9quent et r\u00e9pandu en Asie, en Afrique, en Europe et en Am\u00e9rique3.Selon une \u00e9tude, 18,7\u00a0millions de cas de chikungunya ont \u00e9t\u00e9 r\u00e9pertori\u00e9s dans 110\u00a0pays entre 2011 et 20208. On estime que plus des trois [&hellip;]<\/p>\n","protected":false},"author":1,"featured_media":0,"parent":0,"menu_order":0,"comment_status":"closed","ping_status":"closed","template":"","meta":{"footnotes":""},"class_list":["post-2187","page","type-page","status-publish","hentry"],"yoast_head":"<!-- This site is optimized with the Yoast SEO plugin v26.8 - https:\/\/yoast.com\/product\/yoast-seo-wordpress\/ -->\n<title>R\u00e9gions \u00e0 risque - Ixchiq HCP<\/title>\n<meta name=\"robots\" content=\"index, follow, max-snippet:-1, max-image-preview:large, max-video-preview:-1\" \/>\n<link rel=\"canonical\" href=\"https:\/\/ixchiq.ca\/hcp\/fr\/regions-a-risque\/\" \/>\n<meta property=\"og:locale\" content=\"fr_FR\" \/>\n<meta property=\"og:type\" content=\"article\" \/>\n<meta property=\"og:title\" content=\"R\u00e9gions \u00e0 risque - Ixchiq HCP\" \/>\n<meta property=\"og:description\" content=\"R\u00e9gions \u00e0 risque pour le virus du chikungunya3 Le chikungunya, une maladie transmise par les moustiques, est de plus en plus fr\u00e9quent et r\u00e9pandu en Asie, en Afrique, en Europe et en Am\u00e9rique3.Selon une \u00e9tude, 18,7\u00a0millions de cas de chikungunya ont \u00e9t\u00e9 r\u00e9pertori\u00e9s dans 110\u00a0pays entre 2011 et 20208. On estime que plus des trois [&hellip;]\" \/>\n<meta property=\"og:url\" content=\"https:\/\/ixchiq.ca\/hcp\/fr\/regions-a-risque\/\" \/>\n<meta property=\"og:site_name\" content=\"Ixchiq HCP\" \/>\n<meta property=\"article:modified_time\" content=\"2025-03-11T13:22:00+00:00\" \/>\n<meta property=\"og:image\" content=\"https:\/\/ixchiq.ca\/hcp\/wp-content\/uploads\/2024\/10\/map.png\" \/>\n<meta name=\"twitter:card\" content=\"summary_large_image\" \/>\n<meta name=\"twitter:label1\" content=\"Dur\u00e9e de lecture estim\u00e9e\" \/>\n\t<meta name=\"twitter:data1\" content=\"1 minute\" \/>\n<script type=\"application\/ld+json\" class=\"yoast-schema-graph\">{\"@context\":\"https:\/\/schema.org\",\"@graph\":[{\"@type\":\"WebPage\",\"@id\":\"https:\/\/ixchiq.ca\/hcp\/fr\/regions-a-risque\/\",\"url\":\"https:\/\/ixchiq.ca\/hcp\/fr\/regions-a-risque\/\",\"name\":\"R\u00e9gions \u00e0 risque - Ixchiq HCP\",\"isPartOf\":{\"@id\":\"https:\/\/ixchiq.ca\/hcp\/fr\/#website\"},\"primaryImageOfPage\":{\"@id\":\"https:\/\/ixchiq.ca\/hcp\/fr\/regions-a-risque\/#primaryimage\"},\"image\":{\"@id\":\"https:\/\/ixchiq.ca\/hcp\/fr\/regions-a-risque\/#primaryimage\"},\"thumbnailUrl\":\"https:\/\/ixchiq.ca\/hcp\/wp-content\/uploads\/2025\/03\/map.png\",\"datePublished\":\"2024-10-11T07:54:51+00:00\",\"dateModified\":\"2025-03-11T13:22:00+00:00\",\"breadcrumb\":{\"@id\":\"https:\/\/ixchiq.ca\/hcp\/fr\/regions-a-risque\/#breadcrumb\"},\"inLanguage\":\"fr-FR\",\"potentialAction\":[{\"@type\":\"ReadAction\",\"target\":[\"https:\/\/ixchiq.ca\/hcp\/fr\/regions-a-risque\/\"]}]},{\"@type\":\"ImageObject\",\"inLanguage\":\"fr-FR\",\"@id\":\"https:\/\/ixchiq.ca\/hcp\/fr\/regions-a-risque\/#primaryimage\",\"url\":\"https:\/\/ixchiq.ca\/hcp\/wp-content\/uploads\/2025\/03\/map.png\",\"contentUrl\":\"https:\/\/ixchiq.ca\/hcp\/wp-content\/uploads\/2025\/03\/map.png\"},{\"@type\":\"BreadcrumbList\",\"@id\":\"https:\/\/ixchiq.ca\/hcp\/fr\/regions-a-risque\/#breadcrumb\",\"itemListElement\":[{\"@type\":\"ListItem\",\"position\":1,\"name\":\"Home\",\"item\":\"https:\/\/ixchiq.ca\/hcp\/fr\/\"},{\"@type\":\"ListItem\",\"position\":2,\"name\":\"R\u00e9gions \u00e0 risque\"}]},{\"@type\":\"WebSite\",\"@id\":\"https:\/\/ixchiq.ca\/hcp\/fr\/#website\",\"url\":\"https:\/\/ixchiq.ca\/hcp\/fr\/\",\"name\":\"Ixchiq HCP\",\"description\":\"\",\"publisher\":{\"@id\":\"https:\/\/ixchiq.ca\/hcp\/fr\/#organization\"},\"potentialAction\":[{\"@type\":\"SearchAction\",\"target\":{\"@type\":\"EntryPoint\",\"urlTemplate\":\"https:\/\/ixchiq.ca\/hcp\/fr\/?s={search_term_string}\"},\"query-input\":{\"@type\":\"PropertyValueSpecification\",\"valueRequired\":true,\"valueName\":\"search_term_string\"}}],\"inLanguage\":\"fr-FR\"},{\"@type\":\"Organization\",\"@id\":\"https:\/\/ixchiq.ca\/hcp\/fr\/#organization\",\"name\":\"Ixchiq HCP\",\"url\":\"https:\/\/ixchiq.ca\/hcp\/fr\/\",\"logo\":{\"@type\":\"ImageObject\",\"inLanguage\":\"fr-FR\",\"@id\":\"https:\/\/ixchiq.ca\/hcp\/fr\/#\/schema\/logo\/image\/\",\"url\":\"https:\/\/ixchiq.ca\/hcp\/wp-content\/uploads\/2024\/10\/ixchiq-1.png\",\"contentUrl\":\"https:\/\/ixchiq.ca\/hcp\/wp-content\/uploads\/2024\/10\/ixchiq-1.png\",\"width\":500,\"height\":140,\"caption\":\"Ixchiq HCP\"},\"image\":{\"@id\":\"https:\/\/ixchiq.ca\/hcp\/fr\/#\/schema\/logo\/image\/\"}}]}<\/script>\n<!-- \/ Yoast SEO plugin. -->","yoast_head_json":{"title":"R\u00e9gions \u00e0 risque - Ixchiq HCP","robots":{"index":"index","follow":"follow","max-snippet":"max-snippet:-1","max-image-preview":"max-image-preview:large","max-video-preview":"max-video-preview:-1"},"canonical":"https:\/\/ixchiq.ca\/hcp\/fr\/regions-a-risque\/","og_locale":"fr_FR","og_type":"article","og_title":"R\u00e9gions \u00e0 risque - Ixchiq HCP","og_description":"R\u00e9gions \u00e0 risque pour le virus du chikungunya3 Le chikungunya, une maladie transmise par les moustiques, est de plus en plus fr\u00e9quent et r\u00e9pandu en Asie, en Afrique, en Europe et en Am\u00e9rique3.Selon une \u00e9tude, 18,7\u00a0millions de cas de chikungunya ont \u00e9t\u00e9 r\u00e9pertori\u00e9s dans 110\u00a0pays entre 2011 et 20208. On estime que plus des trois [&hellip;]","og_url":"https:\/\/ixchiq.ca\/hcp\/fr\/regions-a-risque\/","og_site_name":"Ixchiq HCP","article_modified_time":"2025-03-11T13:22:00+00:00","og_image":[{"url":"https:\/\/ixchiq.ca\/hcp\/wp-content\/uploads\/2024\/10\/map.png","type":"","width":"","height":""}],"twitter_card":"summary_large_image","twitter_misc":{"Dur\u00e9e de lecture estim\u00e9e":"1 minute"},"schema":{"@context":"https:\/\/schema.org","@graph":[{"@type":"WebPage","@id":"https:\/\/ixchiq.ca\/hcp\/fr\/regions-a-risque\/","url":"https:\/\/ixchiq.ca\/hcp\/fr\/regions-a-risque\/","name":"R\u00e9gions \u00e0 risque - Ixchiq HCP","isPartOf":{"@id":"https:\/\/ixchiq.ca\/hcp\/fr\/#website"},"primaryImageOfPage":{"@id":"https:\/\/ixchiq.ca\/hcp\/fr\/regions-a-risque\/#primaryimage"},"image":{"@id":"https:\/\/ixchiq.ca\/hcp\/fr\/regions-a-risque\/#primaryimage"},"thumbnailUrl":"https:\/\/ixchiq.ca\/hcp\/wp-content\/uploads\/2025\/03\/map.png","datePublished":"2024-10-11T07:54:51+00:00","dateModified":"2025-03-11T13:22:00+00:00","breadcrumb":{"@id":"https:\/\/ixchiq.ca\/hcp\/fr\/regions-a-risque\/#breadcrumb"},"inLanguage":"fr-FR","potentialAction":[{"@type":"ReadAction","target":["https:\/\/ixchiq.ca\/hcp\/fr\/regions-a-risque\/"]}]},{"@type":"ImageObject","inLanguage":"fr-FR","@id":"https:\/\/ixchiq.ca\/hcp\/fr\/regions-a-risque\/#primaryimage","url":"https:\/\/ixchiq.ca\/hcp\/wp-content\/uploads\/2025\/03\/map.png","contentUrl":"https:\/\/ixchiq.ca\/hcp\/wp-content\/uploads\/2025\/03\/map.png"},{"@type":"BreadcrumbList","@id":"https:\/\/ixchiq.ca\/hcp\/fr\/regions-a-risque\/#breadcrumb","itemListElement":[{"@type":"ListItem","position":1,"name":"Home","item":"https:\/\/ixchiq.ca\/hcp\/fr\/"},{"@type":"ListItem","position":2,"name":"R\u00e9gions \u00e0 risque"}]},{"@type":"WebSite","@id":"https:\/\/ixchiq.ca\/hcp\/fr\/#website","url":"https:\/\/ixchiq.ca\/hcp\/fr\/","name":"Ixchiq HCP","description":"","publisher":{"@id":"https:\/\/ixchiq.ca\/hcp\/fr\/#organization"},"potentialAction":[{"@type":"SearchAction","target":{"@type":"EntryPoint","urlTemplate":"https:\/\/ixchiq.ca\/hcp\/fr\/?s={search_term_string}"},"query-input":{"@type":"PropertyValueSpecification","valueRequired":true,"valueName":"search_term_string"}}],"inLanguage":"fr-FR"},{"@type":"Organization","@id":"https:\/\/ixchiq.ca\/hcp\/fr\/#organization","name":"Ixchiq HCP","url":"https:\/\/ixchiq.ca\/hcp\/fr\/","logo":{"@type":"ImageObject","inLanguage":"fr-FR","@id":"https:\/\/ixchiq.ca\/hcp\/fr\/#\/schema\/logo\/image\/","url":"https:\/\/ixchiq.ca\/hcp\/wp-content\/uploads\/2024\/10\/ixchiq-1.png","contentUrl":"https:\/\/ixchiq.ca\/hcp\/wp-content\/uploads\/2024\/10\/ixchiq-1.png","width":500,"height":140,"caption":"Ixchiq HCP"},"image":{"@id":"https:\/\/ixchiq.ca\/hcp\/fr\/#\/schema\/logo\/image\/"}}]}},"_links":{"self":[{"href":"https:\/\/ixchiq.ca\/hcp\/fr\/wp-json\/wp\/v2\/pages\/2187","targetHints":{"allow":["GET"]}}],"collection":[{"href":"https:\/\/ixchiq.ca\/hcp\/fr\/wp-json\/wp\/v2\/pages"}],"about":[{"href":"https:\/\/ixchiq.ca\/hcp\/fr\/wp-json\/wp\/v2\/types\/page"}],"author":[{"embeddable":true,"href":"https:\/\/ixchiq.ca\/hcp\/fr\/wp-json\/wp\/v2\/users\/1"}],"replies":[{"embeddable":true,"href":"https:\/\/ixchiq.ca\/hcp\/fr\/wp-json\/wp\/v2\/comments?post=2187"}],"version-history":[{"count":37,"href":"https:\/\/ixchiq.ca\/hcp\/fr\/wp-json\/wp\/v2\/pages\/2187\/revisions"}],"predecessor-version":[{"id":3242,"href":"https:\/\/ixchiq.ca\/hcp\/fr\/wp-json\/wp\/v2\/pages\/2187\/revisions\/3242"}],"wp:attachment":[{"href":"https:\/\/ixchiq.ca\/hcp\/fr\/wp-json\/wp\/v2\/media?parent=2187"}],"curies":[{"name":"wp","href":"https:\/\/api.w.org\/{rel}","templated":true}]}}