{"id":2184,"date":"2024-10-11T10:42:55","date_gmt":"2024-10-11T10:42:55","guid":{"rendered":"https:\/\/ixchiq.ca\/hcp\/chikungunya\/"},"modified":"2025-03-21T11:46:59","modified_gmt":"2025-03-21T11:46:59","slug":"a-propos-du-virus-du-chikungunya","status":"publish","type":"page","link":"https:\/\/ixchiq.ca\/hcp\/fr\/a-propos-du-virus-du-chikungunya\/","title":{"rendered":"\u00c0 propos du virus du chikungunya"},"content":{"rendered":"\t\t<div data-elementor-type=\"wp-page\" data-elementor-id=\"2184\" class=\"elementor elementor-2184 elementor-394\" data-elementor-post-type=\"page\">\n\t\t\t\t<div class=\"elementor-element elementor-element-7c26dfd e-flex e-con-boxed e-con e-parent\" data-id=\"7c26dfd\" data-element_type=\"container\">\n\t\t\t\t\t<div class=\"e-con-inner\">\n\t\t\t\t<div class=\"elementor-element elementor-element-45c40ba elementor-widget-divider--view-line elementor-widget elementor-widget-divider\" data-id=\"45c40ba\" data-element_type=\"widget\" data-widget_type=\"divider.default\">\n\t\t\t\t<div class=\"elementor-widget-container\">\n\t\t\t\t\t\t\t<div class=\"elementor-divider\">\n\t\t\t<span class=\"elementor-divider-separator\">\n\t\t\t\t\t\t<\/span>\n\t\t<\/div>\n\t\t\t\t\t\t<\/div>\n\t\t\t\t<\/div>\n\t\t\t\t<div class=\"elementor-element elementor-element-e476262 elementor-widget__width-initial elementor-widget elementor-widget-heading\" data-id=\"e476262\" data-element_type=\"widget\" data-widget_type=\"heading.default\">\n\t\t\t\t<div class=\"elementor-widget-container\">\n\t\t\t\t\t<h1 class=\"elementor-heading-title elementor-size-default\">Le chikungunya est une maladie caus\u00e9e par le virus du chikungunya, qui se transmet par les moustiques et qui peut occasionner des <strong>arthralgies persistantes <\/strong> pouvant avoir d<strong>\u2019importantes r\u00e9percussions sur la qualit\u00e9 de vie des patients<\/strong><sup>3,4<\/sup>.<\/h1>\t\t\t\t<\/div>\n\t\t\t\t<\/div>\n\t\t\t\t<div class=\"elementor-element elementor-element-41a2ca7 elementor-widget elementor-widget-heading\" data-id=\"41a2ca7\" data-element_type=\"widget\" data-widget_type=\"heading.default\">\n\t\t\t\t<div class=\"elementor-widget-container\">\n\t\t\t\t\t<div class=\"elementor-heading-title elementor-size-default\">\u00c0 propos du virus du chikungunya<\/div>\t\t\t\t<\/div>\n\t\t\t\t<\/div>\n\t\t\t\t\t<\/div>\n\t\t\t\t<\/div>\n\t\t<div class=\"elementor-element elementor-element-a10b3dd e-flex e-con-boxed e-con e-parent\" data-id=\"a10b3dd\" data-element_type=\"container\">\n\t\t\t\t\t<div class=\"e-con-inner\">\n\t\t<div class=\"elementor-element elementor-element-64e3755 e-con-full e-flex e-con e-child\" data-id=\"64e3755\" data-element_type=\"container\">\n\t\t<div class=\"elementor-element elementor-element-1a366b0 e-con-full con_pipe e-flex e-con e-child\" data-id=\"1a366b0\" data-element_type=\"container\" data-settings=\"{&quot;background_background&quot;:&quot;classic&quot;}\">\n\t\t\t\t<div class=\"elementor-element elementor-element-f57e7ed elementor-widget elementor-widget-heading\" data-id=\"f57e7ed\" data-element_type=\"widget\" data-widget_type=\"heading.default\">\n\t\t\t\t<div class=\"elementor-widget-container\">\n\t\t\t\t\t<div class=\"elementor-heading-title elementor-size-default\">Le mot chikungunya signifie \u00ab qui se recourbe \u00bb en makond\u00e9, une langue africaine. Il d\u00e9crit la position recroquevill\u00e9e des personnes aux prises avec des <strong>douleurs articulaires caus\u00e9es par le chikungunya<\/strong><sup>3,5<\/sup>.<\/div>\t\t\t\t<\/div>\n\t\t\t\t<\/div>\n\t\t\t\t<\/div>\n\t\t<div class=\"elementor-element elementor-element-9f5fb52 e-con-full con_pipe e-flex e-con e-child\" data-id=\"9f5fb52\" data-element_type=\"container\" data-settings=\"{&quot;background_background&quot;:&quot;classic&quot;}\">\n\t\t\t\t<div class=\"elementor-element elementor-element-5453869 elementor-widget elementor-widget-heading\" data-id=\"5453869\" data-element_type=\"widget\" data-widget_type=\"heading.default\">\n\t\t\t\t<div class=\"elementor-widget-container\">\n\t\t\t\t\t<div class=\"elementor-heading-title elementor-size-default\">Le virus du chikungunya est transmis le plus souvent par <i>Aedes (Stegomyia) aegypti<\/i> et <i>Aedes (Stegomyia) albopictus<\/i>, des moustiques qui piquent principalement pendant la journ\u00e9e<sup>3<\/sup>.<\/div>\t\t\t\t<\/div>\n\t\t\t\t<\/div>\n\t\t\t\t<\/div>\n\t\t\t\t<\/div>\n\t\t<div class=\"elementor-element elementor-element-7116ca4 e-con-full e-flex e-con e-child\" data-id=\"7116ca4\" data-element_type=\"container\">\n\t\t<div class=\"elementor-element elementor-element-2fc5185 e-con-full con_pipe e-flex e-con e-child\" data-id=\"2fc5185\" data-element_type=\"container\" data-settings=\"{&quot;background_background&quot;:&quot;classic&quot;}\">\n\t\t\t\t<div class=\"elementor-element elementor-element-bae64c6 elementor-widget elementor-widget-heading\" data-id=\"bae64c6\" data-element_type=\"widget\" data-widget_type=\"heading.default\">\n\t\t\t\t<div class=\"elementor-widget-container\">\n\t\t\t\t\t<div class=\"elementor-heading-title elementor-size-default\">Chez les personnes nouvellement infect\u00e9es, le virus du chikungunya se r\u00e9plique jusqu\u2019\u00e0 atteindre une concentration \u00e9lev\u00e9e dans le sang. Ces personnes peuvent ensuite infecter d'autres moustiques et perp\u00e9tuer le cycle de transmission<sup>3<\/sup>.<\/div>\t\t\t\t<\/div>\n\t\t\t\t<\/div>\n\t\t\t\t<\/div>\n\t\t<div class=\"elementor-element elementor-element-d93460b e-con-full con_pipe e-flex e-con e-child\" data-id=\"d93460b\" data-element_type=\"container\" data-settings=\"{&quot;background_background&quot;:&quot;classic&quot;}\">\n\t\t\t\t<div class=\"elementor-element elementor-element-4703dac elementor-widget elementor-widget-heading\" data-id=\"4703dac\" data-element_type=\"widget\" data-widget_type=\"heading.default\">\n\t\t\t\t<div class=\"elementor-widget-container\">\n\t\t\t\t\t<div class=\"elementor-heading-title elementor-size-default\">Pendant une \u00e9pid\u00e9mie, les humains servent d\u2019h\u00f4te r\u00e9servoir principal pour le virus<sup>6<\/sup>.<\/div>\t\t\t\t<\/div>\n\t\t\t\t<\/div>\n\t\t\t\t<\/div>\n\t\t\t\t<\/div>\n\t\t<div class=\"elementor-element elementor-element-3e6cdd2 e-con-full e-flex e-con e-child\" data-id=\"3e6cdd2\" data-element_type=\"container\">\n\t\t<div class=\"elementor-element elementor-element-836056e e-con-full e-flex e-con e-child\" data-id=\"836056e\" data-element_type=\"container\">\n\t\t<div class=\"elementor-element elementor-element-c5e0627 e-con-full conpipe e-flex e-con e-child\" data-id=\"c5e0627\" data-element_type=\"container\" data-settings=\"{&quot;background_background&quot;:&quot;classic&quot;}\">\n\t\t\t\t<div class=\"elementor-element elementor-element-a2f4733 elementor-widget elementor-widget-heading\" data-id=\"a2f4733\" data-element_type=\"widget\" data-widget_type=\"heading.default\">\n\t\t\t\t<div class=\"elementor-widget-container\">\n\t\t\t\t\t<div class=\"elementor-heading-title elementor-size-default\">Le virus du chikungunya existe sous forme de s\u00e9rotype simple qui conf\u00e9rerait une immunit\u00e9 permanente chez les personnes r\u00e9tablies<sup>7<\/sup>.<\/div>\t\t\t\t<\/div>\n\t\t\t\t<\/div>\n\t\t\t\t<\/div>\n\t\t\t\t<\/div>\n\t\t<div class=\"elementor-element elementor-element-930d197 e-con-full e-flex e-con e-child\" data-id=\"930d197\" data-element_type=\"container\">\n\t\t<div class=\"elementor-element elementor-element-52ece46 e-con-full e-flex e-con e-child\" data-id=\"52ece46\" data-element_type=\"container\" data-settings=\"{&quot;background_background&quot;:&quot;classic&quot;}\">\n\t\t\t\t<div class=\"elementor-element elementor-element-f1bc300 elementor-widget elementor-widget-heading\" data-id=\"f1bc300\" data-element_type=\"widget\" data-widget_type=\"heading.default\">\n\t\t\t\t<div class=\"elementor-widget-container\">\n\t\t\t\t\t<div class=\"elementor-heading-title elementor-size-default\">IXCHIQ<sup>MC<\/sup> ne traite pas le chikungunya, ni ses sympt\u00f4mes, ni les complications qui peuvent en d\u00e9couler comme les arthralgies persistantes et les effets sur la qualit\u00e9 de vie.<\/div>\t\t\t\t<\/div>\n\t\t\t\t<\/div>\n\t\t\t\t<\/div>\n\t\t\t\t<\/div>\n\t\t\t\t<\/div>\n\t\t\t\t\t<\/div>\n\t\t\t\t<\/div>\n\t\t<div class=\"elementor-element elementor-element-6f072ed1 e-flex e-con-boxed e-con e-parent\" data-id=\"6f072ed1\" data-element_type=\"container\">\n\t\t\t\t\t<div class=\"e-con-inner\">\n\t\t\t\t<div class=\"elementor-element elementor-element-312910c7 elementor-align-right elementor-widget__width-inherit elementor-widget elementor-widget-button\" data-id=\"312910c7\" data-element_type=\"widget\" data-widget_type=\"button.default\">\n\t\t\t\t<div class=\"elementor-widget-container\">\n\t\t\t\t\t\t\t\t\t<div class=\"elementor-button-wrapper\">\n\t\t\t\t\t<a class=\"elementor-button elementor-button-link elementor-size-sm\" href=\"https:\/\/ixchiq.ca\/hcp\/fr\/regions-a-risque\/\" id=\"btn_2\">\n\t\t\t\t\t\t<span class=\"elementor-button-content-wrapper\">\n\t\t\t\t\t\t<span class=\"elementor-button-icon\">\n\t\t\t\t<i aria-hidden=\"true\" class=\"fas fa-chevron-right\"><\/i>\t\t\t<\/span>\n\t\t\t\t\t\t\t\t\t<span class=\"elementor-button-text\">R\u00c9GIONS \u00c0 RISQUE<\/span>\n\t\t\t\t\t<\/span>\n\t\t\t\t\t<\/a>\n\t\t\t\t<\/div>\n\t\t\t\t\t\t\t\t<\/div>\n\t\t\t\t<\/div>\n\t\t\t\t\t<\/div>\n\t\t\t\t<\/div>\n\t\t\t\t<\/div>\n\t\t","protected":false},"excerpt":{"rendered":"<p>Le chikungunya est une maladie caus\u00e9e par le virus du chikungunya, qui se transmet par les moustiques et qui peut occasionner des arthralgies persistantes pouvant avoir d\u2019importantes r\u00e9percussions sur la qualit\u00e9 de vie des patients3,4. \u00c0 propos du virus du chikungunya Le mot chikungunya signifie \u00ab qui se recourbe \u00bb en makond\u00e9, une langue africaine. [&hellip;]<\/p>\n","protected":false},"author":1,"featured_media":0,"parent":0,"menu_order":0,"comment_status":"closed","ping_status":"closed","template":"elementor_header_footer","meta":{"footnotes":""},"class_list":["post-2184","page","type-page","status-publish","hentry"],"yoast_head":"<!-- This site is optimized with the Yoast SEO plugin v26.8 - https:\/\/yoast.com\/product\/yoast-seo-wordpress\/ -->\n<title>\u00c0 propos du virus du chikungunya - Ixchiq HCP<\/title>\n<meta name=\"robots\" content=\"index, follow, max-snippet:-1, max-image-preview:large, max-video-preview:-1\" \/>\n<link rel=\"canonical\" href=\"https:\/\/ixchiq.ca\/hcp\/fr\/a-propos-du-virus-du-chikungunya\/\" \/>\n<meta property=\"og:locale\" content=\"fr_FR\" \/>\n<meta property=\"og:type\" content=\"article\" \/>\n<meta property=\"og:title\" content=\"\u00c0 propos du virus du chikungunya - Ixchiq HCP\" \/>\n<meta property=\"og:description\" content=\"Le chikungunya est une maladie caus\u00e9e par le virus du chikungunya, qui se transmet par les moustiques et qui peut occasionner des arthralgies persistantes pouvant avoir d\u2019importantes r\u00e9percussions sur la qualit\u00e9 de vie des patients3,4. \u00c0 propos du virus du chikungunya Le mot chikungunya signifie \u00ab qui se recourbe \u00bb en makond\u00e9, une langue africaine. [&hellip;]\" \/>\n<meta property=\"og:url\" content=\"https:\/\/ixchiq.ca\/hcp\/fr\/a-propos-du-virus-du-chikungunya\/\" \/>\n<meta property=\"og:site_name\" content=\"Ixchiq HCP\" \/>\n<meta property=\"article:modified_time\" content=\"2025-03-21T11:46:59+00:00\" \/>\n<meta name=\"twitter:card\" content=\"summary_large_image\" \/>\n<meta name=\"twitter:label1\" content=\"Dur\u00e9e de lecture estim\u00e9e\" \/>\n\t<meta name=\"twitter:data1\" content=\"1 minute\" \/>\n<script type=\"application\/ld+json\" class=\"yoast-schema-graph\">{\"@context\":\"https:\/\/schema.org\",\"@graph\":[{\"@type\":\"WebPage\",\"@id\":\"https:\/\/ixchiq.ca\/hcp\/fr\/a-propos-du-virus-du-chikungunya\/\",\"url\":\"https:\/\/ixchiq.ca\/hcp\/fr\/a-propos-du-virus-du-chikungunya\/\",\"name\":\"\u00c0 propos du virus du chikungunya - Ixchiq HCP\",\"isPartOf\":{\"@id\":\"https:\/\/ixchiq.ca\/hcp\/fr\/#website\"},\"datePublished\":\"2024-10-11T10:42:55+00:00\",\"dateModified\":\"2025-03-21T11:46:59+00:00\",\"breadcrumb\":{\"@id\":\"https:\/\/ixchiq.ca\/hcp\/fr\/a-propos-du-virus-du-chikungunya\/#breadcrumb\"},\"inLanguage\":\"fr-FR\",\"potentialAction\":[{\"@type\":\"ReadAction\",\"target\":[\"https:\/\/ixchiq.ca\/hcp\/fr\/a-propos-du-virus-du-chikungunya\/\"]}]},{\"@type\":\"BreadcrumbList\",\"@id\":\"https:\/\/ixchiq.ca\/hcp\/fr\/a-propos-du-virus-du-chikungunya\/#breadcrumb\",\"itemListElement\":[{\"@type\":\"ListItem\",\"position\":1,\"name\":\"Home\",\"item\":\"https:\/\/ixchiq.ca\/hcp\/fr\/\"},{\"@type\":\"ListItem\",\"position\":2,\"name\":\"\u00c0 propos du virus du chikungunya\"}]},{\"@type\":\"WebSite\",\"@id\":\"https:\/\/ixchiq.ca\/hcp\/fr\/#website\",\"url\":\"https:\/\/ixchiq.ca\/hcp\/fr\/\",\"name\":\"Ixchiq HCP\",\"description\":\"\",\"publisher\":{\"@id\":\"https:\/\/ixchiq.ca\/hcp\/fr\/#organization\"},\"potentialAction\":[{\"@type\":\"SearchAction\",\"target\":{\"@type\":\"EntryPoint\",\"urlTemplate\":\"https:\/\/ixchiq.ca\/hcp\/fr\/?s={search_term_string}\"},\"query-input\":{\"@type\":\"PropertyValueSpecification\",\"valueRequired\":true,\"valueName\":\"search_term_string\"}}],\"inLanguage\":\"fr-FR\"},{\"@type\":\"Organization\",\"@id\":\"https:\/\/ixchiq.ca\/hcp\/fr\/#organization\",\"name\":\"Ixchiq HCP\",\"url\":\"https:\/\/ixchiq.ca\/hcp\/fr\/\",\"logo\":{\"@type\":\"ImageObject\",\"inLanguage\":\"fr-FR\",\"@id\":\"https:\/\/ixchiq.ca\/hcp\/fr\/#\/schema\/logo\/image\/\",\"url\":\"https:\/\/ixchiq.ca\/hcp\/wp-content\/uploads\/2024\/10\/ixchiq-1.png\",\"contentUrl\":\"https:\/\/ixchiq.ca\/hcp\/wp-content\/uploads\/2024\/10\/ixchiq-1.png\",\"width\":500,\"height\":140,\"caption\":\"Ixchiq HCP\"},\"image\":{\"@id\":\"https:\/\/ixchiq.ca\/hcp\/fr\/#\/schema\/logo\/image\/\"}}]}<\/script>\n<!-- \/ Yoast SEO plugin. -->","yoast_head_json":{"title":"\u00c0 propos du virus du chikungunya - Ixchiq HCP","robots":{"index":"index","follow":"follow","max-snippet":"max-snippet:-1","max-image-preview":"max-image-preview:large","max-video-preview":"max-video-preview:-1"},"canonical":"https:\/\/ixchiq.ca\/hcp\/fr\/a-propos-du-virus-du-chikungunya\/","og_locale":"fr_FR","og_type":"article","og_title":"\u00c0 propos du virus du chikungunya - Ixchiq HCP","og_description":"Le chikungunya est une maladie caus\u00e9e par le virus du chikungunya, qui se transmet par les moustiques et qui peut occasionner des arthralgies persistantes pouvant avoir d\u2019importantes r\u00e9percussions sur la qualit\u00e9 de vie des patients3,4. \u00c0 propos du virus du chikungunya Le mot chikungunya signifie \u00ab qui se recourbe \u00bb en makond\u00e9, une langue africaine. [&hellip;]","og_url":"https:\/\/ixchiq.ca\/hcp\/fr\/a-propos-du-virus-du-chikungunya\/","og_site_name":"Ixchiq HCP","article_modified_time":"2025-03-21T11:46:59+00:00","twitter_card":"summary_large_image","twitter_misc":{"Dur\u00e9e de lecture estim\u00e9e":"1 minute"},"schema":{"@context":"https:\/\/schema.org","@graph":[{"@type":"WebPage","@id":"https:\/\/ixchiq.ca\/hcp\/fr\/a-propos-du-virus-du-chikungunya\/","url":"https:\/\/ixchiq.ca\/hcp\/fr\/a-propos-du-virus-du-chikungunya\/","name":"\u00c0 propos du virus du chikungunya - Ixchiq HCP","isPartOf":{"@id":"https:\/\/ixchiq.ca\/hcp\/fr\/#website"},"datePublished":"2024-10-11T10:42:55+00:00","dateModified":"2025-03-21T11:46:59+00:00","breadcrumb":{"@id":"https:\/\/ixchiq.ca\/hcp\/fr\/a-propos-du-virus-du-chikungunya\/#breadcrumb"},"inLanguage":"fr-FR","potentialAction":[{"@type":"ReadAction","target":["https:\/\/ixchiq.ca\/hcp\/fr\/a-propos-du-virus-du-chikungunya\/"]}]},{"@type":"BreadcrumbList","@id":"https:\/\/ixchiq.ca\/hcp\/fr\/a-propos-du-virus-du-chikungunya\/#breadcrumb","itemListElement":[{"@type":"ListItem","position":1,"name":"Home","item":"https:\/\/ixchiq.ca\/hcp\/fr\/"},{"@type":"ListItem","position":2,"name":"\u00c0 propos du virus du chikungunya"}]},{"@type":"WebSite","@id":"https:\/\/ixchiq.ca\/hcp\/fr\/#website","url":"https:\/\/ixchiq.ca\/hcp\/fr\/","name":"Ixchiq HCP","description":"","publisher":{"@id":"https:\/\/ixchiq.ca\/hcp\/fr\/#organization"},"potentialAction":[{"@type":"SearchAction","target":{"@type":"EntryPoint","urlTemplate":"https:\/\/ixchiq.ca\/hcp\/fr\/?s={search_term_string}"},"query-input":{"@type":"PropertyValueSpecification","valueRequired":true,"valueName":"search_term_string"}}],"inLanguage":"fr-FR"},{"@type":"Organization","@id":"https:\/\/ixchiq.ca\/hcp\/fr\/#organization","name":"Ixchiq HCP","url":"https:\/\/ixchiq.ca\/hcp\/fr\/","logo":{"@type":"ImageObject","inLanguage":"fr-FR","@id":"https:\/\/ixchiq.ca\/hcp\/fr\/#\/schema\/logo\/image\/","url":"https:\/\/ixchiq.ca\/hcp\/wp-content\/uploads\/2024\/10\/ixchiq-1.png","contentUrl":"https:\/\/ixchiq.ca\/hcp\/wp-content\/uploads\/2024\/10\/ixchiq-1.png","width":500,"height":140,"caption":"Ixchiq HCP"},"image":{"@id":"https:\/\/ixchiq.ca\/hcp\/fr\/#\/schema\/logo\/image\/"}}]}},"_links":{"self":[{"href":"https:\/\/ixchiq.ca\/hcp\/fr\/wp-json\/wp\/v2\/pages\/2184","targetHints":{"allow":["GET"]}}],"collection":[{"href":"https:\/\/ixchiq.ca\/hcp\/fr\/wp-json\/wp\/v2\/pages"}],"about":[{"href":"https:\/\/ixchiq.ca\/hcp\/fr\/wp-json\/wp\/v2\/types\/page"}],"author":[{"embeddable":true,"href":"https:\/\/ixchiq.ca\/hcp\/fr\/wp-json\/wp\/v2\/users\/1"}],"replies":[{"embeddable":true,"href":"https:\/\/ixchiq.ca\/hcp\/fr\/wp-json\/wp\/v2\/comments?post=2184"}],"version-history":[{"count":20,"href":"https:\/\/ixchiq.ca\/hcp\/fr\/wp-json\/wp\/v2\/pages\/2184\/revisions"}],"predecessor-version":[{"id":3391,"href":"https:\/\/ixchiq.ca\/hcp\/fr\/wp-json\/wp\/v2\/pages\/2184\/revisions\/3391"}],"wp:attachment":[{"href":"https:\/\/ixchiq.ca\/hcp\/fr\/wp-json\/wp\/v2\/media?parent=2184"}],"curies":[{"name":"wp","href":"https:\/\/api.w.org\/{rel}","templated":true}]}}