{"id":1588,"date":"2024-10-11T05:46:18","date_gmt":"2024-10-11T05:46:18","guid":{"rendered":"https:\/\/ixchiq.ca\/about-chikungunya-virus\/"},"modified":"2024-12-20T10:42:26","modified_gmt":"2024-12-20T10:42:26","slug":"aproposduchik","status":"publish","type":"page","link":"https:\/\/ixchiq.ca\/fr\/aproposduchik\/","title":{"rendered":"\u00c0 propos du virus du chikungunya"},"content":{"rendered":"\t\t<div data-elementor-type=\"wp-page\" data-elementor-id=\"1588\" class=\"elementor elementor-1588 elementor-275\" data-elementor-post-type=\"page\">\n\t\t\t\t<div class=\"elementor-element elementor-element-51b07b0 e-flex e-con-boxed e-con e-parent\" data-id=\"51b07b0\" data-element_type=\"container\">\n\t\t\t\t\t<div class=\"e-con-inner\">\n\t\t<div class=\"elementor-element elementor-element-d3277be e-con-full e-flex e-con e-child\" data-id=\"d3277be\" data-element_type=\"container\">\n\t\t\t\t<div class=\"elementor-element elementor-element-2fb8f70 elementor-widget elementor-widget-heading\" data-id=\"2fb8f70\" data-element_type=\"widget\" data-widget_type=\"heading.default\">\n\t\t\t\t<div class=\"elementor-widget-container\">\n\t\t\t\t\t<h1 class=\"elementor-heading-title elementor-size-default\">Qu\u2019est-ce que le chikungunya?<\/h1>\t\t\t\t<\/div>\n\t\t\t\t<\/div>\n\t\t\t\t<div class=\"elementor-element elementor-element-ada1809 elementor-widget elementor-widget-heading\" data-id=\"ada1809\" data-element_type=\"widget\" data-widget_type=\"heading.default\">\n\t\t\t\t<div class=\"elementor-widget-container\">\n\t\t\t\t\t<h2 class=\"elementor-heading-title elementor-size-default\">Le chikungunya est une maladie caus\u00e9e par le virus du chikungunya qui peut changer la vie d\u2019une personne atteinte.<\/h2>\t\t\t\t<\/div>\n\t\t\t\t<\/div>\n\t\t\t\t<\/div>\n\t\t\t\t\t<\/div>\n\t\t\t\t<\/div>\n\t\t<div class=\"elementor-element elementor-element-11e46f1 e-flex e-con-boxed e-con e-parent\" data-id=\"11e46f1\" data-element_type=\"container\">\n\t\t\t\t\t<div class=\"e-con-inner\">\n\t\t<div class=\"elementor-element elementor-element-adbf2e5 e-con-full e-flex e-con e-child\" data-id=\"adbf2e5\" data-element_type=\"container\">\n\t\t<div class=\"elementor-element elementor-element-3e1b7a0 e-con-full e-flex e-con e-child\" data-id=\"3e1b7a0\" data-element_type=\"container\">\n\t\t\t\t<div class=\"elementor-element elementor-element-ae0f2a8 elementor-widget__width-inherit elementor-widget elementor-widget-text-editor\" data-id=\"ae0f2a8\" data-element_type=\"widget\" data-widget_type=\"text-editor.default\">\n\t\t\t\t<div class=\"elementor-widget-container\">\n\t\t\t\t\t\t\t\t\t<ul class=\"para\">\n<li>Le nom chikungunya signifie \u00ab qui se recourbe \u00bb en makond\u00e9, une langue africaine. Il d\u00e9crit la position recroquevill\u00e9e des personnes souffrant de <strong>douleurs articulaires persistantes <\/strong> caus\u00e9es par cette maladie.<\/li>\n<li>La maladie est caus\u00e9e par le virus du chikungunya, qui se transmet principalement par des <strong>moustiques infect\u00e9s actifs le jour. <\/strong><\/li>\n<\/ul>\t\t\t\t\t\t\t\t<\/div>\n\t\t\t\t<\/div>\n\t\t\t\t<\/div>\n\t\t<div class=\"elementor-element elementor-element-b589f02 e-con-full e-flex e-con e-child\" data-id=\"b589f02\" data-element_type=\"container\">\n\t\t\t\t<div class=\"elementor-element elementor-element-da5992e elementor-widget__width-inherit elementor-widget elementor-widget-text-editor\" data-id=\"da5992e\" data-element_type=\"widget\" data-widget_type=\"text-editor.default\">\n\t\t\t\t<div class=\"elementor-widget-container\">\n\t\t\t\t\t\t\t\t\t<ul class=\"para\">\n \t<li><strong>La plupart des personnes infect\u00e9es pr\u00e9senteront des sympt\u00f4mes, les plus courants \u00e9tant la fi\u00e8vre et une douleur intense dans les articulations.<\/strong>\n<ul>\n \t<li>Les sympt\u00f4mes du chikungunya durent g\u00e9n\u00e9ralement quelques jours mais peuvent <strong>persister pendant des semaines, des mois <\/strong> ou m\u00eame des <strong>ann\u00e9es<\/strong>.<\/li>\n<\/ul>\n<\/li>\n \t<li><strong>Il n\u2019existe aucun traitement sp\u00e9cifique <\/strong> contre le chikungunya. Les soins de soutien consistent essentiellement \u00e0 aider \u00e0 soulager la fi\u00e8vre et les douleurs articulaires.<\/li>\n<\/ul>\t\t\t\t\t\t\t\t<\/div>\n\t\t\t\t<\/div>\n\t\t\t\t<\/div>\n\t\t\t\t<\/div>\n\t\t<div class=\"elementor-element elementor-element-fbe0a7c e-con-full e-flex e-con e-child\" data-id=\"fbe0a7c\" data-element_type=\"container\">\n\t\t<div class=\"elementor-element elementor-element-5573ea1 e-con-full e-flex e-con e-child\" data-id=\"5573ea1\" data-element_type=\"container\">\n\t\t\t\t<div class=\"elementor-element elementor-element-4b3062e elementor-widget elementor-widget-image\" data-id=\"4b3062e\" data-element_type=\"widget\" data-widget_type=\"image.default\">\n\t\t\t\t<div class=\"elementor-widget-container\">\n\t\t\t\t\t\t\t\t\t\t\t\t\t\t\t<img fetchpriority=\"high\" decoding=\"async\" width=\"510\" height=\"365\" src=\"https:\/\/ixchiq.ca\/wp-content\/uploads\/2024\/10\/Group-47.png\" class=\"attachment-full size-full wp-image-1204\" alt=\"\" srcset=\"https:\/\/ixchiq.ca\/wp-content\/uploads\/2024\/10\/Group-47.png 510w, https:\/\/ixchiq.ca\/wp-content\/uploads\/2024\/10\/Group-47-300x215.png 300w\" sizes=\"(max-width: 510px) 100vw, 510px\" \/>\t\t\t\t\t\t\t\t\t\t\t\t\t\t\t<\/div>\n\t\t\t\t<\/div>\n\t\t\t\t<\/div>\n\t\t<div class=\"elementor-element elementor-element-e2cc733 e-con-full e-flex e-con e-child\" data-id=\"e2cc733\" data-element_type=\"container\">\n\t\t\t\t<div class=\"elementor-element elementor-element-030fe06 elementor-widget elementor-widget-image\" data-id=\"030fe06\" data-element_type=\"widget\" data-widget_type=\"image.default\">\n\t\t\t\t<div class=\"elementor-widget-container\">\n\t\t\t\t\t\t\t\t\t\t\t\t\t\t\t<img decoding=\"async\" width=\"32\" height=\"37\" src=\"https:\/\/ixchiq.ca\/wp-content\/uploads\/2024\/10\/pin.png\" class=\"attachment-full size-full wp-image-1206\" alt=\"\" \/>\t\t\t\t\t\t\t\t\t\t\t\t\t\t\t<\/div>\n\t\t\t\t<\/div>\n\t\t\t\t<div class=\"elementor-element elementor-element-b53aefc elementor-widget elementor-widget-image\" data-id=\"b53aefc\" data-element_type=\"widget\" data-widget_type=\"image.default\">\n\t\t\t\t<div class=\"elementor-widget-container\">\n\t\t\t\t\t\t\t\t\t\t\t\t\t\t\t<img decoding=\"async\" width=\"440\" height=\"300\" src=\"https:\/\/ixchiq.ca\/wp-content\/uploads\/2024\/10\/Group-1.png\" class=\"attachment-full size-full wp-image-1205\" alt=\"\" srcset=\"https:\/\/ixchiq.ca\/wp-content\/uploads\/2024\/10\/Group-1.png 440w, https:\/\/ixchiq.ca\/wp-content\/uploads\/2024\/10\/Group-1-300x205.png 300w\" sizes=\"(max-width: 440px) 100vw, 440px\" \/>\t\t\t\t\t\t\t\t\t\t\t\t\t\t\t<\/div>\n\t\t\t\t<\/div>\n\t\t\t\t<\/div>\n\t\t\t\t<\/div>\n\t\t<div class=\"elementor-element elementor-element-27c5a5f e-con-full e-flex e-con e-child\" data-id=\"27c5a5f\" data-element_type=\"container\">\n\t\t\t\t<div class=\"elementor-element elementor-element-8e1c757 elementor-widget elementor-widget-heading\" data-id=\"8e1c757\" data-element_type=\"widget\" data-widget_type=\"heading.default\">\n\t\t\t\t<div class=\"elementor-widget-container\">\n\t\t\t\t\t<h3 class=\"elementor-heading-title elementor-size-default\">Bien que la plupart des personnes atteintes se r\u00e9tablissent compl\u00e8tement du chikungunya, certains cas peuvent persister pendant des mois, voire des ann\u00e9es<\/h3>\t\t\t\t<\/div>\n\t\t\t\t<\/div>\n\t\t\t\t<\/div>\n\t\t<div class=\"elementor-element elementor-element-4987cd6 e-con-full e-flex e-con e-child\" data-id=\"4987cd6\" data-element_type=\"container\">\n\t\t<div class=\"elementor-element elementor-element-14a33fc e-con-full e-flex e-con e-child\" data-id=\"14a33fc\" data-element_type=\"container\">\n\t\t\t\t<div class=\"elementor-element elementor-element-8351e1b elementor-widget__width-initial elementor-position-top elementor-widget elementor-widget-image-box\" data-id=\"8351e1b\" data-element_type=\"widget\" data-widget_type=\"image-box.default\">\n\t\t\t\t<div class=\"elementor-widget-container\">\n\t\t\t\t\t<div class=\"elementor-image-box-wrapper\"><figure class=\"elementor-image-box-img\"><img loading=\"lazy\" decoding=\"async\" width=\"234\" height=\"234\" src=\"https:\/\/ixchiq.ca\/wp-content\/uploads\/2024\/10\/ixchiq_dtc_globe_icon.png\" class=\"attachment-full size-full wp-image-684\" alt=\"ixchiq_dtc_globe_icon\" srcset=\"https:\/\/ixchiq.ca\/wp-content\/uploads\/2024\/10\/ixchiq_dtc_globe_icon.png 234w, https:\/\/ixchiq.ca\/wp-content\/uploads\/2024\/10\/ixchiq_dtc_globe_icon-150x150.png 150w\" sizes=\"(max-width: 234px) 100vw, 234px\" \/><\/figure><div class=\"elementor-image-box-content\"><p class=\"elementor-image-box-description\">Le virus du chikungunya devient <strong>plus fr\u00e9quent  <\/strong> et <strong>r\u00e9pandu. <\/strong>Il a \u00e9t\u00e9 identifi\u00e9 dans <strong>plus de 110 pays <\/strong>d\u2019Asie, d\u2019Afrique, d\u2019Europe et des Am\u00e9riques.<\/p><\/div><\/div>\t\t\t\t<\/div>\n\t\t\t\t<\/div>\n\t\t\t\t<\/div>\n\t\t<div class=\"elementor-element elementor-element-1311cfd e-con-full e-flex e-con e-child\" data-id=\"1311cfd\" data-element_type=\"container\">\n\t\t\t\t<div class=\"elementor-element elementor-element-b21e12d elementor-widget__width-initial elementor-position-top elementor-widget elementor-widget-image-box\" data-id=\"b21e12d\" data-element_type=\"widget\" data-widget_type=\"image-box.default\">\n\t\t\t\t<div class=\"elementor-widget-container\">\n\t\t\t\t\t<div class=\"elementor-image-box-wrapper\"><figure class=\"elementor-image-box-img\"><img loading=\"lazy\" decoding=\"async\" width=\"234\" height=\"234\" src=\"https:\/\/ixchiq.ca\/wp-content\/uploads\/2024\/11\/icon.png\" class=\"attachment-full size-full wp-image-2038\" alt=\"\" srcset=\"https:\/\/ixchiq.ca\/wp-content\/uploads\/2024\/11\/icon.png 234w, https:\/\/ixchiq.ca\/wp-content\/uploads\/2024\/11\/icon-150x150.png 150w\" sizes=\"(max-width: 234px) 100vw, 234px\" \/><\/figure><div class=\"elementor-image-box-content\"><p class=\"elementor-image-box-description\">La <strong>dengue<\/strong> et l\u2019infection \u00e0 virus <strong>Zika<\/strong> entra\u00eenent des sympt\u00f4mes semblables \u00e0 ceux du chikungunya, ce qui complique le diagnostic.<\/p><\/div><\/div>\t\t\t\t<\/div>\n\t\t\t\t<\/div>\n\t\t\t\t<\/div>\n\t\t\t\t<\/div>\n\t\t<div class=\"elementor-element elementor-element-4bdaa56 e-con-full e-flex e-con e-child\" data-id=\"4bdaa56\" data-element_type=\"container\">\n\t\t<div class=\"elementor-element elementor-element-dd69308 e-con-full e-flex e-con e-child\" data-id=\"dd69308\" data-element_type=\"container\">\n\t\t\t\t<div class=\"elementor-element elementor-element-823a8af elementor-widget__width-initial elementor-position-top elementor-widget elementor-widget-image-box\" data-id=\"823a8af\" data-element_type=\"widget\" data-widget_type=\"image-box.default\">\n\t\t\t\t<div class=\"elementor-widget-container\">\n\t\t\t\t\t<div class=\"elementor-image-box-wrapper\"><figure class=\"elementor-image-box-img\"><img loading=\"lazy\" decoding=\"async\" width=\"234\" height=\"234\" src=\"https:\/\/ixchiq.ca\/wp-content\/uploads\/2024\/11\/2024_11_12T16_27_29_062Z.png\" class=\"attachment-full size-full wp-image-2045\" alt=\"\" srcset=\"https:\/\/ixchiq.ca\/wp-content\/uploads\/2024\/11\/2024_11_12T16_27_29_062Z.png 234w, https:\/\/ixchiq.ca\/wp-content\/uploads\/2024\/11\/2024_11_12T16_27_29_062Z-150x150.png 150w\" sizes=\"(max-width: 234px) 100vw, 234px\" \/><\/figure><div class=\"elementor-image-box-content\"><p class=\"elementor-image-box-description\"><strong>Jusqu\u2019\u00e0 75 % des personnes infect\u00e9es par le virus du chikungunya pr\u00e9sentent des sympt\u00f4mes<\/strong>  La fi\u00e8vre et une douleur intense et invalidante sont des sympt\u00f4mes fr\u00e9quents dont la dur\u00e9e varie. Parmi les autres sympt\u00f4mes, mentionnons le gonflement articulaire, la douleur musculaire, les maux de t\u00eate, les naus\u00e9es, la fatigue et l\u2019\u00e9ruption cutan\u00e9e.<\/p><\/div><\/div>\t\t\t\t<\/div>\n\t\t\t\t<\/div>\n\t\t\t\t<\/div>\n\t\t<div class=\"elementor-element elementor-element-fa9c8b2 e-con-full e-flex e-con e-child\" data-id=\"fa9c8b2\" data-element_type=\"container\">\n\t\t\t\t<div class=\"elementor-element elementor-element-b3a1bd9 elementor-widget__width-initial elementor-position-top elementor-widget elementor-widget-image-box\" data-id=\"b3a1bd9\" data-element_type=\"widget\" data-widget_type=\"image-box.default\">\n\t\t\t\t<div class=\"elementor-widget-container\">\n\t\t\t\t\t<div class=\"elementor-image-box-wrapper\"><figure class=\"elementor-image-box-img\"><img loading=\"lazy\" decoding=\"async\" width=\"234\" height=\"234\" src=\"https:\/\/ixchiq.ca\/wp-content\/uploads\/2024\/11\/2024_11_12T16_27_30_381Z.png\" class=\"attachment-full size-full wp-image-2043\" alt=\"\" srcset=\"https:\/\/ixchiq.ca\/wp-content\/uploads\/2024\/11\/2024_11_12T16_27_30_381Z.png 234w, https:\/\/ixchiq.ca\/wp-content\/uploads\/2024\/11\/2024_11_12T16_27_30_381Z-150x150.png 150w\" sizes=\"(max-width: 234px) 100vw, 234px\" \/><\/figure><div class=\"elementor-image-box-content\"><p class=\"elementor-image-box-description\">Le chikungunya comporte une phase aigu\u00eb et une phase chronique. Jusqu\u2019\u00e0 <strong>43 %<\/strong> des patients infect\u00e9s se rendent \u00e0 la phase chronique.<br>\n\nLa forme chronique du chikungunya se caract\u00e9rise par <strong>des douleurs articulaires, de la fatigue et des effets potentiellement invalidants <\/strong> (p. ex., d\u00e9pression, troubles de l\u2019humeur et du sommeil) pouvant <strong> durer des mois et m\u00eame des ann\u00e9es. Certaines personnes peuvent ne jamais se r\u00e9tablir compl\u00e8tement.<\/strong><\/p><\/div><\/div>\t\t\t\t<\/div>\n\t\t\t\t<\/div>\n\t\t\t\t<\/div>\n\t\t\t\t<\/div>\n\t\t\t\t\t<\/div>\n\t\t\t\t<\/div>\n\t\t<div class=\"elementor-element elementor-element-9c803fb e-flex e-con-boxed e-con e-parent\" data-id=\"9c803fb\" data-element_type=\"container\">\n\t\t\t\t\t<div class=\"e-con-inner\">\n\t\t\t\t<div class=\"elementor-element elementor-element-7e86d84 elementor-align-center elementor-widget elementor-widget-button\" data-id=\"7e86d84\" data-element_type=\"widget\" data-widget_type=\"button.default\">\n\t\t\t\t<div class=\"elementor-widget-container\">\n\t\t\t\t\t\t\t\t\t<div class=\"elementor-button-wrapper\">\n\t\t\t\t\t<a class=\"elementor-button elementor-button-link elementor-size-sm\" href=\"https:\/\/ixchiq.ca\/fr\/regionsarisque\/\" id=\"btn_2\">\n\t\t\t\t\t\t<span class=\"elementor-button-content-wrapper\">\n\t\t\t\t\t\t<span class=\"elementor-button-icon\">\n\t\t\t\t<i aria-hidden=\"true\" class=\"fas fa-arrow-right\"><\/i>\t\t\t<\/span>\n\t\t\t\t\t\t\t\t\t<span class=\"elementor-button-text\">R\u00e9gions \u00e0 risque<\/span>\n\t\t\t\t\t<\/span>\n\t\t\t\t\t<\/a>\n\t\t\t\t<\/div>\n\t\t\t\t\t\t\t\t<\/div>\n\t\t\t\t<\/div>\n\t\t\t\t\t<\/div>\n\t\t\t\t<\/div>\n\t\t\t\t<\/div>\n\t\t","protected":false},"excerpt":{"rendered":"<p>Qu\u2019est-ce que le chikungunya? Le chikungunya est une maladie caus\u00e9e par le virus du chikungunya qui peut changer la vie d\u2019une personne atteinte. Le nom chikungunya signifie \u00ab qui se recourbe \u00bb en makond\u00e9, une langue africaine. Il d\u00e9crit la position recroquevill\u00e9e des personnes souffrant de douleurs articulaires persistantes caus\u00e9es par cette maladie. La maladie [&hellip;]<\/p>\n","protected":false},"author":1,"featured_media":0,"parent":0,"menu_order":0,"comment_status":"closed","ping_status":"closed","template":"elementor_header_footer","meta":{"footnotes":""},"class_list":["post-1588","page","type-page","status-publish","hentry"],"yoast_head":"<!-- This site is optimized with the Yoast SEO plugin v26.8 - https:\/\/yoast.com\/product\/yoast-seo-wordpress\/ -->\n<title>\u00c0 propos du virus du chikungunya - Ixchiq<\/title>\n<meta name=\"robots\" content=\"index, follow, max-snippet:-1, max-image-preview:large, max-video-preview:-1\" \/>\n<link rel=\"canonical\" href=\"https:\/\/ixchiq.ca\/fr\/aproposduchik\/\" \/>\n<meta property=\"og:locale\" content=\"fr_FR\" \/>\n<meta property=\"og:type\" content=\"article\" \/>\n<meta property=\"og:title\" content=\"\u00c0 propos du virus du chikungunya - Ixchiq\" \/>\n<meta property=\"og:description\" content=\"Qu\u2019est-ce que le chikungunya? Le chikungunya est une maladie caus\u00e9e par le virus du chikungunya qui peut changer la vie d\u2019une personne atteinte. Le nom chikungunya signifie \u00ab qui se recourbe \u00bb en makond\u00e9, une langue africaine. Il d\u00e9crit la position recroquevill\u00e9e des personnes souffrant de douleurs articulaires persistantes caus\u00e9es par cette maladie. La maladie [&hellip;]\" \/>\n<meta property=\"og:url\" content=\"https:\/\/ixchiq.ca\/fr\/aproposduchik\/\" \/>\n<meta property=\"og:site_name\" content=\"Ixchiq\" \/>\n<meta property=\"article:modified_time\" content=\"2024-12-20T10:42:26+00:00\" \/>\n<meta property=\"og:image\" content=\"https:\/\/ixchiq.ca\/wp-content\/uploads\/2024\/10\/Group-47.png\" \/>\n\t<meta property=\"og:image:width\" content=\"510\" \/>\n\t<meta property=\"og:image:height\" content=\"365\" \/>\n\t<meta property=\"og:image:type\" content=\"image\/png\" \/>\n<meta name=\"twitter:card\" content=\"summary_large_image\" \/>\n<meta name=\"twitter:label1\" content=\"Dur\u00e9e de lecture estim\u00e9e\" \/>\n\t<meta name=\"twitter:data1\" content=\"4 minutes\" \/>\n<script type=\"application\/ld+json\" class=\"yoast-schema-graph\">{\"@context\":\"https:\/\/schema.org\",\"@graph\":[{\"@type\":\"WebPage\",\"@id\":\"https:\/\/ixchiq.ca\/fr\/aproposduchik\/\",\"url\":\"https:\/\/ixchiq.ca\/fr\/aproposduchik\/\",\"name\":\"\u00c0 propos du virus du chikungunya - Ixchiq\",\"isPartOf\":{\"@id\":\"https:\/\/ixchiq.ca\/fr\/#website\"},\"primaryImageOfPage\":{\"@id\":\"https:\/\/ixchiq.ca\/fr\/aproposduchik\/#primaryimage\"},\"image\":{\"@id\":\"https:\/\/ixchiq.ca\/fr\/aproposduchik\/#primaryimage\"},\"thumbnailUrl\":\"https:\/\/ixchiq.ca\/wp-content\/uploads\/2024\/10\/Group-47.png\",\"datePublished\":\"2024-10-11T05:46:18+00:00\",\"dateModified\":\"2024-12-20T10:42:26+00:00\",\"breadcrumb\":{\"@id\":\"https:\/\/ixchiq.ca\/fr\/aproposduchik\/#breadcrumb\"},\"inLanguage\":\"fr-FR\",\"potentialAction\":[{\"@type\":\"ReadAction\",\"target\":[\"https:\/\/ixchiq.ca\/fr\/aproposduchik\/\"]}]},{\"@type\":\"ImageObject\",\"inLanguage\":\"fr-FR\",\"@id\":\"https:\/\/ixchiq.ca\/fr\/aproposduchik\/#primaryimage\",\"url\":\"https:\/\/ixchiq.ca\/wp-content\/uploads\/2024\/10\/Group-47.png\",\"contentUrl\":\"https:\/\/ixchiq.ca\/wp-content\/uploads\/2024\/10\/Group-47.png\"},{\"@type\":\"BreadcrumbList\",\"@id\":\"https:\/\/ixchiq.ca\/fr\/aproposduchik\/#breadcrumb\",\"itemListElement\":[{\"@type\":\"ListItem\",\"position\":1,\"name\":\"Home\",\"item\":\"https:\/\/ixchiq.ca\/fr\/\"},{\"@type\":\"ListItem\",\"position\":2,\"name\":\"\u00c0 propos du virus du chikungunya\"}]},{\"@type\":\"WebSite\",\"@id\":\"https:\/\/ixchiq.ca\/fr\/#website\",\"url\":\"https:\/\/ixchiq.ca\/fr\/\",\"name\":\"Ixchiq\",\"description\":\"\",\"publisher\":{\"@id\":\"https:\/\/ixchiq.ca\/fr\/#organization\"},\"potentialAction\":[{\"@type\":\"SearchAction\",\"target\":{\"@type\":\"EntryPoint\",\"urlTemplate\":\"https:\/\/ixchiq.ca\/fr\/?s={search_term_string}\"},\"query-input\":{\"@type\":\"PropertyValueSpecification\",\"valueRequired\":true,\"valueName\":\"search_term_string\"}}],\"inLanguage\":\"fr-FR\"},{\"@type\":\"Organization\",\"@id\":\"https:\/\/ixchiq.ca\/fr\/#organization\",\"name\":\"Ixchiq\",\"url\":\"https:\/\/ixchiq.ca\/fr\/\",\"logo\":{\"@type\":\"ImageObject\",\"inLanguage\":\"fr-FR\",\"@id\":\"https:\/\/ixchiq.ca\/fr\/#\/schema\/logo\/image\/\",\"url\":\"https:\/\/ixchiq.ca\/wp-content\/uploads\/2024\/12\/fav.png\",\"contentUrl\":\"https:\/\/ixchiq.ca\/wp-content\/uploads\/2024\/12\/fav.png\",\"width\":153,\"height\":121,\"caption\":\"Ixchiq\"},\"image\":{\"@id\":\"https:\/\/ixchiq.ca\/fr\/#\/schema\/logo\/image\/\"}}]}<\/script>\n<!-- \/ Yoast SEO plugin. -->","yoast_head_json":{"title":"\u00c0 propos du virus du chikungunya - Ixchiq","robots":{"index":"index","follow":"follow","max-snippet":"max-snippet:-1","max-image-preview":"max-image-preview:large","max-video-preview":"max-video-preview:-1"},"canonical":"https:\/\/ixchiq.ca\/fr\/aproposduchik\/","og_locale":"fr_FR","og_type":"article","og_title":"\u00c0 propos du virus du chikungunya - Ixchiq","og_description":"Qu\u2019est-ce que le chikungunya? Le chikungunya est une maladie caus\u00e9e par le virus du chikungunya qui peut changer la vie d\u2019une personne atteinte. Le nom chikungunya signifie \u00ab qui se recourbe \u00bb en makond\u00e9, une langue africaine. Il d\u00e9crit la position recroquevill\u00e9e des personnes souffrant de douleurs articulaires persistantes caus\u00e9es par cette maladie. La maladie [&hellip;]","og_url":"https:\/\/ixchiq.ca\/fr\/aproposduchik\/","og_site_name":"Ixchiq","article_modified_time":"2024-12-20T10:42:26+00:00","og_image":[{"width":510,"height":365,"url":"https:\/\/ixchiq.ca\/wp-content\/uploads\/2024\/10\/Group-47.png","type":"image\/png"}],"twitter_card":"summary_large_image","twitter_misc":{"Dur\u00e9e de lecture estim\u00e9e":"4 minutes"},"schema":{"@context":"https:\/\/schema.org","@graph":[{"@type":"WebPage","@id":"https:\/\/ixchiq.ca\/fr\/aproposduchik\/","url":"https:\/\/ixchiq.ca\/fr\/aproposduchik\/","name":"\u00c0 propos du virus du chikungunya - Ixchiq","isPartOf":{"@id":"https:\/\/ixchiq.ca\/fr\/#website"},"primaryImageOfPage":{"@id":"https:\/\/ixchiq.ca\/fr\/aproposduchik\/#primaryimage"},"image":{"@id":"https:\/\/ixchiq.ca\/fr\/aproposduchik\/#primaryimage"},"thumbnailUrl":"https:\/\/ixchiq.ca\/wp-content\/uploads\/2024\/10\/Group-47.png","datePublished":"2024-10-11T05:46:18+00:00","dateModified":"2024-12-20T10:42:26+00:00","breadcrumb":{"@id":"https:\/\/ixchiq.ca\/fr\/aproposduchik\/#breadcrumb"},"inLanguage":"fr-FR","potentialAction":[{"@type":"ReadAction","target":["https:\/\/ixchiq.ca\/fr\/aproposduchik\/"]}]},{"@type":"ImageObject","inLanguage":"fr-FR","@id":"https:\/\/ixchiq.ca\/fr\/aproposduchik\/#primaryimage","url":"https:\/\/ixchiq.ca\/wp-content\/uploads\/2024\/10\/Group-47.png","contentUrl":"https:\/\/ixchiq.ca\/wp-content\/uploads\/2024\/10\/Group-47.png"},{"@type":"BreadcrumbList","@id":"https:\/\/ixchiq.ca\/fr\/aproposduchik\/#breadcrumb","itemListElement":[{"@type":"ListItem","position":1,"name":"Home","item":"https:\/\/ixchiq.ca\/fr\/"},{"@type":"ListItem","position":2,"name":"\u00c0 propos du virus du chikungunya"}]},{"@type":"WebSite","@id":"https:\/\/ixchiq.ca\/fr\/#website","url":"https:\/\/ixchiq.ca\/fr\/","name":"Ixchiq","description":"","publisher":{"@id":"https:\/\/ixchiq.ca\/fr\/#organization"},"potentialAction":[{"@type":"SearchAction","target":{"@type":"EntryPoint","urlTemplate":"https:\/\/ixchiq.ca\/fr\/?s={search_term_string}"},"query-input":{"@type":"PropertyValueSpecification","valueRequired":true,"valueName":"search_term_string"}}],"inLanguage":"fr-FR"},{"@type":"Organization","@id":"https:\/\/ixchiq.ca\/fr\/#organization","name":"Ixchiq","url":"https:\/\/ixchiq.ca\/fr\/","logo":{"@type":"ImageObject","inLanguage":"fr-FR","@id":"https:\/\/ixchiq.ca\/fr\/#\/schema\/logo\/image\/","url":"https:\/\/ixchiq.ca\/wp-content\/uploads\/2024\/12\/fav.png","contentUrl":"https:\/\/ixchiq.ca\/wp-content\/uploads\/2024\/12\/fav.png","width":153,"height":121,"caption":"Ixchiq"},"image":{"@id":"https:\/\/ixchiq.ca\/fr\/#\/schema\/logo\/image\/"}}]}},"_links":{"self":[{"href":"https:\/\/ixchiq.ca\/fr\/wp-json\/wp\/v2\/pages\/1588","targetHints":{"allow":["GET"]}}],"collection":[{"href":"https:\/\/ixchiq.ca\/fr\/wp-json\/wp\/v2\/pages"}],"about":[{"href":"https:\/\/ixchiq.ca\/fr\/wp-json\/wp\/v2\/types\/page"}],"author":[{"embeddable":true,"href":"https:\/\/ixchiq.ca\/fr\/wp-json\/wp\/v2\/users\/1"}],"replies":[{"embeddable":true,"href":"https:\/\/ixchiq.ca\/fr\/wp-json\/wp\/v2\/comments?post=1588"}],"version-history":[{"count":22,"href":"https:\/\/ixchiq.ca\/fr\/wp-json\/wp\/v2\/pages\/1588\/revisions"}],"predecessor-version":[{"id":2522,"href":"https:\/\/ixchiq.ca\/fr\/wp-json\/wp\/v2\/pages\/1588\/revisions\/2522"}],"wp:attachment":[{"href":"https:\/\/ixchiq.ca\/fr\/wp-json\/wp\/v2\/media?parent=1588"}],"curies":[{"name":"wp","href":"https:\/\/api.w.org\/{rel}","templated":true}]}}