{"id":1585,"date":"2024-10-09T09:14:38","date_gmt":"2024-10-09T09:14:38","guid":{"rendered":"https:\/\/ixchiq.ca\/contact-us\/"},"modified":"2024-12-20T10:30:51","modified_gmt":"2024-12-20T10:30:51","slug":"nousjoindre","status":"publish","type":"page","link":"https:\/\/ixchiq.ca\/fr\/nousjoindre\/","title":{"rendered":"Nous joindre"},"content":{"rendered":"\t\t<div data-elementor-type=\"wp-page\" data-elementor-id=\"1585\" class=\"elementor elementor-1585 elementor-81\" data-elementor-post-type=\"page\">\n\t\t\t\t<div class=\"elementor-element elementor-element-42bea0c e-flex e-con-boxed e-con e-parent\" data-id=\"42bea0c\" data-element_type=\"container\">\n\t\t\t\t\t<div class=\"e-con-inner\">\n\t\t<div class=\"elementor-element elementor-element-80d6dc9 e-con-full e-flex e-con e-child\" data-id=\"80d6dc9\" data-element_type=\"container\">\n\t\t\t\t<div class=\"elementor-element elementor-element-82c48b4 elementor-widget elementor-widget-heading\" data-id=\"82c48b4\" data-element_type=\"widget\" data-widget_type=\"heading.default\">\n\t\t\t\t<div class=\"elementor-widget-container\">\n\t\t\t\t\t<h1 class=\"elementor-heading-title elementor-size-default\">Nous joindre<\/h1>\t\t\t\t<\/div>\n\t\t\t\t<\/div>\n\t\t\t\t<\/div>\n\t\t\t\t\t<\/div>\n\t\t\t\t<\/div>\n\t\t<div class=\"elementor-element elementor-element-3fdb3ef e-flex e-con-boxed e-con e-parent\" data-id=\"3fdb3ef\" data-element_type=\"container\">\n\t\t\t\t\t<div class=\"e-con-inner\">\n\t\t<div class=\"elementor-element elementor-element-4d2978f e-con-full e-flex e-con e-child\" data-id=\"4d2978f\" data-element_type=\"container\">\n\t\t<div class=\"elementor-element elementor-element-0f231d7 e-con-full e-flex e-con e-child\" data-id=\"0f231d7\" data-element_type=\"container\" data-settings=\"{&quot;background_background&quot;:&quot;classic&quot;}\">\n\t\t\t\t<div class=\"elementor-element elementor-element-0f92105 elementor-widget elementor-widget-image\" data-id=\"0f92105\" data-element_type=\"widget\" data-widget_type=\"image.default\">\n\t\t\t\t<div class=\"elementor-widget-container\">\n\t\t\t\t\t\t\t\t\t\t\t\t\t\t\t<img decoding=\"async\" width=\"32\" height=\"37\" src=\"https:\/\/ixchiq.ca\/wp-content\/uploads\/2024\/10\/pin.png\" class=\"attachment-full size-full wp-image-1206\" alt=\"\" \/>\t\t\t\t\t\t\t\t\t\t\t\t\t\t\t<\/div>\n\t\t\t\t<\/div>\n\t\t\t\t<div class=\"elementor-element elementor-element-b070bb4 elementor-widget elementor-widget-heading\" data-id=\"b070bb4\" data-element_type=\"widget\" data-widget_type=\"heading.default\">\n\t\t\t\t<div class=\"elementor-widget-container\">\n\t\t\t\t\t<div class=\"elementor-heading-title elementor-size-default\">VALNEVA Canada Inc.<br>\n3535, boul. Saint-Charles, bureau 600<br>\nKirkland (Qu\u00e9bec) H9H 5B9\n<br><br>\nT\u00e9l\u00e9phone : <b>514-630-6999<\/b><br>\nCourriel : <a href=\"mailto:valnevacanada@valneva.com\">valnevacanada@valneva.com<\/a> \n<\/div>\t\t\t\t<\/div>\n\t\t\t\t<\/div>\n\t\t\t\t<\/div>\n\t\t\t\t<div class=\"elementor-element elementor-element-627e453 elementor-widget elementor-widget-image\" data-id=\"627e453\" data-element_type=\"widget\" data-widget_type=\"image.default\">\n\t\t\t\t<div class=\"elementor-widget-container\">\n\t\t\t\t\t\t\t\t\t\t\t\t\t\t\t<img fetchpriority=\"high\" decoding=\"async\" width=\"966\" height=\"716\" src=\"https:\/\/ixchiq.ca\/wp-content\/uploads\/2024\/11\/Untitled-8.png\" class=\"attachment-full size-full wp-image-1793\" alt=\"\" srcset=\"https:\/\/ixchiq.ca\/wp-content\/uploads\/2024\/11\/Untitled-8.png 966w, https:\/\/ixchiq.ca\/wp-content\/uploads\/2024\/11\/Untitled-8-300x222.png 300w, https:\/\/ixchiq.ca\/wp-content\/uploads\/2024\/11\/Untitled-8-768x569.png 768w\" sizes=\"(max-width: 966px) 100vw, 966px\" \/>\t\t\t\t\t\t\t\t\t\t\t\t\t\t\t<\/div>\n\t\t\t\t<\/div>\n\t\t\t\t<\/div>\n\t\t<div class=\"elementor-element elementor-element-8a207db e-con-full e-flex e-con e-child\" data-id=\"8a207db\" data-element_type=\"container\">\n\t\t<div class=\"elementor-element elementor-element-93010dc e-con-full e-flex e-con e-child\" data-id=\"93010dc\" data-element_type=\"container\" data-settings=\"{&quot;background_background&quot;:&quot;classic&quot;}\">\n\t\t\t\t<div class=\"elementor-element elementor-element-3abb17e elementor-widget elementor-widget-text-editor\" data-id=\"3abb17e\" data-element_type=\"widget\" data-widget_type=\"text-editor.default\">\n\t\t\t\t<div class=\"elementor-widget-container\">\n\t\t\t\t\t\t\t\t\t<strong>Information m\u00e9dicale<\/strong>\t\t\t\t\t\t\t\t<\/div>\n\t\t\t\t<\/div>\n\t\t\t\t<div class=\"elementor-element elementor-element-6efa3de elementor-widget elementor-widget-text-editor\" data-id=\"6efa3de\" data-element_type=\"widget\" data-widget_type=\"text-editor.default\">\n\t\t\t\t<div class=\"elementor-widget-container\">\n\t\t\t\t\t\t\t\t\t<a style=\"color: #1a1616;\" href=\"https:\/\/pdf.hres.ca\/dpd_pm\/00076341.PDF\" target=\"_blank\" rel=\"noopener\">Cliquez ici pour acc\u00e9der \u00e0 la monographie de produit<\/a>. Les professionnels de la sant\u00e9 d\u00e9sirant obtenir des renseignements m\u00e9dicaux au sujet de nos produits peuvent nous appeler sans frais au <strong>1-855-356-0831<\/strong>.\t\t\t\t\t\t\t\t<\/div>\n\t\t\t\t<\/div>\n\t\t\t\t<div class=\"elementor-element elementor-element-51ad2db elementor-widget elementor-widget-text-editor\" data-id=\"51ad2db\" data-element_type=\"widget\" data-widget_type=\"text-editor.default\">\n\t\t\t\t<div class=\"elementor-widget-container\">\n\t\t\t\t\t\t\t\t\t<strong>Urgences et conseils m\u00e9dicaux<\/strong>\t\t\t\t\t\t\t\t<\/div>\n\t\t\t\t<\/div>\n\t\t\t\t<div class=\"elementor-element elementor-element-5eba01e elementor-widget elementor-widget-text-editor\" data-id=\"5eba01e\" data-element_type=\"widget\" data-widget_type=\"text-editor.default\">\n\t\t\t\t<div class=\"elementor-widget-container\">\n\t\t\t\t\t\t\t\t\tPour toute urgence m\u00e9dicale ou pour obtenir un avis m\u00e9dical particulier, vous devez communiquer avec votre m\u00e9decin, votre professionnel de la sant\u00e9, un centre antipoison ou le service des urgences de votre r\u00e9gion.\t\t\t\t\t\t\t\t<\/div>\n\t\t\t\t<\/div>\n\t\t\t\t<div class=\"elementor-element elementor-element-cb24ff4 elementor-widget elementor-widget-text-editor\" data-id=\"cb24ff4\" data-element_type=\"widget\" data-widget_type=\"text-editor.default\">\n\t\t\t\t<div class=\"elementor-widget-container\">\n\t\t\t\t\t\t\t\t\t<strong>Signaler des effets secondaires soup\u00e7onn\u00e9s<\/strong> \t\t\t\t\t\t\t\t<\/div>\n\t\t\t\t<\/div>\n\t\t\t\t<div class=\"elementor-element elementor-element-19c3e58 elementor-widget elementor-widget-text-editor\" data-id=\"19c3e58\" data-element_type=\"widget\" data-widget_type=\"text-editor.default\">\n\t\t\t\t<div class=\"elementor-widget-container\">\n\t\t\t\t\t\t\t\t\tSi un effet secondaire survient apr\u00e8s la vaccination, veuillez le signaler \u00e0 votre professionnel de la sant\u00e9.\t\t\t\t\t\t\t\t<\/div>\n\t\t\t\t<\/div>\n\t\t\t\t<div class=\"elementor-element elementor-element-a76b59f elementor-widget elementor-widget-text-editor\" data-id=\"a76b59f\" data-element_type=\"widget\" data-widget_type=\"text-editor.default\">\n\t\t\t\t<div class=\"elementor-widget-container\">\n\t\t\t\t\t\t\t\t\tPour toute information sur la prise en charge de l\u2019effet secondaire, veuillez communiquer avec votre professionnel de la sant\u00e9. \t\t\t\t\t\t\t\t<\/div>\n\t\t\t\t<\/div>\n\t\t\t\t<div class=\"elementor-element elementor-element-4944f9a elementor-widget elementor-widget-text-editor\" data-id=\"4944f9a\" data-element_type=\"widget\" data-widget_type=\"text-editor.default\">\n\t\t\t\t<div class=\"elementor-widget-container\">\n\t\t\t\t\t\t\t\t\t<strong>Pour signaler un effet secondaire, veuillez nous appeler sans frais, au 1\u2011855\u2011356\u20110831.<\/strong>\t\t\t\t\t\t\t\t<\/div>\n\t\t\t\t<\/div>\n\t\t\t\t<\/div>\n\t\t\t\t<\/div>\n\t\t\t\t\t<\/div>\n\t\t\t\t<\/div>\n\t\t\t\t<\/div>\n\t\t","protected":false},"excerpt":{"rendered":"<p>Nous joindre VALNEVA Canada Inc. 3535, boul. Saint-Charles, bureau 600 Kirkland (Qu\u00e9bec) H9H 5B9 T\u00e9l\u00e9phone : 514-630-6999 Courriel : valnevacanada@valneva.com Information m\u00e9dicaleCliquez ici pour acc\u00e9der \u00e0 la monographie de produit. Les professionnels de la sant\u00e9 d\u00e9sirant obtenir des renseignements m\u00e9dicaux au sujet de nos produits peuvent nous appeler sans frais au 1-855-356-0831.Urgences et conseils m\u00e9dicauxPour [&hellip;]<\/p>\n","protected":false},"author":1,"featured_media":0,"parent":0,"menu_order":0,"comment_status":"closed","ping_status":"closed","template":"","meta":{"footnotes":""},"class_list":["post-1585","page","type-page","status-publish","hentry"],"yoast_head":"<!-- This site is optimized with the Yoast SEO plugin v26.8 - https:\/\/yoast.com\/product\/yoast-seo-wordpress\/ -->\n<title>Nous joindre - Ixchiq<\/title>\n<meta name=\"robots\" content=\"index, follow, max-snippet:-1, max-image-preview:large, max-video-preview:-1\" \/>\n<link rel=\"canonical\" href=\"https:\/\/ixchiq.ca\/fr\/nousjoindre\/\" \/>\n<meta property=\"og:locale\" content=\"fr_FR\" \/>\n<meta property=\"og:type\" content=\"article\" \/>\n<meta property=\"og:title\" content=\"Nous joindre - Ixchiq\" \/>\n<meta property=\"og:description\" content=\"Nous joindre VALNEVA Canada Inc. 3535, boul. Saint-Charles, bureau 600 Kirkland (Qu\u00e9bec) H9H 5B9 T\u00e9l\u00e9phone : 514-630-6999 Courriel : valnevacanada@valneva.com Information m\u00e9dicaleCliquez ici pour acc\u00e9der \u00e0 la monographie de produit. Les professionnels de la sant\u00e9 d\u00e9sirant obtenir des renseignements m\u00e9dicaux au sujet de nos produits peuvent nous appeler sans frais au 1-855-356-0831.Urgences et conseils m\u00e9dicauxPour [&hellip;]\" \/>\n<meta property=\"og:url\" content=\"https:\/\/ixchiq.ca\/fr\/nousjoindre\/\" \/>\n<meta property=\"og:site_name\" content=\"Ixchiq\" \/>\n<meta property=\"article:modified_time\" content=\"2024-12-20T10:30:51+00:00\" \/>\n<meta property=\"og:image\" content=\"https:\/\/ixchiq.ca\/wp-content\/uploads\/2024\/10\/pin.png\" \/>\n\t<meta property=\"og:image:width\" content=\"32\" \/>\n\t<meta property=\"og:image:height\" content=\"37\" \/>\n\t<meta property=\"og:image:type\" content=\"image\/png\" \/>\n<meta name=\"twitter:card\" content=\"summary_large_image\" \/>\n<meta name=\"twitter:label1\" content=\"Dur\u00e9e de lecture estim\u00e9e\" \/>\n\t<meta name=\"twitter:data1\" content=\"2 minutes\" \/>\n<script type=\"application\/ld+json\" class=\"yoast-schema-graph\">{\"@context\":\"https:\/\/schema.org\",\"@graph\":[{\"@type\":\"WebPage\",\"@id\":\"https:\/\/ixchiq.ca\/fr\/nousjoindre\/\",\"url\":\"https:\/\/ixchiq.ca\/fr\/nousjoindre\/\",\"name\":\"Nous joindre - Ixchiq\",\"isPartOf\":{\"@id\":\"https:\/\/ixchiq.ca\/fr\/#website\"},\"primaryImageOfPage\":{\"@id\":\"https:\/\/ixchiq.ca\/fr\/nousjoindre\/#primaryimage\"},\"image\":{\"@id\":\"https:\/\/ixchiq.ca\/fr\/nousjoindre\/#primaryimage\"},\"thumbnailUrl\":\"https:\/\/ixchiq.ca\/wp-content\/uploads\/2024\/10\/pin.png\",\"datePublished\":\"2024-10-09T09:14:38+00:00\",\"dateModified\":\"2024-12-20T10:30:51+00:00\",\"breadcrumb\":{\"@id\":\"https:\/\/ixchiq.ca\/fr\/nousjoindre\/#breadcrumb\"},\"inLanguage\":\"fr-FR\",\"potentialAction\":[{\"@type\":\"ReadAction\",\"target\":[\"https:\/\/ixchiq.ca\/fr\/nousjoindre\/\"]}]},{\"@type\":\"ImageObject\",\"inLanguage\":\"fr-FR\",\"@id\":\"https:\/\/ixchiq.ca\/fr\/nousjoindre\/#primaryimage\",\"url\":\"https:\/\/ixchiq.ca\/wp-content\/uploads\/2024\/10\/pin.png\",\"contentUrl\":\"https:\/\/ixchiq.ca\/wp-content\/uploads\/2024\/10\/pin.png\"},{\"@type\":\"BreadcrumbList\",\"@id\":\"https:\/\/ixchiq.ca\/fr\/nousjoindre\/#breadcrumb\",\"itemListElement\":[{\"@type\":\"ListItem\",\"position\":1,\"name\":\"Home\",\"item\":\"https:\/\/ixchiq.ca\/fr\/\"},{\"@type\":\"ListItem\",\"position\":2,\"name\":\"Nous joindre\"}]},{\"@type\":\"WebSite\",\"@id\":\"https:\/\/ixchiq.ca\/fr\/#website\",\"url\":\"https:\/\/ixchiq.ca\/fr\/\",\"name\":\"Ixchiq\",\"description\":\"\",\"publisher\":{\"@id\":\"https:\/\/ixchiq.ca\/fr\/#organization\"},\"potentialAction\":[{\"@type\":\"SearchAction\",\"target\":{\"@type\":\"EntryPoint\",\"urlTemplate\":\"https:\/\/ixchiq.ca\/fr\/?s={search_term_string}\"},\"query-input\":{\"@type\":\"PropertyValueSpecification\",\"valueRequired\":true,\"valueName\":\"search_term_string\"}}],\"inLanguage\":\"fr-FR\"},{\"@type\":\"Organization\",\"@id\":\"https:\/\/ixchiq.ca\/fr\/#organization\",\"name\":\"Ixchiq\",\"url\":\"https:\/\/ixchiq.ca\/fr\/\",\"logo\":{\"@type\":\"ImageObject\",\"inLanguage\":\"fr-FR\",\"@id\":\"https:\/\/ixchiq.ca\/fr\/#\/schema\/logo\/image\/\",\"url\":\"https:\/\/ixchiq.ca\/wp-content\/uploads\/2024\/12\/fav.png\",\"contentUrl\":\"https:\/\/ixchiq.ca\/wp-content\/uploads\/2024\/12\/fav.png\",\"width\":153,\"height\":121,\"caption\":\"Ixchiq\"},\"image\":{\"@id\":\"https:\/\/ixchiq.ca\/fr\/#\/schema\/logo\/image\/\"}}]}<\/script>\n<!-- \/ Yoast SEO plugin. -->","yoast_head_json":{"title":"Nous joindre - Ixchiq","robots":{"index":"index","follow":"follow","max-snippet":"max-snippet:-1","max-image-preview":"max-image-preview:large","max-video-preview":"max-video-preview:-1"},"canonical":"https:\/\/ixchiq.ca\/fr\/nousjoindre\/","og_locale":"fr_FR","og_type":"article","og_title":"Nous joindre - Ixchiq","og_description":"Nous joindre VALNEVA Canada Inc. 3535, boul. Saint-Charles, bureau 600 Kirkland (Qu\u00e9bec) H9H 5B9 T\u00e9l\u00e9phone : 514-630-6999 Courriel : valnevacanada@valneva.com Information m\u00e9dicaleCliquez ici pour acc\u00e9der \u00e0 la monographie de produit. Les professionnels de la sant\u00e9 d\u00e9sirant obtenir des renseignements m\u00e9dicaux au sujet de nos produits peuvent nous appeler sans frais au 1-855-356-0831.Urgences et conseils m\u00e9dicauxPour [&hellip;]","og_url":"https:\/\/ixchiq.ca\/fr\/nousjoindre\/","og_site_name":"Ixchiq","article_modified_time":"2024-12-20T10:30:51+00:00","og_image":[{"width":32,"height":37,"url":"https:\/\/ixchiq.ca\/wp-content\/uploads\/2024\/10\/pin.png","type":"image\/png"}],"twitter_card":"summary_large_image","twitter_misc":{"Dur\u00e9e de lecture estim\u00e9e":"2 minutes"},"schema":{"@context":"https:\/\/schema.org","@graph":[{"@type":"WebPage","@id":"https:\/\/ixchiq.ca\/fr\/nousjoindre\/","url":"https:\/\/ixchiq.ca\/fr\/nousjoindre\/","name":"Nous joindre - Ixchiq","isPartOf":{"@id":"https:\/\/ixchiq.ca\/fr\/#website"},"primaryImageOfPage":{"@id":"https:\/\/ixchiq.ca\/fr\/nousjoindre\/#primaryimage"},"image":{"@id":"https:\/\/ixchiq.ca\/fr\/nousjoindre\/#primaryimage"},"thumbnailUrl":"https:\/\/ixchiq.ca\/wp-content\/uploads\/2024\/10\/pin.png","datePublished":"2024-10-09T09:14:38+00:00","dateModified":"2024-12-20T10:30:51+00:00","breadcrumb":{"@id":"https:\/\/ixchiq.ca\/fr\/nousjoindre\/#breadcrumb"},"inLanguage":"fr-FR","potentialAction":[{"@type":"ReadAction","target":["https:\/\/ixchiq.ca\/fr\/nousjoindre\/"]}]},{"@type":"ImageObject","inLanguage":"fr-FR","@id":"https:\/\/ixchiq.ca\/fr\/nousjoindre\/#primaryimage","url":"https:\/\/ixchiq.ca\/wp-content\/uploads\/2024\/10\/pin.png","contentUrl":"https:\/\/ixchiq.ca\/wp-content\/uploads\/2024\/10\/pin.png"},{"@type":"BreadcrumbList","@id":"https:\/\/ixchiq.ca\/fr\/nousjoindre\/#breadcrumb","itemListElement":[{"@type":"ListItem","position":1,"name":"Home","item":"https:\/\/ixchiq.ca\/fr\/"},{"@type":"ListItem","position":2,"name":"Nous joindre"}]},{"@type":"WebSite","@id":"https:\/\/ixchiq.ca\/fr\/#website","url":"https:\/\/ixchiq.ca\/fr\/","name":"Ixchiq","description":"","publisher":{"@id":"https:\/\/ixchiq.ca\/fr\/#organization"},"potentialAction":[{"@type":"SearchAction","target":{"@type":"EntryPoint","urlTemplate":"https:\/\/ixchiq.ca\/fr\/?s={search_term_string}"},"query-input":{"@type":"PropertyValueSpecification","valueRequired":true,"valueName":"search_term_string"}}],"inLanguage":"fr-FR"},{"@type":"Organization","@id":"https:\/\/ixchiq.ca\/fr\/#organization","name":"Ixchiq","url":"https:\/\/ixchiq.ca\/fr\/","logo":{"@type":"ImageObject","inLanguage":"fr-FR","@id":"https:\/\/ixchiq.ca\/fr\/#\/schema\/logo\/image\/","url":"https:\/\/ixchiq.ca\/wp-content\/uploads\/2024\/12\/fav.png","contentUrl":"https:\/\/ixchiq.ca\/wp-content\/uploads\/2024\/12\/fav.png","width":153,"height":121,"caption":"Ixchiq"},"image":{"@id":"https:\/\/ixchiq.ca\/fr\/#\/schema\/logo\/image\/"}}]}},"_links":{"self":[{"href":"https:\/\/ixchiq.ca\/fr\/wp-json\/wp\/v2\/pages\/1585","targetHints":{"allow":["GET"]}}],"collection":[{"href":"https:\/\/ixchiq.ca\/fr\/wp-json\/wp\/v2\/pages"}],"about":[{"href":"https:\/\/ixchiq.ca\/fr\/wp-json\/wp\/v2\/types\/page"}],"author":[{"embeddable":true,"href":"https:\/\/ixchiq.ca\/fr\/wp-json\/wp\/v2\/users\/1"}],"replies":[{"embeddable":true,"href":"https:\/\/ixchiq.ca\/fr\/wp-json\/wp\/v2\/comments?post=1585"}],"version-history":[{"count":25,"href":"https:\/\/ixchiq.ca\/fr\/wp-json\/wp\/v2\/pages\/1585\/revisions"}],"predecessor-version":[{"id":2510,"href":"https:\/\/ixchiq.ca\/fr\/wp-json\/wp\/v2\/pages\/1585\/revisions\/2510"}],"wp:attachment":[{"href":"https:\/\/ixchiq.ca\/fr\/wp-json\/wp\/v2\/media?parent=1585"}],"curies":[{"name":"wp","href":"https:\/\/api.w.org\/{rel}","templated":true}]}}