{"id":1576,"date":"2024-10-21T07:42:32","date_gmt":"2024-10-21T07:42:32","guid":{"rendered":"https:\/\/ixchiq.ca\/my-plan-of-action\/"},"modified":"2024-12-20T10:44:04","modified_gmt":"2024-12-20T10:44:04","slug":"monplan","status":"publish","type":"page","link":"https:\/\/ixchiq.ca\/fr\/monplan\/","title":{"rendered":"Mon plan d\u2019action"},"content":{"rendered":"\t\t<div data-elementor-type=\"wp-page\" data-elementor-id=\"1576\" class=\"elementor elementor-1576 elementor-721\" data-elementor-post-type=\"page\">\n\t\t\t\t<div class=\"elementor-element elementor-element-bb4b821 e-flex e-con-boxed e-con e-parent\" data-id=\"bb4b821\" data-element_type=\"container\">\n\t\t\t\t\t<div class=\"e-con-inner\">\n\t\t<div class=\"elementor-element elementor-element-ec665d2 e-con-full e-flex e-con e-child\" data-id=\"ec665d2\" data-element_type=\"container\">\n\t\t<div class=\"elementor-element elementor-element-c669f10 e-con-full e-flex e-con e-child\" data-id=\"c669f10\" data-element_type=\"container\">\n\t\t\t\t<div class=\"elementor-element elementor-element-35f6f41 elementor-widget elementor-widget-heading\" data-id=\"35f6f41\" data-element_type=\"widget\" data-widget_type=\"heading.default\">\n\t\t\t\t<div class=\"elementor-widget-container\">\n\t\t\t\t\t<h1 class=\"elementor-heading-title elementor-size-default\">MON PLAN D\u2019ACTION<\/h1>\t\t\t\t<\/div>\n\t\t\t\t<\/div>\n\t\t\t\t<div class=\"elementor-element elementor-element-eca5147 elementor-widget elementor-widget-heading\" data-id=\"eca5147\" data-element_type=\"widget\" data-widget_type=\"heading.default\">\n\t\t\t\t<div class=\"elementor-widget-container\">\n\t\t\t\t\t<h2 class=\"elementor-heading-title elementor-size-default\">Pour contribuer \u00e0 votre protection contre le virus du chikungunya, envisagez un plan d\u2019action<\/h2>\t\t\t\t<\/div>\n\t\t\t\t<\/div>\n\t\t\t\t<\/div>\n\t\t<div class=\"elementor-element elementor-element-1be9ce0 e-con-full e-flex e-con e-child\" data-id=\"1be9ce0\" data-element_type=\"container\">\n\t\t\t\t<div class=\"elementor-element elementor-element-963d2d0 elementor-widget elementor-widget-text-editor\" data-id=\"963d2d0\" data-element_type=\"widget\" data-widget_type=\"text-editor.default\">\n\t\t\t\t<div class=\"elementor-widget-container\">\n\t\t\t\t\t\t\t\t\t<p><strong>La pr\u00e9vention peut vous aider lors de votre voyage \u00e0 l\u2019\u00e9tranger<\/strong><\/p>\t\t\t\t\t\t\t\t<\/div>\n\t\t\t\t<\/div>\n\t\t\t\t<div class=\"elementor-element elementor-element-27069e1 elementor-widget elementor-widget-text-editor\" data-id=\"27069e1\" data-element_type=\"widget\" data-widget_type=\"text-editor.default\">\n\t\t\t\t<div class=\"elementor-widget-container\">\n\t\t\t\t\t\t\t\t\tComme la maladie caus\u00e9e par le virus du chikungunya se transmet par la piq\u00fbre d\u2019un moustique infect\u00e9, il faut tout d\u2019abord prendre des mesures de protection personnelle avant de partir et pendant votre voyage :\t\t\t\t\t\t\t\t<\/div>\n\t\t\t\t<\/div>\n\t\t\t\t<\/div>\n\t\t<div class=\"elementor-element elementor-element-1bf57d4 e-con-full e-flex e-con e-child\" data-id=\"1bf57d4\" data-element_type=\"container\">\n\t\t<div class=\"elementor-element elementor-element-e678819 e-con-full e-flex e-con e-child\" data-id=\"e678819\" data-element_type=\"container\" data-settings=\"{&quot;background_background&quot;:&quot;classic&quot;}\">\n\t\t\t\t<div class=\"elementor-element elementor-element-4db3373 elementor-widget elementor-widget-image\" data-id=\"4db3373\" data-element_type=\"widget\" data-widget_type=\"image.default\">\n\t\t\t\t<div class=\"elementor-widget-container\">\n\t\t\t\t\t\t\t\t\t\t\t\t\t\t\t<img decoding=\"async\" width=\"90\" height=\"90\" src=\"https:\/\/ixchiq.ca\/wp-content\/uploads\/2024\/10\/ixchiq_dtc_syringe_icon-1.png\" class=\"attachment-full size-full wp-image-1215\" alt=\"\" \/>\t\t\t\t\t\t\t\t\t\t\t\t\t\t\t<\/div>\n\t\t\t\t<\/div>\n\t\t\t\t<div class=\"elementor-element elementor-element-a361c5d elementor-widget elementor-widget-text-editor\" data-id=\"a361c5d\" data-element_type=\"widget\" data-widget_type=\"text-editor.default\">\n\t\t\t\t<div class=\"elementor-widget-container\">\n\t\t\t\t\t\t\t\t\t<strong>La vaccination est une m\u00e9thode \u00e9prouv\u00e9e de protection contre le virus du chikungunya.<\/strong> \t\t\t\t\t\t\t\t<\/div>\n\t\t\t\t<\/div>\n\t\t\t\t<\/div>\n\t\t<div class=\"elementor-element elementor-element-3e54964 e-con-full e-flex e-con e-child\" data-id=\"3e54964\" data-element_type=\"container\" data-settings=\"{&quot;background_background&quot;:&quot;classic&quot;}\">\n\t\t\t\t<div class=\"elementor-element elementor-element-0a3bd0c elementor-widget elementor-widget-image\" data-id=\"0a3bd0c\" data-element_type=\"widget\" data-widget_type=\"image.default\">\n\t\t\t\t<div class=\"elementor-widget-container\">\n\t\t\t\t\t\t\t\t\t\t\t\t\t\t\t<img decoding=\"async\" width=\"90\" height=\"90\" src=\"https:\/\/ixchiq.ca\/wp-content\/uploads\/2024\/10\/ixchiq_dtc_protection_icon.png\" class=\"attachment-full size-full wp-image-1213\" alt=\"\" \/>\t\t\t\t\t\t\t\t\t\t\t\t\t\t\t<\/div>\n\t\t\t\t<\/div>\n\t\t\t\t<div class=\"elementor-element elementor-element-ead4c80 elementor-widget elementor-widget-text-editor\" data-id=\"ead4c80\" data-element_type=\"widget\" data-widget_type=\"text-editor.default\">\n\t\t\t\t<div class=\"elementor-widget-container\">\n\t\t\t\t\t\t\t\t\t<strong>Des mesures de protection personnelle sont \u00e9galement recommand\u00e9es pour \u00e9viter les piq\u00fbres de moustiques :<\/strong>\t\t\t\t\t\t\t\t<\/div>\n\t\t\t\t<\/div>\n\t\t<div class=\"elementor-element elementor-element-a325e94 e-con-full e-flex e-con e-child\" data-id=\"a325e94\" data-element_type=\"container\">\n\t\t<div class=\"elementor-element elementor-element-95efd8c e-con-full e-flex e-con e-child\" data-id=\"95efd8c\" data-element_type=\"container\">\n\t\t\t\t<div class=\"elementor-element elementor-element-119b323 elementor-widget elementor-widget-text-editor\" data-id=\"119b323\" data-element_type=\"widget\" data-widget_type=\"text-editor.default\">\n\t\t\t\t<div class=\"elementor-widget-container\">\n\t\t\t\t\t\t\t\t\t<ul class=\"para\" style=\"color: var( --e-global-color-accent );\">\n \t<li>Insectifuge<\/li>\n \t<li>Moustiquaires de lit<\/li>\n \t<li>V\u00eatements amples de couleur claire (pantalons et chandails \u00e0 manches longues)<\/li>\n<\/ul>\t\t\t\t\t\t\t\t<\/div>\n\t\t\t\t<\/div>\n\t\t\t\t<\/div>\n\t\t\t\t<\/div>\n\t\t\t\t<\/div>\n\t\t<div class=\"elementor-element elementor-element-ed72f2d e-con-full e-flex e-con e-child\" data-id=\"ed72f2d\" data-element_type=\"container\" data-settings=\"{&quot;background_background&quot;:&quot;classic&quot;}\">\n\t\t\t\t<div class=\"elementor-element elementor-element-4015455 elementor-widget elementor-widget-image\" data-id=\"4015455\" data-element_type=\"widget\" data-widget_type=\"image.default\">\n\t\t\t\t<div class=\"elementor-widget-container\">\n\t\t\t\t\t\t\t\t\t\t\t\t\t\t\t<img decoding=\"async\" width=\"158\" height=\"158\" src=\"https:\/\/ixchiq.ca\/wp-content\/uploads\/2024\/10\/ixchiq_dtc_calendar_icon_Purple.png\" class=\"attachment-full size-full wp-image-1214\" alt=\"\" srcset=\"https:\/\/ixchiq.ca\/wp-content\/uploads\/2024\/10\/ixchiq_dtc_calendar_icon_Purple.png 158w, https:\/\/ixchiq.ca\/wp-content\/uploads\/2024\/10\/ixchiq_dtc_calendar_icon_Purple-150x150.png 150w\" sizes=\"(max-width: 158px) 100vw, 158px\" \/>\t\t\t\t\t\t\t\t\t\t\t\t\t\t\t<\/div>\n\t\t\t\t<\/div>\n\t\t\t\t<div class=\"elementor-element elementor-element-e6be9c6 elementor-widget elementor-widget-text-editor\" data-id=\"e6be9c6\" data-element_type=\"widget\" data-widget_type=\"text-editor.default\">\n\t\t\t\t<div class=\"elementor-widget-container\">\n\t\t\t\t\t\t\t\t\tIl est important de planifier son voyage en cons\u00e9quence, et de passer \u00e0 une clinique sant\u00e9-voyage ou de consulter un professionnel de la sant\u00e9 4 \u00e0 6 semaines avant de partir. \t\t\t\t\t\t\t\t<\/div>\n\t\t\t\t<\/div>\n\t\t\t\t<\/div>\n\t\t\t\t<\/div>\n\t\t\t\t<\/div>\n\t\t\t\t\t<\/div>\n\t\t\t\t<\/div>\n\t\t<div class=\"elementor-element elementor-element-ed64d12 e-con-full e-flex e-con e-parent\" data-id=\"ed64d12\" data-element_type=\"container\">\n\t\t<div class=\"elementor-element elementor-element-00e332e e-flex e-con-boxed e-con e-child\" data-id=\"00e332e\" data-element_type=\"container\" data-settings=\"{&quot;background_background&quot;:&quot;classic&quot;}\">\n\t\t\t\t\t<div class=\"e-con-inner\">\n\t\t<div class=\"elementor-element elementor-element-80e050f e-con-full e-flex e-con e-child\" data-id=\"80e050f\" data-element_type=\"container\">\n\t\t<div class=\"elementor-element elementor-element-0930d49 e-con-full e-flex e-con e-child\" data-id=\"0930d49\" data-element_type=\"container\">\n\t\t\t\t<div class=\"elementor-element elementor-element-0b4467f elementor-widget elementor-widget-image\" data-id=\"0b4467f\" data-element_type=\"widget\" data-widget_type=\"image.default\">\n\t\t\t\t<div class=\"elementor-widget-container\">\n\t\t\t\t\t\t\t\t\t\t\t\t\t\t\t<img loading=\"lazy\" decoding=\"async\" width=\"957\" height=\"724\" src=\"https:\/\/ixchiq.ca\/wp-content\/uploads\/2024\/11\/Group-47@2x.png\" class=\"attachment-full size-full wp-image-1940\" alt=\"\" srcset=\"https:\/\/ixchiq.ca\/wp-content\/uploads\/2024\/11\/Group-47@2x.png 957w, https:\/\/ixchiq.ca\/wp-content\/uploads\/2024\/11\/Group-47@2x-300x227.png 300w, https:\/\/ixchiq.ca\/wp-content\/uploads\/2024\/11\/Group-47@2x-768x581.png 768w\" sizes=\"(max-width: 957px) 100vw, 957px\" \/>\t\t\t\t\t\t\t\t\t\t\t\t\t\t\t<\/div>\n\t\t\t\t<\/div>\n\t\t\t\t<\/div>\n\t\t<div class=\"elementor-element elementor-element-aebf552 e-con-full e-flex e-con e-child\" data-id=\"aebf552\" data-element_type=\"container\">\n\t\t\t\t<div class=\"elementor-element elementor-element-a8eb9c7 e-transform elementor-hidden-mobile elementor-widget elementor-widget-image\" data-id=\"a8eb9c7\" data-element_type=\"widget\" data-settings=\"{&quot;_transform_rotateZ_effect&quot;:{&quot;unit&quot;:&quot;px&quot;,&quot;size&quot;:4,&quot;sizes&quot;:[]},&quot;_transform_rotateZ_effect_laptop&quot;:{&quot;unit&quot;:&quot;deg&quot;,&quot;size&quot;:&quot;&quot;,&quot;sizes&quot;:[]},&quot;_transform_rotateZ_effect_tablet&quot;:{&quot;unit&quot;:&quot;deg&quot;,&quot;size&quot;:&quot;&quot;,&quot;sizes&quot;:[]},&quot;_transform_rotateZ_effect_mobile&quot;:{&quot;unit&quot;:&quot;deg&quot;,&quot;size&quot;:&quot;&quot;,&quot;sizes&quot;:[]}}\" data-widget_type=\"image.default\">\n\t\t\t\t<div class=\"elementor-widget-container\">\n\t\t\t\t\t\t\t\t\t\t\t\t\t\t\t<img loading=\"lazy\" decoding=\"async\" width=\"380\" height=\"42\" src=\"https:\/\/ixchiq.ca\/wp-content\/uploads\/2024\/11\/Untitlccced-3-1.png\" class=\"attachment-full size-full wp-image-1942\" alt=\"\" srcset=\"https:\/\/ixchiq.ca\/wp-content\/uploads\/2024\/11\/Untitlccced-3-1.png 380w, https:\/\/ixchiq.ca\/wp-content\/uploads\/2024\/11\/Untitlccced-3-1-300x33.png 300w\" sizes=\"(max-width: 380px) 100vw, 380px\" \/>\t\t\t\t\t\t\t\t\t\t\t\t\t\t\t<\/div>\n\t\t\t\t<\/div>\n\t\t<div class=\"elementor-element elementor-element-963c9e6 e-con-full e-flex e-con e-child\" data-id=\"963c9e6\" data-element_type=\"container\">\n\t\t<div class=\"elementor-element elementor-element-a7abeaa e-con-full e-flex e-con e-child\" data-id=\"a7abeaa\" data-element_type=\"container\">\n\t\t\t\t<div class=\"elementor-element elementor-element-d01cb37 elementor-hidden-desktop elementor-hidden-laptop elementor-hidden-tablet elementor-widget elementor-widget-image\" data-id=\"d01cb37\" data-element_type=\"widget\" data-widget_type=\"image.default\">\n\t\t\t\t<div class=\"elementor-widget-container\">\n\t\t\t\t\t\t\t\t\t\t\t\t\t\t\t<img loading=\"lazy\" decoding=\"async\" width=\"32\" height=\"37\" src=\"https:\/\/ixchiq.ca\/wp-content\/uploads\/2024\/11\/pin.png\" class=\"attachment-full size-full wp-image-1944\" alt=\"\" \/>\t\t\t\t\t\t\t\t\t\t\t\t\t\t\t<\/div>\n\t\t\t\t<\/div>\n\t\t\t\t<div class=\"elementor-element elementor-element-fa742f3 elementor-widget elementor-widget-image\" data-id=\"fa742f3\" data-element_type=\"widget\" data-widget_type=\"image.default\">\n\t\t\t\t<div class=\"elementor-widget-container\">\n\t\t\t\t\t\t\t\t\t\t\t\t\t\t\t\t<a href=\"https:\/\/vaccines411.ca\/fr\/vaccine-categories\/travel\">\n\t\t\t\t\t\t\t<img loading=\"lazy\" decoding=\"async\" width=\"254\" height=\"235\" src=\"https:\/\/ixchiq.ca\/wp-content\/uploads\/2024\/11\/Skype_Picture_2024_11_27T04_45_36_466Z.png\" class=\"attachment-full size-full wp-image-2203\" alt=\"\" \/>\t\t\t\t\t\t\t\t<\/a>\n\t\t\t\t\t\t\t\t\t\t\t\t\t\t\t<\/div>\n\t\t\t\t<\/div>\n\t\t\t\t<div class=\"elementor-element elementor-element-787b462 e-transform elementor-widget elementor-widget-image\" data-id=\"787b462\" data-element_type=\"widget\" data-settings=\"{&quot;_transform_rotateZ_effect&quot;:{&quot;unit&quot;:&quot;px&quot;,&quot;size&quot;:-10,&quot;sizes&quot;:[]},&quot;_transform_rotateZ_effect_laptop&quot;:{&quot;unit&quot;:&quot;deg&quot;,&quot;size&quot;:&quot;&quot;,&quot;sizes&quot;:[]},&quot;_transform_rotateZ_effect_tablet&quot;:{&quot;unit&quot;:&quot;deg&quot;,&quot;size&quot;:&quot;&quot;,&quot;sizes&quot;:[]},&quot;_transform_rotateZ_effect_mobile&quot;:{&quot;unit&quot;:&quot;deg&quot;,&quot;size&quot;:&quot;&quot;,&quot;sizes&quot;:[]}}\" data-widget_type=\"image.default\">\n\t\t\t\t<div class=\"elementor-widget-container\">\n\t\t\t\t\t\t\t\t\t\t\t\t\t\t\t<img loading=\"lazy\" decoding=\"async\" width=\"448\" height=\"401\" src=\"https:\/\/ixchiq.ca\/wp-content\/uploads\/2024\/11\/IXCHIQ-map.jpg\" class=\"attachment-full size-full wp-image-2199\" alt=\"\" srcset=\"https:\/\/ixchiq.ca\/wp-content\/uploads\/2024\/11\/IXCHIQ-map.jpg 448w, https:\/\/ixchiq.ca\/wp-content\/uploads\/2024\/11\/IXCHIQ-map-300x269.jpg 300w\" sizes=\"(max-width: 448px) 100vw, 448px\" \/>\t\t\t\t\t\t\t\t\t\t\t\t\t\t\t<\/div>\n\t\t\t\t<\/div>\n\t\t\t\t<\/div>\n\t\t<div class=\"elementor-element elementor-element-787f27c e-con-full e-flex e-con e-child\" data-id=\"787f27c\" data-element_type=\"container\">\n\t\t<div class=\"elementor-element elementor-element-f68c1b6 e-con-full e-flex e-con e-child\" data-id=\"f68c1b6\" data-element_type=\"container\" data-settings=\"{&quot;background_background&quot;:&quot;classic&quot;}\">\n\t\t\t\t<div class=\"elementor-element elementor-element-d102961 elementor-hidden-desktop elementor-hidden-laptop elementor-hidden-tablet elementor-widget elementor-widget-image\" data-id=\"d102961\" data-element_type=\"widget\" data-widget_type=\"image.default\">\n\t\t\t\t<div class=\"elementor-widget-container\">\n\t\t\t\t\t\t\t\t\t\t\t\t\t\t\t<img loading=\"lazy\" decoding=\"async\" width=\"32\" height=\"37\" src=\"https:\/\/ixchiq.ca\/wp-content\/uploads\/2024\/11\/pin.png\" class=\"attachment-full size-full wp-image-1944\" alt=\"\" \/>\t\t\t\t\t\t\t\t\t\t\t\t\t\t\t<\/div>\n\t\t\t\t<\/div>\n\t\t\t\t<div class=\"elementor-element elementor-element-b890d00 elementor-widget elementor-widget-text-editor\" data-id=\"b890d00\" data-element_type=\"widget\" data-widget_type=\"text-editor.default\">\n\t\t\t\t<div class=\"elementor-widget-container\">\n\t\t\t\t\t\t\t\t\t\u00ab J&rsquo;ai d\u00e9couvert que j\u2019\u00e9tais peut-\u00eatre \u00e0 risque de contracter le chikungunya, une maladie caus\u00e9e par le virus du chikungunya qui se transmet par les moustiques et qui peut occasionner de la fi\u00e8vre et des douleurs articulaires s\u2019apparentant \u00e0 de l\u2019arthrite. Les sympt\u00f4mes durent g\u00e9n\u00e9ralement quelques jours, mais peuvent persister pendant des semaines, des mois ou m\u00eame des ann\u00e9es. Le virus du chikungunya a \u00e9t\u00e9 d\u00e9tect\u00e9 dans plus de 110 pays, et j\u2019ai choisi l\u2019un de ces pays comme destination. Il fallait donc que je consulte un professionnel de la sant\u00e9 pour m\u2019aider \u00e0 me prot\u00e9ger contre le <span style=\"displa:inline-block;\">chikungunya. \u00bb<\/span>\t\t\t\t\t\t\t\t<\/div>\n\t\t\t\t<\/div>\n\t\t\t\t<div class=\"elementor-element elementor-element-ddfc3aa elementor-widget elementor-widget-text-editor\" data-id=\"ddfc3aa\" data-element_type=\"widget\" data-widget_type=\"text-editor.default\">\n\t\t\t\t<div class=\"elementor-widget-container\">\n\t\t\t\t\t\t\t\t\t-Carol* \t\t\t\t\t\t\t\t<\/div>\n\t\t\t\t<\/div>\n\t\t\t\t<\/div>\n\t\t\t\t<\/div>\n\t\t\t\t<\/div>\n\t\t\t\t<\/div>\n\t\t\t\t<\/div>\n\t\t\t\t\t<\/div>\n\t\t\t\t<\/div>\n\t\t\t\t<\/div>\n\t\t<div class=\"elementor-element elementor-element-beffe7b e-flex e-con-boxed e-con e-parent\" data-id=\"beffe7b\" data-element_type=\"container\">\n\t\t\t\t\t<div class=\"e-con-inner\">\n\t\t\t\t<div class=\"elementor-element elementor-element-2c3e694 elementor-widget elementor-widget-heading\" data-id=\"2c3e694\" data-element_type=\"widget\" data-widget_type=\"heading.default\">\n\t\t\t\t<div class=\"elementor-widget-container\">\n\t\t\t\t\t<div class=\"elementor-heading-title elementor-size-default\">* Cas fictif<\/div>\t\t\t\t<\/div>\n\t\t\t\t<\/div>\n\t\t\t\t\t<\/div>\n\t\t\t\t<\/div>\n\t\t<div class=\"elementor-element elementor-element-a565cd8 e-flex e-con-boxed e-con e-parent\" data-id=\"a565cd8\" data-element_type=\"container\">\n\t\t\t\t\t<div class=\"e-con-inner\">\n\t\t\t\t<div class=\"elementor-element elementor-element-cfaad8f elementor-align-center elementor-widget elementor-widget-button\" data-id=\"cfaad8f\" data-element_type=\"widget\" data-widget_type=\"button.default\">\n\t\t\t\t<div class=\"elementor-widget-container\">\n\t\t\t\t\t\t\t\t\t<div class=\"elementor-button-wrapper\">\n\t\t\t\t\t<a class=\"elementor-button elementor-button-link elementor-size-sm\" href=\"https:\/\/ixchiq.ca\/fr\/aproposdixchiqmc\/\" id=\"btn_2\">\n\t\t\t\t\t\t<span class=\"elementor-button-content-wrapper\">\n\t\t\t\t\t\t<span class=\"elementor-button-icon\">\n\t\t\t\t<i aria-hidden=\"true\" class=\"fas fa-arrow-right\"><\/i>\t\t\t<\/span>\n\t\t\t\t\t\t\t\t\t<span class=\"elementor-button-text\">\u00c0 PROPOS D\u2019IXCHIQ<sup>MC<\/sup><\/span>\n\t\t\t\t\t<\/span>\n\t\t\t\t\t<\/a>\n\t\t\t\t<\/div>\n\t\t\t\t\t\t\t\t<\/div>\n\t\t\t\t<\/div>\n\t\t\t\t\t<\/div>\n\t\t\t\t<\/div>\n\t\t\t\t<\/div>\n\t\t","protected":false},"excerpt":{"rendered":"<p>MON PLAN D\u2019ACTION Pour contribuer \u00e0 votre protection contre le virus du chikungunya, envisagez un plan d\u2019action La pr\u00e9vention peut vous aider lors de votre voyage \u00e0 l\u2019\u00e9tranger Comme la maladie caus\u00e9e par le virus du chikungunya se transmet par la piq\u00fbre d\u2019un moustique infect\u00e9, il faut tout d\u2019abord prendre des mesures de protection personnelle [&hellip;]<\/p>\n","protected":false},"author":1,"featured_media":0,"parent":0,"menu_order":0,"comment_status":"closed","ping_status":"closed","template":"elementor_header_footer","meta":{"footnotes":""},"class_list":["post-1576","page","type-page","status-publish","hentry"],"yoast_head":"<!-- This site is optimized with the Yoast SEO plugin v26.8 - https:\/\/yoast.com\/product\/yoast-seo-wordpress\/ -->\n<title>Mon plan d\u2019action - Ixchiq<\/title>\n<meta name=\"robots\" content=\"index, follow, max-snippet:-1, max-image-preview:large, max-video-preview:-1\" \/>\n<link rel=\"canonical\" href=\"https:\/\/ixchiq.ca\/fr\/monplan\/\" \/>\n<meta property=\"og:locale\" content=\"fr_FR\" \/>\n<meta property=\"og:type\" content=\"article\" \/>\n<meta property=\"og:title\" content=\"Mon plan d\u2019action - Ixchiq\" \/>\n<meta property=\"og:description\" content=\"MON PLAN D\u2019ACTION Pour contribuer \u00e0 votre protection contre le virus du chikungunya, envisagez un plan d\u2019action La pr\u00e9vention peut vous aider lors de votre voyage \u00e0 l\u2019\u00e9tranger Comme la maladie caus\u00e9e par le virus du chikungunya se transmet par la piq\u00fbre d\u2019un moustique infect\u00e9, il faut tout d\u2019abord prendre des mesures de protection personnelle [&hellip;]\" \/>\n<meta property=\"og:url\" content=\"https:\/\/ixchiq.ca\/fr\/monplan\/\" \/>\n<meta property=\"og:site_name\" content=\"Ixchiq\" \/>\n<meta property=\"article:modified_time\" content=\"2024-12-20T10:44:04+00:00\" \/>\n<meta property=\"og:image\" content=\"https:\/\/ixchiq.ca\/wp-content\/uploads\/2024\/10\/ixchiq_dtc_syringe_icon-1.png\" \/>\n\t<meta property=\"og:image:width\" content=\"90\" \/>\n\t<meta property=\"og:image:height\" content=\"90\" \/>\n\t<meta property=\"og:image:type\" content=\"image\/png\" \/>\n<meta name=\"twitter:card\" content=\"summary_large_image\" \/>\n<meta name=\"twitter:label1\" content=\"Dur\u00e9e de lecture estim\u00e9e\" \/>\n\t<meta name=\"twitter:data1\" content=\"4 minutes\" \/>\n<script type=\"application\/ld+json\" class=\"yoast-schema-graph\">{\"@context\":\"https:\/\/schema.org\",\"@graph\":[{\"@type\":\"WebPage\",\"@id\":\"https:\/\/ixchiq.ca\/fr\/monplan\/\",\"url\":\"https:\/\/ixchiq.ca\/fr\/monplan\/\",\"name\":\"Mon plan d\u2019action - Ixchiq\",\"isPartOf\":{\"@id\":\"https:\/\/ixchiq.ca\/fr\/#website\"},\"primaryImageOfPage\":{\"@id\":\"https:\/\/ixchiq.ca\/fr\/monplan\/#primaryimage\"},\"image\":{\"@id\":\"https:\/\/ixchiq.ca\/fr\/monplan\/#primaryimage\"},\"thumbnailUrl\":\"https:\/\/ixchiq.ca\/wp-content\/uploads\/2024\/10\/ixchiq_dtc_syringe_icon-1.png\",\"datePublished\":\"2024-10-21T07:42:32+00:00\",\"dateModified\":\"2024-12-20T10:44:04+00:00\",\"breadcrumb\":{\"@id\":\"https:\/\/ixchiq.ca\/fr\/monplan\/#breadcrumb\"},\"inLanguage\":\"fr-FR\",\"potentialAction\":[{\"@type\":\"ReadAction\",\"target\":[\"https:\/\/ixchiq.ca\/fr\/monplan\/\"]}]},{\"@type\":\"ImageObject\",\"inLanguage\":\"fr-FR\",\"@id\":\"https:\/\/ixchiq.ca\/fr\/monplan\/#primaryimage\",\"url\":\"https:\/\/ixchiq.ca\/wp-content\/uploads\/2024\/10\/ixchiq_dtc_syringe_icon-1.png\",\"contentUrl\":\"https:\/\/ixchiq.ca\/wp-content\/uploads\/2024\/10\/ixchiq_dtc_syringe_icon-1.png\"},{\"@type\":\"BreadcrumbList\",\"@id\":\"https:\/\/ixchiq.ca\/fr\/monplan\/#breadcrumb\",\"itemListElement\":[{\"@type\":\"ListItem\",\"position\":1,\"name\":\"Home\",\"item\":\"https:\/\/ixchiq.ca\/fr\/\"},{\"@type\":\"ListItem\",\"position\":2,\"name\":\"Mon plan d\u2019action\"}]},{\"@type\":\"WebSite\",\"@id\":\"https:\/\/ixchiq.ca\/fr\/#website\",\"url\":\"https:\/\/ixchiq.ca\/fr\/\",\"name\":\"Ixchiq\",\"description\":\"\",\"publisher\":{\"@id\":\"https:\/\/ixchiq.ca\/fr\/#organization\"},\"potentialAction\":[{\"@type\":\"SearchAction\",\"target\":{\"@type\":\"EntryPoint\",\"urlTemplate\":\"https:\/\/ixchiq.ca\/fr\/?s={search_term_string}\"},\"query-input\":{\"@type\":\"PropertyValueSpecification\",\"valueRequired\":true,\"valueName\":\"search_term_string\"}}],\"inLanguage\":\"fr-FR\"},{\"@type\":\"Organization\",\"@id\":\"https:\/\/ixchiq.ca\/fr\/#organization\",\"name\":\"Ixchiq\",\"url\":\"https:\/\/ixchiq.ca\/fr\/\",\"logo\":{\"@type\":\"ImageObject\",\"inLanguage\":\"fr-FR\",\"@id\":\"https:\/\/ixchiq.ca\/fr\/#\/schema\/logo\/image\/\",\"url\":\"https:\/\/ixchiq.ca\/wp-content\/uploads\/2024\/12\/fav.png\",\"contentUrl\":\"https:\/\/ixchiq.ca\/wp-content\/uploads\/2024\/12\/fav.png\",\"width\":153,\"height\":121,\"caption\":\"Ixchiq\"},\"image\":{\"@id\":\"https:\/\/ixchiq.ca\/fr\/#\/schema\/logo\/image\/\"}}]}<\/script>\n<!-- \/ Yoast SEO plugin. -->","yoast_head_json":{"title":"Mon plan d\u2019action - Ixchiq","robots":{"index":"index","follow":"follow","max-snippet":"max-snippet:-1","max-image-preview":"max-image-preview:large","max-video-preview":"max-video-preview:-1"},"canonical":"https:\/\/ixchiq.ca\/fr\/monplan\/","og_locale":"fr_FR","og_type":"article","og_title":"Mon plan d\u2019action - Ixchiq","og_description":"MON PLAN D\u2019ACTION Pour contribuer \u00e0 votre protection contre le virus du chikungunya, envisagez un plan d\u2019action La pr\u00e9vention peut vous aider lors de votre voyage \u00e0 l\u2019\u00e9tranger Comme la maladie caus\u00e9e par le virus du chikungunya se transmet par la piq\u00fbre d\u2019un moustique infect\u00e9, il faut tout d\u2019abord prendre des mesures de protection personnelle [&hellip;]","og_url":"https:\/\/ixchiq.ca\/fr\/monplan\/","og_site_name":"Ixchiq","article_modified_time":"2024-12-20T10:44:04+00:00","og_image":[{"width":90,"height":90,"url":"https:\/\/ixchiq.ca\/wp-content\/uploads\/2024\/10\/ixchiq_dtc_syringe_icon-1.png","type":"image\/png"}],"twitter_card":"summary_large_image","twitter_misc":{"Dur\u00e9e de lecture estim\u00e9e":"4 minutes"},"schema":{"@context":"https:\/\/schema.org","@graph":[{"@type":"WebPage","@id":"https:\/\/ixchiq.ca\/fr\/monplan\/","url":"https:\/\/ixchiq.ca\/fr\/monplan\/","name":"Mon plan d\u2019action - Ixchiq","isPartOf":{"@id":"https:\/\/ixchiq.ca\/fr\/#website"},"primaryImageOfPage":{"@id":"https:\/\/ixchiq.ca\/fr\/monplan\/#primaryimage"},"image":{"@id":"https:\/\/ixchiq.ca\/fr\/monplan\/#primaryimage"},"thumbnailUrl":"https:\/\/ixchiq.ca\/wp-content\/uploads\/2024\/10\/ixchiq_dtc_syringe_icon-1.png","datePublished":"2024-10-21T07:42:32+00:00","dateModified":"2024-12-20T10:44:04+00:00","breadcrumb":{"@id":"https:\/\/ixchiq.ca\/fr\/monplan\/#breadcrumb"},"inLanguage":"fr-FR","potentialAction":[{"@type":"ReadAction","target":["https:\/\/ixchiq.ca\/fr\/monplan\/"]}]},{"@type":"ImageObject","inLanguage":"fr-FR","@id":"https:\/\/ixchiq.ca\/fr\/monplan\/#primaryimage","url":"https:\/\/ixchiq.ca\/wp-content\/uploads\/2024\/10\/ixchiq_dtc_syringe_icon-1.png","contentUrl":"https:\/\/ixchiq.ca\/wp-content\/uploads\/2024\/10\/ixchiq_dtc_syringe_icon-1.png"},{"@type":"BreadcrumbList","@id":"https:\/\/ixchiq.ca\/fr\/monplan\/#breadcrumb","itemListElement":[{"@type":"ListItem","position":1,"name":"Home","item":"https:\/\/ixchiq.ca\/fr\/"},{"@type":"ListItem","position":2,"name":"Mon plan d\u2019action"}]},{"@type":"WebSite","@id":"https:\/\/ixchiq.ca\/fr\/#website","url":"https:\/\/ixchiq.ca\/fr\/","name":"Ixchiq","description":"","publisher":{"@id":"https:\/\/ixchiq.ca\/fr\/#organization"},"potentialAction":[{"@type":"SearchAction","target":{"@type":"EntryPoint","urlTemplate":"https:\/\/ixchiq.ca\/fr\/?s={search_term_string}"},"query-input":{"@type":"PropertyValueSpecification","valueRequired":true,"valueName":"search_term_string"}}],"inLanguage":"fr-FR"},{"@type":"Organization","@id":"https:\/\/ixchiq.ca\/fr\/#organization","name":"Ixchiq","url":"https:\/\/ixchiq.ca\/fr\/","logo":{"@type":"ImageObject","inLanguage":"fr-FR","@id":"https:\/\/ixchiq.ca\/fr\/#\/schema\/logo\/image\/","url":"https:\/\/ixchiq.ca\/wp-content\/uploads\/2024\/12\/fav.png","contentUrl":"https:\/\/ixchiq.ca\/wp-content\/uploads\/2024\/12\/fav.png","width":153,"height":121,"caption":"Ixchiq"},"image":{"@id":"https:\/\/ixchiq.ca\/fr\/#\/schema\/logo\/image\/"}}]}},"_links":{"self":[{"href":"https:\/\/ixchiq.ca\/fr\/wp-json\/wp\/v2\/pages\/1576","targetHints":{"allow":["GET"]}}],"collection":[{"href":"https:\/\/ixchiq.ca\/fr\/wp-json\/wp\/v2\/pages"}],"about":[{"href":"https:\/\/ixchiq.ca\/fr\/wp-json\/wp\/v2\/types\/page"}],"author":[{"embeddable":true,"href":"https:\/\/ixchiq.ca\/fr\/wp-json\/wp\/v2\/users\/1"}],"replies":[{"embeddable":true,"href":"https:\/\/ixchiq.ca\/fr\/wp-json\/wp\/v2\/comments?post=1576"}],"version-history":[{"count":73,"href":"https:\/\/ixchiq.ca\/fr\/wp-json\/wp\/v2\/pages\/1576\/revisions"}],"predecessor-version":[{"id":2528,"href":"https:\/\/ixchiq.ca\/fr\/wp-json\/wp\/v2\/pages\/1576\/revisions\/2528"}],"wp:attachment":[{"href":"https:\/\/ixchiq.ca\/fr\/wp-json\/wp\/v2\/media?parent=1576"}],"curies":[{"name":"wp","href":"https:\/\/api.w.org\/{rel}","templated":true}]}}