{"id":1573,"date":"2024-10-11T07:54:51","date_gmt":"2024-10-11T07:54:51","guid":{"rendered":"https:\/\/ixchiq.ca\/at-risk-areas\/"},"modified":"2024-12-20T10:43:11","modified_gmt":"2024-12-20T10:43:11","slug":"regionsarisque","status":"publish","type":"page","link":"https:\/\/ixchiq.ca\/fr\/regionsarisque\/","title":{"rendered":"R\u00e9gions \u00e0 risque"},"content":{"rendered":"\t\t<div data-elementor-type=\"wp-page\" data-elementor-id=\"1573\" class=\"elementor elementor-1573 elementor-361\" data-elementor-post-type=\"page\">\n\t\t\t\t<div class=\"elementor-element elementor-element-b0bad48 e-flex e-con-boxed e-con e-parent\" data-id=\"b0bad48\" data-element_type=\"container\">\n\t\t\t\t\t<div class=\"e-con-inner\">\n\t\t<div class=\"elementor-element elementor-element-b956bd1 e-con-full e-flex e-con e-child\" data-id=\"b956bd1\" data-element_type=\"container\">\n\t\t<div class=\"elementor-element elementor-element-40365b5 e-con-full e-flex e-con e-child\" data-id=\"40365b5\" data-element_type=\"container\">\n\t\t\t\t<div class=\"elementor-element elementor-element-e9faeb5 elementor-widget elementor-widget-heading\" data-id=\"e9faeb5\" data-element_type=\"widget\" data-widget_type=\"heading.default\">\n\t\t\t\t<div class=\"elementor-widget-container\">\n\t\t\t\t\t<h1 class=\"elementor-heading-title elementor-size-default\">R\u00e9gions \u00e0 risque<\/h1>\t\t\t\t<\/div>\n\t\t\t\t<\/div>\n\t\t\t\t<div class=\"elementor-element elementor-element-2cc7ec4 elementor-widget elementor-widget-heading\" data-id=\"2cc7ec4\" data-element_type=\"widget\" data-widget_type=\"heading.default\">\n\t\t\t\t<div class=\"elementor-widget-container\">\n\t\t\t\t\t<h2 class=\"elementor-heading-title elementor-size-default\">Le chikungunya repr\u00e9sente une menace mondiale croissante \u00e0 la sant\u00e9 publique <\/h2>\t\t\t\t<\/div>\n\t\t\t\t<\/div>\n\t\t\t\t<\/div>\n\t\t<div class=\"elementor-element elementor-element-32ac018 e-con-full e-flex e-con e-child\" data-id=\"32ac018\" data-element_type=\"container\">\n\t\t<div class=\"elementor-element elementor-element-7ab7e01 e-con-full e-flex e-con e-child\" data-id=\"7ab7e01\" data-element_type=\"container\">\n\t\t\t\t<div class=\"elementor-element elementor-element-732f5f1 elementor-position-left elementor-vertical-align-middle elementor-vertical-align-top elementor-vertical-align-top elementor-widget elementor-widget-image-box\" data-id=\"732f5f1\" data-element_type=\"widget\" data-widget_type=\"image-box.default\">\n\t\t\t\t<div class=\"elementor-widget-container\">\n\t\t\t\t\t<div class=\"elementor-image-box-wrapper\"><figure class=\"elementor-image-box-img\"><img fetchpriority=\"high\" decoding=\"async\" width=\"362\" height=\"234\" src=\"https:\/\/ixchiq.ca\/wp-content\/uploads\/2024\/10\/Untitled-6.png\" class=\"attachment-full size-full wp-image-1448\" alt=\"\" srcset=\"https:\/\/ixchiq.ca\/wp-content\/uploads\/2024\/10\/Untitled-6.png 362w, https:\/\/ixchiq.ca\/wp-content\/uploads\/2024\/10\/Untitled-6-300x194.png 300w\" sizes=\"(max-width: 362px) 100vw, 362px\" \/><\/figure><div class=\"elementor-image-box-content\"><p class=\"elementor-image-box-description\">Le chikungunya repr\u00e9sente une menace mondiale \u00e0 la sant\u00e9. On estime que plus des trois quarts de la population mondiale habitent dans des r\u00e9gions \u00e0 risque.<\/p><\/div><\/div>\t\t\t\t<\/div>\n\t\t\t\t<\/div>\n\t\t\t\t<\/div>\n\t\t<div class=\"elementor-element elementor-element-2a37c86 e-con-full e-flex e-con e-child\" data-id=\"2a37c86\" data-element_type=\"container\">\n\t\t\t\t<div class=\"elementor-element elementor-element-1225e81 elementor-position-left elementor-vertical-align-top elementor-widget elementor-widget-image-box\" data-id=\"1225e81\" data-element_type=\"widget\" data-widget_type=\"image-box.default\">\n\t\t\t\t<div class=\"elementor-widget-container\">\n\t\t\t\t\t<div class=\"elementor-image-box-wrapper\"><figure class=\"elementor-image-box-img\"><img decoding=\"async\" width=\"234\" height=\"234\" src=\"https:\/\/ixchiq.ca\/wp-content\/uploads\/2024\/10\/ixchiq_dtc_mosquito_icon-1.png\" class=\"attachment-full size-full wp-image-969\" alt=\"\" srcset=\"https:\/\/ixchiq.ca\/wp-content\/uploads\/2024\/10\/ixchiq_dtc_mosquito_icon-1.png 234w, https:\/\/ixchiq.ca\/wp-content\/uploads\/2024\/10\/ixchiq_dtc_mosquito_icon-1-150x150.png 150w\" sizes=\"(max-width: 234px) 100vw, 234px\" \/><\/figure><div class=\"elementor-image-box-content\"><p class=\"elementor-image-box-description\">Les r\u00e9gions les plus \u00e0 risque pour les voyageurs sont les <b>Am\u00e9riques<\/b>, certaines r\u00e9gions d\u2019<b>Afrique <\/b> et l\u2019<b>Asie du Sud-Est<\/b>.<br><br>\n\n<ul class=\"para\" style=\"color:#ffffff\">\n<li>En 2024, la majorit\u00e9 des pays ayant signal\u00e9 le plus grand nombre de cas sont situ\u00e9s en Am\u00e9rique du Sud et en Am\u00e9rique Centrale. Ce sont notamment le Br\u00e9sil (317 563), le Paraguay (3034), l\u2019Argentine (632) et la Bolivie (346).\n<\/li>\n<\/ul>\n<\/p><\/div><\/div>\t\t\t\t<\/div>\n\t\t\t\t<\/div>\n\t\t\t\t<\/div>\n\t\t\t\t<\/div>\n\t\t<div class=\"elementor-element elementor-element-1fef1ce e-con-full e-flex e-con e-child\" data-id=\"1fef1ce\" data-element_type=\"container\">\n\t\t<div class=\"elementor-element elementor-element-f55a22c e-con-full e-flex e-con e-child\" data-id=\"f55a22c\" data-element_type=\"container\">\n\t\t\t\t<div class=\"elementor-element elementor-element-f072bb8 elementor-widget elementor-widget-heading\" data-id=\"f072bb8\" data-element_type=\"widget\" data-widget_type=\"heading.default\">\n\t\t\t\t<div class=\"elementor-widget-container\">\n\t\t\t\t\t<h2 class=\"elementor-heading-title elementor-size-default\">R\u00e9gions \u00e0 risque de chikungunya (au cours des 5 derni\u00e8res ann\u00e9es)<\/h2>\t\t\t\t<\/div>\n\t\t\t\t<\/div>\n\t\t\t\t<\/div>\n\t\t<div class=\"elementor-element elementor-element-6e8672f e-con-full e-flex e-con e-child\" data-id=\"6e8672f\" data-element_type=\"container\">\n\t\t<div class=\"elementor-element elementor-element-ffd68a7 e-con-full e-flex e-con e-child\" data-id=\"ffd68a7\" data-element_type=\"container\" data-settings=\"{&quot;background_background&quot;:&quot;classic&quot;}\">\n\t\t\t\t<div class=\"elementor-element elementor-element-4fe9f37 elementor-position-left elementor-vertical-align-middle elementor-widget elementor-widget-image-box\" data-id=\"4fe9f37\" data-element_type=\"widget\" data-widget_type=\"image-box.default\">\n\t\t\t\t<div class=\"elementor-widget-container\">\n\t\t\t\t\t<div class=\"elementor-image-box-wrapper\"><figure class=\"elementor-image-box-img\"><img decoding=\"async\" width=\"102\" height=\"102\" src=\"https:\/\/ixchiq.ca\/wp-content\/uploads\/2024\/10\/ixchiq_dtc_maple_leaf_icon.png\" class=\"attachment-full size-full wp-image-703\" alt=\"ixchiq_dtc_maple_leaf_icon\" \/><\/figure><div class=\"elementor-image-box-content\"><p class=\"elementor-image-box-description\">Une augmentation des cas d\u2019infections au virus du chikungunya au Canada est associ\u00e9e \u00e0 l\u2019arriv\u00e9e du virus dans les Cara\u00efbes et \u00e0 son expansion dans les Am\u00e9riques.<\/p><\/div><\/div>\t\t\t\t<\/div>\n\t\t\t\t<\/div>\n\t\t\t\t<\/div>\n\t\t\t\t<\/div>\n\t\t\t\t<\/div>\n\t\t<div class=\"elementor-element elementor-element-bea8065 e-con-full e-flex e-con e-child\" data-id=\"bea8065\" data-element_type=\"container\">\n\t\t<div class=\"elementor-element elementor-element-47023a3 e-con-full e-flex e-con e-child\" data-id=\"47023a3\" data-element_type=\"container\">\n\t\t\t\t<div class=\"elementor-element elementor-element-0deb16a elementor-widget elementor-widget-image\" data-id=\"0deb16a\" data-element_type=\"widget\" data-widget_type=\"image.default\">\n\t\t\t\t<div class=\"elementor-widget-container\">\n\t\t\t\t\t\t\t\t\t\t\t\t\t\t\t<img loading=\"lazy\" decoding=\"async\" width=\"2000\" height=\"1038\" src=\"https:\/\/ixchiq.ca\/wp-content\/uploads\/2024\/11\/map-fr.png\" class=\"attachment-full size-full wp-image-1754\" alt=\"\" srcset=\"https:\/\/ixchiq.ca\/wp-content\/uploads\/2024\/11\/map-fr.png 2000w, https:\/\/ixchiq.ca\/wp-content\/uploads\/2024\/11\/map-fr-300x156.png 300w, https:\/\/ixchiq.ca\/wp-content\/uploads\/2024\/11\/map-fr-1024x531.png 1024w, https:\/\/ixchiq.ca\/wp-content\/uploads\/2024\/11\/map-fr-768x399.png 768w, https:\/\/ixchiq.ca\/wp-content\/uploads\/2024\/11\/map-fr-1536x797.png 1536w\" sizes=\"(max-width: 2000px) 100vw, 2000px\" \/>\t\t\t\t\t\t\t\t\t\t\t\t\t\t\t<\/div>\n\t\t\t\t<\/div>\n\t\t\t\t<div class=\"elementor-element elementor-element-933b36d elementor-position-left d_flex elementor-vertical-align-top elementor-widget elementor-widget-image-box\" data-id=\"933b36d\" data-element_type=\"widget\" data-widget_type=\"image-box.default\">\n\t\t\t\t<div class=\"elementor-widget-container\">\n\t\t\t\t\t<div class=\"elementor-image-box-wrapper\"><figure class=\"elementor-image-box-img\"><img loading=\"lazy\" decoding=\"async\" width=\"39\" height=\"39\" src=\"https:\/\/ixchiq.ca\/wp-content\/uploads\/2024\/10\/Rectangle-12.png\" class=\"attachment-full size-full wp-image-1381\" alt=\"\" \/><\/figure><div class=\"elementor-image-box-content\"><p class=\"elementor-image-box-description\">\u00c9closion actuelle <br> de chikungunya<br><b>Maldives<\/b> (en date<br>du 28 mai 2024)<\/p><\/div><\/div>\t\t\t\t<\/div>\n\t\t\t\t<\/div>\n\t\t\t\t<div class=\"elementor-element elementor-element-24d6aa7 elementor-position-left d_flex elementor-vertical-align-top elementor-widget elementor-widget-image-box\" data-id=\"24d6aa7\" data-element_type=\"widget\" data-widget_type=\"image-box.default\">\n\t\t\t\t<div class=\"elementor-widget-container\">\n\t\t\t\t\t<div class=\"elementor-image-box-wrapper\"><figure class=\"elementor-image-box-img\"><img loading=\"lazy\" decoding=\"async\" width=\"39\" height=\"39\" src=\"https:\/\/ixchiq.ca\/wp-content\/uploads\/2024\/10\/Rectangle-11.png\" class=\"attachment-full size-full wp-image-1383\" alt=\"\" \/><\/figure><div class=\"elementor-image-box-content\"><p class=\"elementor-image-box-description\">Transmission manifeste <br> au cours des <br> 5 derni\u00e8res ann\u00e9es<\/p><\/div><\/div>\t\t\t\t<\/div>\n\t\t\t\t<\/div>\n\t\t\t\t<div class=\"elementor-element elementor-element-0a9b2ee e-transform elementor-widget elementor-widget-image\" data-id=\"0a9b2ee\" data-element_type=\"widget\" data-settings=\"{&quot;_transform_rotateZ_effect&quot;:{&quot;unit&quot;:&quot;px&quot;,&quot;size&quot;:5,&quot;sizes&quot;:[]},&quot;_transform_rotateZ_effect_laptop&quot;:{&quot;unit&quot;:&quot;deg&quot;,&quot;size&quot;:&quot;&quot;,&quot;sizes&quot;:[]},&quot;_transform_rotateZ_effect_tablet&quot;:{&quot;unit&quot;:&quot;deg&quot;,&quot;size&quot;:&quot;&quot;,&quot;sizes&quot;:[]},&quot;_transform_rotateZ_effect_mobile&quot;:{&quot;unit&quot;:&quot;deg&quot;,&quot;size&quot;:&quot;&quot;,&quot;sizes&quot;:[]}}\" data-widget_type=\"image.default\">\n\t\t\t\t<div class=\"elementor-widget-container\">\n\t\t\t\t\t\t\t\t\t\t\t\t\t\t\t<img loading=\"lazy\" decoding=\"async\" width=\"1000\" height=\"875\" src=\"https:\/\/ixchiq.ca\/wp-content\/uploads\/2024\/11\/Untitled-5.jpg\" class=\"attachment-full size-full wp-image-1764\" alt=\"\" srcset=\"https:\/\/ixchiq.ca\/wp-content\/uploads\/2024\/11\/Untitled-5.jpg 1000w, https:\/\/ixchiq.ca\/wp-content\/uploads\/2024\/11\/Untitled-5-300x263.jpg 300w, https:\/\/ixchiq.ca\/wp-content\/uploads\/2024\/11\/Untitled-5-768x672.jpg 768w\" sizes=\"(max-width: 1000px) 100vw, 1000px\" \/>\t\t\t\t\t\t\t\t\t\t\t\t\t\t\t<\/div>\n\t\t\t\t<\/div>\n\t\t\t\t<\/div>\n\t\t\t\t<\/div>\n\t\t\t\t<\/div>\n\t\t<div class=\"elementor-element elementor-element-d2c8a75 e-con-full e-flex e-con e-child\" data-id=\"d2c8a75\" data-element_type=\"container\">\n\t\t\t\t<div class=\"elementor-element elementor-element-594a13c elementor-align-center elementor-widget elementor-widget-button\" data-id=\"594a13c\" data-element_type=\"widget\" data-widget_type=\"button.default\">\n\t\t\t\t<div class=\"elementor-widget-container\">\n\t\t\t\t\t\t\t\t\t<div class=\"elementor-button-wrapper\">\n\t\t\t\t\t<a class=\"elementor-button elementor-button-link elementor-size-sm\" href=\"https:\/\/ixchiq.ca\/fr\/monplan\/\" id=\"btn_2\">\n\t\t\t\t\t\t<span class=\"elementor-button-content-wrapper\">\n\t\t\t\t\t\t<span class=\"elementor-button-icon\">\n\t\t\t\t<i aria-hidden=\"true\" class=\"fas fa-arrow-right\"><\/i>\t\t\t<\/span>\n\t\t\t\t\t\t\t\t\t<span class=\"elementor-button-text\">MON PLAN D\u2019ACTION <\/span>\n\t\t\t\t\t<\/span>\n\t\t\t\t\t<\/a>\n\t\t\t\t<\/div>\n\t\t\t\t\t\t\t\t<\/div>\n\t\t\t\t<\/div>\n\t\t\t\t<\/div>\n\t\t\t\t\t<\/div>\n\t\t\t\t<\/div>\n\t\t\t\t<\/div>\n\t\t","protected":false},"excerpt":{"rendered":"<p>R\u00e9gions \u00e0 risque Le chikungunya repr\u00e9sente une menace mondiale croissante \u00e0 la sant\u00e9 publique Le chikungunya repr\u00e9sente une menace mondiale \u00e0 la sant\u00e9. On estime que plus des trois quarts de la population mondiale habitent dans des r\u00e9gions \u00e0 risque. Les r\u00e9gions les plus \u00e0 risque pour les voyageurs sont les Am\u00e9riques, certaines r\u00e9gions d\u2019Afrique [&hellip;]<\/p>\n","protected":false},"author":1,"featured_media":0,"parent":0,"menu_order":0,"comment_status":"closed","ping_status":"closed","template":"elementor_header_footer","meta":{"footnotes":""},"class_list":["post-1573","page","type-page","status-publish","hentry"],"yoast_head":"<!-- This site is optimized with the Yoast SEO plugin v26.8 - https:\/\/yoast.com\/product\/yoast-seo-wordpress\/ -->\n<title>R\u00e9gions \u00e0 risque - Ixchiq<\/title>\n<meta name=\"robots\" content=\"index, follow, max-snippet:-1, max-image-preview:large, max-video-preview:-1\" \/>\n<link rel=\"canonical\" href=\"https:\/\/ixchiq.ca\/fr\/regionsarisque\/\" \/>\n<meta property=\"og:locale\" content=\"fr_FR\" \/>\n<meta property=\"og:type\" content=\"article\" \/>\n<meta property=\"og:title\" content=\"R\u00e9gions \u00e0 risque - Ixchiq\" \/>\n<meta property=\"og:description\" content=\"R\u00e9gions \u00e0 risque Le chikungunya repr\u00e9sente une menace mondiale croissante \u00e0 la sant\u00e9 publique Le chikungunya repr\u00e9sente une menace mondiale \u00e0 la sant\u00e9. On estime que plus des trois quarts de la population mondiale habitent dans des r\u00e9gions \u00e0 risque. Les r\u00e9gions les plus \u00e0 risque pour les voyageurs sont les Am\u00e9riques, certaines r\u00e9gions d\u2019Afrique [&hellip;]\" \/>\n<meta property=\"og:url\" content=\"https:\/\/ixchiq.ca\/fr\/regionsarisque\/\" \/>\n<meta property=\"og:site_name\" content=\"Ixchiq\" \/>\n<meta property=\"article:modified_time\" content=\"2024-12-20T10:43:11+00:00\" \/>\n<meta property=\"og:image\" content=\"https:\/\/ixchiq.ca\/wp-content\/uploads\/2024\/10\/Untitled-6.png\" \/>\n\t<meta property=\"og:image:width\" content=\"362\" \/>\n\t<meta property=\"og:image:height\" content=\"234\" \/>\n\t<meta property=\"og:image:type\" content=\"image\/png\" \/>\n<meta name=\"twitter:card\" content=\"summary_large_image\" \/>\n<meta name=\"twitter:label1\" content=\"Dur\u00e9e de lecture estim\u00e9e\" \/>\n\t<meta name=\"twitter:data1\" content=\"3 minutes\" \/>\n<script type=\"application\/ld+json\" class=\"yoast-schema-graph\">{\"@context\":\"https:\/\/schema.org\",\"@graph\":[{\"@type\":\"WebPage\",\"@id\":\"https:\/\/ixchiq.ca\/fr\/regionsarisque\/\",\"url\":\"https:\/\/ixchiq.ca\/fr\/regionsarisque\/\",\"name\":\"R\u00e9gions \u00e0 risque - Ixchiq\",\"isPartOf\":{\"@id\":\"https:\/\/ixchiq.ca\/fr\/#website\"},\"primaryImageOfPage\":{\"@id\":\"https:\/\/ixchiq.ca\/fr\/regionsarisque\/#primaryimage\"},\"image\":{\"@id\":\"https:\/\/ixchiq.ca\/fr\/regionsarisque\/#primaryimage\"},\"thumbnailUrl\":\"https:\/\/ixchiq.ca\/wp-content\/uploads\/2024\/10\/Untitled-6.png\",\"datePublished\":\"2024-10-11T07:54:51+00:00\",\"dateModified\":\"2024-12-20T10:43:11+00:00\",\"breadcrumb\":{\"@id\":\"https:\/\/ixchiq.ca\/fr\/regionsarisque\/#breadcrumb\"},\"inLanguage\":\"fr-FR\",\"potentialAction\":[{\"@type\":\"ReadAction\",\"target\":[\"https:\/\/ixchiq.ca\/fr\/regionsarisque\/\"]}]},{\"@type\":\"ImageObject\",\"inLanguage\":\"fr-FR\",\"@id\":\"https:\/\/ixchiq.ca\/fr\/regionsarisque\/#primaryimage\",\"url\":\"https:\/\/ixchiq.ca\/wp-content\/uploads\/2024\/10\/Untitled-6.png\",\"contentUrl\":\"https:\/\/ixchiq.ca\/wp-content\/uploads\/2024\/10\/Untitled-6.png\"},{\"@type\":\"BreadcrumbList\",\"@id\":\"https:\/\/ixchiq.ca\/fr\/regionsarisque\/#breadcrumb\",\"itemListElement\":[{\"@type\":\"ListItem\",\"position\":1,\"name\":\"Home\",\"item\":\"https:\/\/ixchiq.ca\/fr\/\"},{\"@type\":\"ListItem\",\"position\":2,\"name\":\"R\u00e9gions \u00e0 risque\"}]},{\"@type\":\"WebSite\",\"@id\":\"https:\/\/ixchiq.ca\/fr\/#website\",\"url\":\"https:\/\/ixchiq.ca\/fr\/\",\"name\":\"Ixchiq\",\"description\":\"\",\"publisher\":{\"@id\":\"https:\/\/ixchiq.ca\/fr\/#organization\"},\"potentialAction\":[{\"@type\":\"SearchAction\",\"target\":{\"@type\":\"EntryPoint\",\"urlTemplate\":\"https:\/\/ixchiq.ca\/fr\/?s={search_term_string}\"},\"query-input\":{\"@type\":\"PropertyValueSpecification\",\"valueRequired\":true,\"valueName\":\"search_term_string\"}}],\"inLanguage\":\"fr-FR\"},{\"@type\":\"Organization\",\"@id\":\"https:\/\/ixchiq.ca\/fr\/#organization\",\"name\":\"Ixchiq\",\"url\":\"https:\/\/ixchiq.ca\/fr\/\",\"logo\":{\"@type\":\"ImageObject\",\"inLanguage\":\"fr-FR\",\"@id\":\"https:\/\/ixchiq.ca\/fr\/#\/schema\/logo\/image\/\",\"url\":\"https:\/\/ixchiq.ca\/wp-content\/uploads\/2024\/12\/fav.png\",\"contentUrl\":\"https:\/\/ixchiq.ca\/wp-content\/uploads\/2024\/12\/fav.png\",\"width\":153,\"height\":121,\"caption\":\"Ixchiq\"},\"image\":{\"@id\":\"https:\/\/ixchiq.ca\/fr\/#\/schema\/logo\/image\/\"}}]}<\/script>\n<!-- \/ Yoast SEO plugin. -->","yoast_head_json":{"title":"R\u00e9gions \u00e0 risque - Ixchiq","robots":{"index":"index","follow":"follow","max-snippet":"max-snippet:-1","max-image-preview":"max-image-preview:large","max-video-preview":"max-video-preview:-1"},"canonical":"https:\/\/ixchiq.ca\/fr\/regionsarisque\/","og_locale":"fr_FR","og_type":"article","og_title":"R\u00e9gions \u00e0 risque - Ixchiq","og_description":"R\u00e9gions \u00e0 risque Le chikungunya repr\u00e9sente une menace mondiale croissante \u00e0 la sant\u00e9 publique Le chikungunya repr\u00e9sente une menace mondiale \u00e0 la sant\u00e9. On estime que plus des trois quarts de la population mondiale habitent dans des r\u00e9gions \u00e0 risque. Les r\u00e9gions les plus \u00e0 risque pour les voyageurs sont les Am\u00e9riques, certaines r\u00e9gions d\u2019Afrique [&hellip;]","og_url":"https:\/\/ixchiq.ca\/fr\/regionsarisque\/","og_site_name":"Ixchiq","article_modified_time":"2024-12-20T10:43:11+00:00","og_image":[{"width":362,"height":234,"url":"https:\/\/ixchiq.ca\/wp-content\/uploads\/2024\/10\/Untitled-6.png","type":"image\/png"}],"twitter_card":"summary_large_image","twitter_misc":{"Dur\u00e9e de lecture estim\u00e9e":"3 minutes"},"schema":{"@context":"https:\/\/schema.org","@graph":[{"@type":"WebPage","@id":"https:\/\/ixchiq.ca\/fr\/regionsarisque\/","url":"https:\/\/ixchiq.ca\/fr\/regionsarisque\/","name":"R\u00e9gions \u00e0 risque - Ixchiq","isPartOf":{"@id":"https:\/\/ixchiq.ca\/fr\/#website"},"primaryImageOfPage":{"@id":"https:\/\/ixchiq.ca\/fr\/regionsarisque\/#primaryimage"},"image":{"@id":"https:\/\/ixchiq.ca\/fr\/regionsarisque\/#primaryimage"},"thumbnailUrl":"https:\/\/ixchiq.ca\/wp-content\/uploads\/2024\/10\/Untitled-6.png","datePublished":"2024-10-11T07:54:51+00:00","dateModified":"2024-12-20T10:43:11+00:00","breadcrumb":{"@id":"https:\/\/ixchiq.ca\/fr\/regionsarisque\/#breadcrumb"},"inLanguage":"fr-FR","potentialAction":[{"@type":"ReadAction","target":["https:\/\/ixchiq.ca\/fr\/regionsarisque\/"]}]},{"@type":"ImageObject","inLanguage":"fr-FR","@id":"https:\/\/ixchiq.ca\/fr\/regionsarisque\/#primaryimage","url":"https:\/\/ixchiq.ca\/wp-content\/uploads\/2024\/10\/Untitled-6.png","contentUrl":"https:\/\/ixchiq.ca\/wp-content\/uploads\/2024\/10\/Untitled-6.png"},{"@type":"BreadcrumbList","@id":"https:\/\/ixchiq.ca\/fr\/regionsarisque\/#breadcrumb","itemListElement":[{"@type":"ListItem","position":1,"name":"Home","item":"https:\/\/ixchiq.ca\/fr\/"},{"@type":"ListItem","position":2,"name":"R\u00e9gions \u00e0 risque"}]},{"@type":"WebSite","@id":"https:\/\/ixchiq.ca\/fr\/#website","url":"https:\/\/ixchiq.ca\/fr\/","name":"Ixchiq","description":"","publisher":{"@id":"https:\/\/ixchiq.ca\/fr\/#organization"},"potentialAction":[{"@type":"SearchAction","target":{"@type":"EntryPoint","urlTemplate":"https:\/\/ixchiq.ca\/fr\/?s={search_term_string}"},"query-input":{"@type":"PropertyValueSpecification","valueRequired":true,"valueName":"search_term_string"}}],"inLanguage":"fr-FR"},{"@type":"Organization","@id":"https:\/\/ixchiq.ca\/fr\/#organization","name":"Ixchiq","url":"https:\/\/ixchiq.ca\/fr\/","logo":{"@type":"ImageObject","inLanguage":"fr-FR","@id":"https:\/\/ixchiq.ca\/fr\/#\/schema\/logo\/image\/","url":"https:\/\/ixchiq.ca\/wp-content\/uploads\/2024\/12\/fav.png","contentUrl":"https:\/\/ixchiq.ca\/wp-content\/uploads\/2024\/12\/fav.png","width":153,"height":121,"caption":"Ixchiq"},"image":{"@id":"https:\/\/ixchiq.ca\/fr\/#\/schema\/logo\/image\/"}}]}},"_links":{"self":[{"href":"https:\/\/ixchiq.ca\/fr\/wp-json\/wp\/v2\/pages\/1573","targetHints":{"allow":["GET"]}}],"collection":[{"href":"https:\/\/ixchiq.ca\/fr\/wp-json\/wp\/v2\/pages"}],"about":[{"href":"https:\/\/ixchiq.ca\/fr\/wp-json\/wp\/v2\/types\/page"}],"author":[{"embeddable":true,"href":"https:\/\/ixchiq.ca\/fr\/wp-json\/wp\/v2\/users\/1"}],"replies":[{"embeddable":true,"href":"https:\/\/ixchiq.ca\/fr\/wp-json\/wp\/v2\/comments?post=1573"}],"version-history":[{"count":25,"href":"https:\/\/ixchiq.ca\/fr\/wp-json\/wp\/v2\/pages\/1573\/revisions"}],"predecessor-version":[{"id":2525,"href":"https:\/\/ixchiq.ca\/fr\/wp-json\/wp\/v2\/pages\/1573\/revisions\/2525"}],"wp:attachment":[{"href":"https:\/\/ixchiq.ca\/fr\/wp-json\/wp\/v2\/media?parent=1573"}],"curies":[{"name":"wp","href":"https:\/\/api.w.org\/{rel}","templated":true}]}}